{"id":54,"date":"2022-11-02T16:33:17","date_gmt":"2022-11-02T15:33:17","guid":{"rendered":"https:\/\/ikasougou.com\/tvsmotor\/?post_type=product&#038;p=54"},"modified":"2025-07-28T13:40:18","modified_gmt":"2025-07-28T11:40:18","slug":"tvs-apache-200","status":"publish","type":"product","link":"https:\/\/ikasougou.com\/tvsmotors\/produit\/tvs-apache-200\/","title":{"rendered":"TVS APACHE 160"},"content":{"rendered":"<div class=\"paragraph normal ng-star-inserted\" data-start-index=\"0\"><span class=\"ng-star-inserted\" data-start-index=\"0\">La TVS Apache RTR 160 est une moto performante qui a fait ses preuves sur les circuits de course.<\/span><span class=\"ng-star-inserted\" data-start-index=\"97\">Cette moto est con\u00e7ue pour offrir une exp\u00e9rience de conduite intense et exaltante<\/span><\/div>\n<div class=\"paragraph normal ng-star-inserted\" data-start-index=\"180\"><span class=\"bold ng-star-inserted\" data-start-index=\"180\">Voici quelques-unes des caract\u00e9ristiques cl\u00e9s de la TVS Apache RTR 160\u00a0:<\/span><\/div>\n<div class=\"bullet normal ng-star-inserted\"><\/div>\n<div class=\"paragraph normal ng-star-inserted\" data-start-index=\"252\"><span class=\"bold ng-star-inserted\" data-start-index=\"252\">Moteur RTR Oversquare\u00a0:<\/span><span class=\"ng-star-inserted\" data-start-index=\"275\"> Ce moteur a \u00e9t\u00e9 optimis\u00e9 pour offrir des performances ultimes dans toutes les conditions de course.<\/span><\/div>\n<div data-start-index=\"252\"><img data-recalc-dims=\"1\" loading=\"lazy\" decoding=\"async\" class=\"alignnone size-medium wp-image-364\" src=\"https:\/\/i0.wp.com\/ikasougou.com\/tvsmotors\/wp-content\/uploads\/sites\/112\/2022\/11\/Moteur-RTR-Oversquare.jpg?resize=300%2C192&#038;ssl=1\" alt=\"\" width=\"300\" height=\"192\" srcset=\"https:\/\/i0.wp.com\/ikasougou.com\/tvsmotors\/wp-content\/uploads\/sites\/112\/2022\/11\/Moteur-RTR-Oversquare.jpg?resize=300%2C192&amp;ssl=1 300w, https:\/\/i0.wp.com\/ikasougou.com\/tvsmotors\/wp-content\/uploads\/sites\/112\/2022\/11\/Moteur-RTR-Oversquare.jpg?resize=768%2C492&amp;ssl=1 768w, https:\/\/i0.wp.com\/ikasougou.com\/tvsmotors\/wp-content\/uploads\/sites\/112\/2022\/11\/Moteur-RTR-Oversquare.jpg?w=924&amp;ssl=1 924w\" sizes=\"auto, (max-width: 300px) 100vw, 300px\" \/><\/div>\n<div class=\"bullet normal ng-star-inserted\"><\/div>\n<div class=\"paragraph normal ng-star-inserted\" data-start-index=\"375\"><span class=\"bold ng-star-inserted\" data-start-index=\"375\">Ch\u00e2ssis synchrone rigide\u00a0:<\/span><span class=\"ng-star-inserted\" data-start-index=\"401\"> Ce ch\u00e2ssis offre \u00e0 la fois rigidit\u00e9 pour des performances en ligne droite et flexibilit\u00e9 pour des virages agressifs.<\/span><\/div>\n<div data-start-index=\"375\"><img data-recalc-dims=\"1\" loading=\"lazy\" decoding=\"async\" class=\"alignnone size-medium wp-image-365\" src=\"https:\/\/i0.wp.com\/ikasougou.com\/tvsmotors\/wp-content\/uploads\/sites\/112\/2022\/11\/Chassis-Synchrone-Rigide.jpg?resize=300%2C192&#038;ssl=1\" alt=\"\" width=\"300\" height=\"192\" srcset=\"https:\/\/i0.wp.com\/ikasougou.com\/tvsmotors\/wp-content\/uploads\/sites\/112\/2022\/11\/Chassis-Synchrone-Rigide.jpg?resize=300%2C192&amp;ssl=1 300w, https:\/\/i0.wp.com\/ikasougou.com\/tvsmotors\/wp-content\/uploads\/sites\/112\/2022\/11\/Chassis-Synchrone-Rigide.jpg?resize=768%2C492&amp;ssl=1 768w, https:\/\/i0.wp.com\/ikasougou.com\/tvsmotors\/wp-content\/uploads\/sites\/112\/2022\/11\/Chassis-Synchrone-Rigide.jpg?w=924&amp;ssl=1 924w\" sizes=\"auto, (max-width: 300px) 100vw, 300px\" \/><\/div>\n<div class=\"bullet normal ng-star-inserted\"><\/div>\n<div class=\"paragraph normal ng-star-inserted\" data-start-index=\"518\"><span class=\"bold ng-star-inserted\" data-start-index=\"518\">Phares inspir\u00e9s des b\u00eates\u00a0:<\/span><span class=\"ng-star-inserted\" data-start-index=\"545\"> Les phares \u00e0 LED et les feux de position conf\u00e8rent \u00e0 la moto un look intense et animal.<\/span><\/div>\n<div data-start-index=\"518\"><img data-recalc-dims=\"1\" loading=\"lazy\" decoding=\"async\" class=\"alignnone size-medium wp-image-366\" src=\"https:\/\/i0.wp.com\/ikasougou.com\/tvsmotors\/wp-content\/uploads\/sites\/112\/2022\/11\/Phares-inspires-par-la-bete-.jpg?resize=300%2C192&#038;ssl=1\" alt=\"\" width=\"300\" height=\"192\" srcset=\"https:\/\/i0.wp.com\/ikasougou.com\/tvsmotors\/wp-content\/uploads\/sites\/112\/2022\/11\/Phares-inspires-par-la-bete-.jpg?resize=300%2C192&amp;ssl=1 300w, https:\/\/i0.wp.com\/ikasougou.com\/tvsmotors\/wp-content\/uploads\/sites\/112\/2022\/11\/Phares-inspires-par-la-bete-.jpg?resize=768%2C492&amp;ssl=1 768w, https:\/\/i0.wp.com\/ikasougou.com\/tvsmotors\/wp-content\/uploads\/sites\/112\/2022\/11\/Phares-inspires-par-la-bete-.jpg?w=924&amp;ssl=1 924w\" sizes=\"auto, (max-width: 300px) 100vw, 300px\" \/><\/div>\n<div class=\"bullet normal ng-star-inserted\"><\/div>\n<div class=\"paragraph normal ng-star-inserted\" data-start-index=\"633\"><span class=\"bold ng-star-inserted\" data-start-index=\"633\">Affichage num\u00e9rique inspir\u00e9 de la course\u00a0:<\/span><span class=\"ng-star-inserted\" data-start-index=\"675\"> Le tableau de bord est dot\u00e9 d&#8217;un compte \u00e0 rebours du compteur de vitesse et d&#8217;un affichage r\u00e9tro\u00e9clair\u00e9 blanc<\/span><\/div>\n<div data-start-index=\"633\"><img data-recalc-dims=\"1\" loading=\"lazy\" decoding=\"async\" class=\"alignnone size-medium wp-image-367\" src=\"https:\/\/i0.wp.com\/ikasougou.com\/tvsmotors\/wp-content\/uploads\/sites\/112\/2022\/11\/affichage-numerique-inspire-de-la-course.jpg?resize=300%2C192&#038;ssl=1\" alt=\"\" width=\"300\" height=\"192\" srcset=\"https:\/\/i0.wp.com\/ikasougou.com\/tvsmotors\/wp-content\/uploads\/sites\/112\/2022\/11\/affichage-numerique-inspire-de-la-course.jpg?resize=300%2C192&amp;ssl=1 300w, https:\/\/i0.wp.com\/ikasougou.com\/tvsmotors\/wp-content\/uploads\/sites\/112\/2022\/11\/affichage-numerique-inspire-de-la-course.jpg?resize=768%2C492&amp;ssl=1 768w, https:\/\/i0.wp.com\/ikasougou.com\/tvsmotors\/wp-content\/uploads\/sites\/112\/2022\/11\/affichage-numerique-inspire-de-la-course.jpg?w=924&amp;ssl=1 924w\" sizes=\"auto, (max-width: 300px) 100vw, 300px\" \/><\/div>\n<div class=\"bullet normal ng-star-inserted\"><\/div>\n<div class=\"paragraph normal ng-star-inserted\" data-start-index=\"786\"><span class=\"bold ng-star-inserted\" data-start-index=\"786\">Nouveaux graphismes de course\u00a0:<\/span><span class=\"ng-star-inserted\" data-start-index=\"817\"> Les graphismes de la moto sont inspir\u00e9s des succ\u00e8s de la RTR sur les circuits.<\/span><\/div>\n<div class=\"bullet normal ng-star-inserted\"><img data-recalc-dims=\"1\" loading=\"lazy\" decoding=\"async\" class=\"alignnone size-medium wp-image-369\" src=\"https:\/\/i0.wp.com\/ikasougou.com\/tvsmotors\/wp-content\/uploads\/sites\/112\/2022\/11\/Nouveaux-Graphisme-de-.jpg?resize=300%2C192&#038;ssl=1\" alt=\"\" width=\"300\" height=\"192\" srcset=\"https:\/\/i0.wp.com\/ikasougou.com\/tvsmotors\/wp-content\/uploads\/sites\/112\/2022\/11\/Nouveaux-Graphisme-de-.jpg?resize=300%2C192&amp;ssl=1 300w, https:\/\/i0.wp.com\/ikasougou.com\/tvsmotors\/wp-content\/uploads\/sites\/112\/2022\/11\/Nouveaux-Graphisme-de-.jpg?resize=768%2C492&amp;ssl=1 768w, https:\/\/i0.wp.com\/ikasougou.com\/tvsmotors\/wp-content\/uploads\/sites\/112\/2022\/11\/Nouveaux-Graphisme-de-.jpg?w=924&amp;ssl=1 924w\" sizes=\"auto, (max-width: 300px) 100vw, 300px\" \/> <img data-recalc-dims=\"1\" loading=\"lazy\" decoding=\"async\" class=\"alignnone size-medium wp-image-370\" src=\"https:\/\/i0.wp.com\/ikasougou.com\/tvsmotors\/wp-content\/uploads\/sites\/112\/2022\/11\/apache-160.png?resize=300%2C96&#038;ssl=1\" alt=\"\" width=\"300\" height=\"96\" srcset=\"https:\/\/i0.wp.com\/ikasougou.com\/tvsmotors\/wp-content\/uploads\/sites\/112\/2022\/11\/apache-160.png?resize=300%2C96&amp;ssl=1 300w, https:\/\/i0.wp.com\/ikasougou.com\/tvsmotors\/wp-content\/uploads\/sites\/112\/2022\/11\/apache-160.png?w=398&amp;ssl=1 398w\" sizes=\"auto, (max-width: 300px) 100vw, 300px\" \/><\/div>\n<div class=\"paragraph normal ng-star-inserted\" data-start-index=\"896\"><span class=\"bold ng-star-inserted\" data-start-index=\"896\">Suspension MIG\u00a0:<\/span><span class=\"ng-star-inserted\" data-start-index=\"912\"> L&#8217;amortisseur arri\u00e8re monotube invers\u00e9 rempli de gaz, r\u00e9glable en 5\u00a0\u00e9tapes, assure \u00e0 la fois l&#8217;agressivit\u00e9 dans les virages et l&#8217;agilit\u00e9.<\/span><\/div>\n<div data-start-index=\"896\"><img data-recalc-dims=\"1\" loading=\"lazy\" decoding=\"async\" class=\"alignnone size-medium wp-image-368\" src=\"https:\/\/i0.wp.com\/ikasougou.com\/tvsmotors\/wp-content\/uploads\/sites\/112\/2022\/11\/suspension-MIG.jpg?resize=300%2C192&#038;ssl=1\" alt=\"\" width=\"300\" height=\"192\" srcset=\"https:\/\/i0.wp.com\/ikasougou.com\/tvsmotors\/wp-content\/uploads\/sites\/112\/2022\/11\/suspension-MIG.jpg?resize=300%2C192&amp;ssl=1 300w, https:\/\/i0.wp.com\/ikasougou.com\/tvsmotors\/wp-content\/uploads\/sites\/112\/2022\/11\/suspension-MIG.jpg?resize=768%2C492&amp;ssl=1 768w, https:\/\/i0.wp.com\/ikasougou.com\/tvsmotors\/wp-content\/uploads\/sites\/112\/2022\/11\/suspension-MIG.jpg?w=924&amp;ssl=1 924w\" sizes=\"auto, (max-width: 300px) 100vw, 300px\" \/><\/div>\n<div class=\"paragraph normal ng-star-inserted\" data-start-index=\"1050\"><span class=\"bold ng-star-inserted\" data-start-index=\"1050\">La TVS Apache RTR 160 est disponible dans les couleurs suivantes\u00a0:<\/span><\/div>\n<div class=\"bullet normal ng-star-inserted\"><\/div>\n<div class=\"paragraph normal ng-star-inserted\" data-start-index=\"1116\"><span class=\"ng-star-inserted\" data-start-index=\"1116\">Blanc perle<\/span><\/div>\n<div class=\"bullet normal ng-star-inserted\"><img data-recalc-dims=\"1\" loading=\"lazy\" decoding=\"async\" class=\"alignnone size-medium wp-image-362\" src=\"https:\/\/i0.wp.com\/ikasougou.com\/tvsmotors\/wp-content\/uploads\/sites\/112\/2022\/11\/160-2v_white-non-mx.png?resize=300%2C234&#038;ssl=1\" alt=\"\" width=\"300\" height=\"234\" srcset=\"https:\/\/i0.wp.com\/ikasougou.com\/tvsmotors\/wp-content\/uploads\/sites\/112\/2022\/11\/160-2v_white-non-mx.png?resize=300%2C234&amp;ssl=1 300w, https:\/\/i0.wp.com\/ikasougou.com\/tvsmotors\/wp-content\/uploads\/sites\/112\/2022\/11\/160-2v_white-non-mx.png?w=736&amp;ssl=1 736w\" sizes=\"auto, (max-width: 300px) 100vw, 300px\" \/><\/div>\n<div class=\"paragraph normal ng-star-inserted\" data-start-index=\"1127\"><span class=\"ng-star-inserted\" data-start-index=\"1127\">Gris<\/span><\/div>\n<div class=\"bullet normal ng-star-inserted\"><img data-recalc-dims=\"1\" loading=\"lazy\" decoding=\"async\" class=\"alignnone size-medium wp-image-361\" src=\"https:\/\/i0.wp.com\/ikasougou.com\/tvsmotors\/wp-content\/uploads\/sites\/112\/2022\/11\/160-2v_T-Grey.png?resize=300%2C234&#038;ssl=1\" alt=\"\" width=\"300\" height=\"234\" srcset=\"https:\/\/i0.wp.com\/ikasougou.com\/tvsmotors\/wp-content\/uploads\/sites\/112\/2022\/11\/160-2v_T-Grey.png?resize=300%2C234&amp;ssl=1 300w, https:\/\/i0.wp.com\/ikasougou.com\/tvsmotors\/wp-content\/uploads\/sites\/112\/2022\/11\/160-2v_T-Grey.png?w=736&amp;ssl=1 736w\" sizes=\"auto, (max-width: 300px) 100vw, 300px\" \/><\/div>\n<div class=\"paragraph normal ng-star-inserted\" data-start-index=\"1131\"><span class=\"ng-star-inserted\" data-start-index=\"1131\">Noir<\/span><\/div>\n<div class=\"bullet normal ng-star-inserted\"><img data-recalc-dims=\"1\" loading=\"lazy\" decoding=\"async\" class=\"alignnone size-medium wp-image-360\" src=\"https:\/\/i0.wp.com\/ikasougou.com\/tvsmotors\/wp-content\/uploads\/sites\/112\/2022\/11\/160-2v_Gloss-Black.png?resize=300%2C234&#038;ssl=1\" alt=\"\" width=\"300\" height=\"234\" srcset=\"https:\/\/i0.wp.com\/ikasougou.com\/tvsmotors\/wp-content\/uploads\/sites\/112\/2022\/11\/160-2v_Gloss-Black.png?resize=300%2C234&amp;ssl=1 300w, https:\/\/i0.wp.com\/ikasougou.com\/tvsmotors\/wp-content\/uploads\/sites\/112\/2022\/11\/160-2v_Gloss-Black.png?w=736&amp;ssl=1 736w\" sizes=\"auto, (max-width: 300px) 100vw, 300px\" \/><\/div>\n<div class=\"paragraph normal ng-star-inserted\" data-start-index=\"1135\"><span class=\"ng-star-inserted\" data-start-index=\"1135\">Rouge course<\/span><\/div>\n<div data-start-index=\"1135\"><img data-recalc-dims=\"1\" loading=\"lazy\" decoding=\"async\" class=\"alignnone size-medium wp-image-363\" src=\"https:\/\/i0.wp.com\/ikasougou.com\/tvsmotors\/wp-content\/uploads\/sites\/112\/2022\/11\/160-2v-racing-red-img-non-mx.png?resize=300%2C234&#038;ssl=1\" alt=\"\" width=\"300\" height=\"234\" srcset=\"https:\/\/i0.wp.com\/ikasougou.com\/tvsmotors\/wp-content\/uploads\/sites\/112\/2022\/11\/160-2v-racing-red-img-non-mx.png?resize=300%2C234&amp;ssl=1 300w, https:\/\/i0.wp.com\/ikasougou.com\/tvsmotors\/wp-content\/uploads\/sites\/112\/2022\/11\/160-2v-racing-red-img-non-mx.png?w=736&amp;ssl=1 736w\" sizes=\"auto, (max-width: 300px) 100vw, 300px\" \/><\/div>\n<p><strong style=\"font-size: 14.4px;\">ROUE, PNEU ET FREIN<\/strong><\/p>\n<p>Taille de jante (Avant) 1.85&#215;17&#8243; Taille de jante (arri\u00e8re) 3.50&#215;17&#8243; Taille de pneu (avant) 90\/90-17&#8243; Tubeless Taille de pneu (arri\u00e8re) 130\/70-17&#8243; Tubeless Avant Disque (type de p\u00e9tale de 270 mm)<\/p>\n<p>Arri\u00e8re Disque (type de p\u00e9tale de 240 mm) Liquide de frein DOT 3 \/ DOT 4 ABS ABS bi-canal avec contr\u00f4le RLP<\/p>\n<p><strong>DIMENSIONS, POIDS ET CAPACIT\u00c9 DU R\u00c9SERVOIR DE CARBURANT<\/strong><\/p>\n<p>Hauteur 1105 mm Longueur 2050 mm Largeur 790 mm Empattement 1353 mm Garde au sol 180 mm Hauteur de selle 800 mm Poids de trottoir 148 kg \u2013 CARB 148.5 kg \u2013 EFI Poids sec 140 kg Plein 12 L R\u00e9serve 2.5 L<\/p>\n<div style=\"display:flex; gap:10px;justify-content:center\" class=\"wps-pgfw-pdf-generate-icon__wrapper-frontend\">\n\t\t<a  href=\"https:\/\/ikasougou.com\/tvsmotors\/wp-json\/wp\/v2\/product\/54?action=genpdf&amp;id=54\" class=\"pgfw-single-pdf-download-button\" ><img src=\"https:\/\/ikasougou.com\/tvsmotors\/wp-content\/plugins\/pdf-generator-for-wp\/admin\/src\/images\/PDF_Tray.svg\" title=\"G\u00e9n\u00e9rer un PDF\" style=\"width:auto; height:45px;\"><\/a>\n\t\t<\/div>","protected":false},"excerpt":{"rendered":"<p>La TVS Apache RTR 160 est une moto performante qui a fait ses preuves sur les circuits de course.Cette moto est con\u00e7ue pour offrir une exp\u00e9rience de conduite intense et exaltante Voici quelques-unes des caract\u00e9ristiques cl\u00e9s de la TVS Apache RTR 160\u00a0: Moteur RTR Oversquare\u00a0: Ce moteur a \u00e9t\u00e9 optimis\u00e9 pour offrir des performances ultimes [&#8230;]\n","protected":false},"featured_media":363,"comment_status":"open","ping_status":"closed","template":"","meta":[],"product_brand":[],"product_cat":[59,16],"product_tag":[22,27,21,23,19,20],"class_list":{"0":"post-54","1":"product","2":"type-product","3":"status-publish","4":"has-post-thumbnail","6":"product_cat-apche","7":"product_cat-motostvs","8":"product_tag-bamako","9":"product_tag-bestmototvs","10":"product_tag-indienne","11":"product_tag-mali","12":"product_tag-moto","13":"product_tag-tvs","15":"first","16":"instock","17":"shipping-taxable","18":"purchasable","19":"product-type-simple"},"ams_default_variation_id":0,"ams_product_points_reward":[],"ams_product_discount_percentage":0,"ams_price_to_display":1020000,"aioseo_notices":[],"ams_acf":[],"jetpack-related-posts":[],"jetpack_sharing_enabled":true,"_links":{"self":[{"href":"https:\/\/ikasougou.com\/tvsmotors\/wp-json\/wp\/v2\/product\/54","targetHints":{"allow":["GET"]}}],"collection":[{"href":"https:\/\/ikasougou.com\/tvsmotors\/wp-json\/wp\/v2\/product"}],"about":[{"href":"https:\/\/ikasougou.com\/tvsmotors\/wp-json\/wp\/v2\/types\/product"}],"replies":[{"embeddable":true,"href":"https:\/\/ikasougou.com\/tvsmotors\/wp-json\/wp\/v2\/comments?post=54"}],"wp:featuredmedia":[{"embeddable":true,"href":"https:\/\/ikasougou.com\/tvsmotors\/wp-json\/wp\/v2\/media\/363"}],"wp:attachment":[{"href":"https:\/\/ikasougou.com\/tvsmotors\/wp-json\/wp\/v2\/media?parent=54"}],"wp:term":[{"taxonomy":"product_brand","embeddable":true,"href":"https:\/\/ikasougou.com\/tvsmotors\/wp-json\/wp\/v2\/product_brand?post=54"},{"taxonomy":"product_cat","embeddable":true,"href":"https:\/\/ikasougou.com\/tvsmotors\/wp-json\/wp\/v2\/product_cat?post=54"},{"taxonomy":"product_tag","embeddable":true,"href":"https:\/\/ikasougou.com\/tvsmotors\/wp-json\/wp\/v2\/product_tag?post=54"}],"curies":[{"name":"wp","href":"https:\/\/api.w.org\/{rel}","templated":true}]}}