{"id":59,"date":"2022-11-02T16:38:16","date_gmt":"2022-11-02T15:38:16","guid":{"rendered":"https:\/\/ikasougou.com\/tvsmotor\/?post_type=product&#038;p=59"},"modified":"2024-12-17T17:52:23","modified_gmt":"2024-12-17T16:52:23","slug":"neo-nx-110","status":"publish","type":"product","link":"https:\/\/ikasougou.com\/tvsmotors\/produit\/neo-nx-110\/","title":{"rendered":"NEO NX 110"},"content":{"rendered":"<p><strong>MOTEUR ET TRANSMISSION<\/strong><\/p>\n<p>Type cylindre 4 temps uniques Refroidissement par air Al\u00e9sage x Temps 53.5&#215;48.8mm Cylindr\u00e9e<\/p>\n<p>109.6 cc Taux de compression 9.3:1 Syst\u00e8me de d\u00e9marrage D\u00e9marrage \u00e9lectrique \/ Kick Start Puissance maximum (en KW) 8.5 bhp@7500tpm Couple Maximum (en Nm) 8.5 Nm@5500tpm<\/p>\n<p><strong>DIMENSIONS<\/strong><\/p>\n<p>Longueur totale 1940mm Largeur hors tout (guidon) 662mm Hauteur hors tout (avec miroir) 1360mm Hauteur de selle 780mm Distance avec le sol 140mm Viscosit\u00e9 de l\u2019huile 18<\/p>\n<p>Volant 1245mm Masse s\u00e8che 96kg Charge utile 130kg<\/p>\n<p><strong>TRANSMISSION<\/strong><\/p>\n<p>Embrayage Embrayage centrifuge \u2013 auto Transmission Pise constante \u2013 Boite de vitesses \u00e0 4 temps<\/p>\n<p><strong>ELECTRIQUE<\/strong><\/p>\n<p>Syst\u00e8me de d\u00e9marrage CDI \u00e9lectronique avec courbe jumelle Type de batterie 12v 4Ah<\/p>\n<p>G\u00e9n\u00e9rateur Magn\u00e9to CA 90W Feux avant 35\/35W (Lampe Halog\u00e8ne) Tail frein lampe 12v 18w\/5w Clignotant feu avant 12v 16w 2nos<\/p>\n<p><strong>FREIN AVANT ET ARRIERE<\/strong><\/p>\n<p>Basique Tambour avt:110mm Tambour arr.:110mm dia Plus Disque avant :220mm Tambour arri\u00e8re:110mm dia<\/p>\n<p><strong>PNEU<\/strong><\/p>\n<p>Avant 2.5&#215;17 pouces Arri\u00e8re 2.75&#215;17 pouces<\/p>\n<p><strong>SUSPENSION<\/strong><\/p>\n<p>Avant Amortisseurs T\u00e9lescopiques Arri\u00e8re Bras oscillant avec amortisseurs jumeaux<\/p>\n<p><strong>CAPACITES<\/strong><\/p>\n<p>R\u00e9servoir \u00e0 essence 4 litres Huile moteur 1000ml R\u00e9vision 1200ml Fourchette avant huile 55+-2 ml<\/p>\n<p>&nbsp;<\/p>\n<div style=\"display:flex; gap:10px;justify-content:center\" class=\"wps-pgfw-pdf-generate-icon__wrapper-frontend\">\n\t\t<a  href=\"https:\/\/ikasougou.com\/tvsmotors\/wp-json\/wp\/v2\/product\/59?action=genpdf&amp;id=59\" class=\"pgfw-single-pdf-download-button\" ><img src=\"https:\/\/ikasougou.com\/tvsmotors\/wp-content\/plugins\/pdf-generator-for-wp\/admin\/src\/images\/PDF_Tray.svg\" title=\"G\u00e9n\u00e9rer un PDF\" style=\"width:auto; height:45px;\"><\/a>\n\t\t<\/div>","protected":false},"excerpt":{"rendered":"<p>MOTEUR ET TRANSMISSION Type cylindre 4 temps uniques Refroidissement par air Al\u00e9sage x Temps 53.5&#215;48.8mm Cylindr\u00e9e 109.6 cc Taux de compression 9.3:1 Syst\u00e8me de d\u00e9marrage D\u00e9marrage \u00e9lectrique \/ Kick Start Puissance maximum (en KW) 8.5 bhp@7500tpm Couple Maximum (en Nm) 8.5 Nm@5500tpm DIMENSIONS Longueur totale 1940mm Largeur hors tout (guidon) 662mm Hauteur hors tout (avec [&#8230;]\n","protected":false},"featured_media":481,"comment_status":"open","ping_status":"closed","template":"","meta":[],"product_brand":[],"product_cat":[16],"product_tag":[22,24,27,21,23,19,20],"class_list":{"0":"post-59","1":"product","2":"type-product","3":"status-publish","4":"has-post-thumbnail","6":"product_cat-motostvs","7":"product_tag-bamako","8":"product_tag-bestmoto","9":"product_tag-bestmototvs","10":"product_tag-indienne","11":"product_tag-mali","12":"product_tag-moto","13":"product_tag-tvs","15":"first","16":"instock","17":"shipping-taxable","18":"purchasable","19":"product-type-simple"},"ams_default_variation_id":0,"ams_product_points_reward":[],"ams_product_discount_percentage":0,"ams_price_to_display":550000,"aioseo_notices":[],"ams_acf":[],"jetpack-related-posts":[],"jetpack_sharing_enabled":true,"_links":{"self":[{"href":"https:\/\/ikasougou.com\/tvsmotors\/wp-json\/wp\/v2\/product\/59","targetHints":{"allow":["GET"]}}],"collection":[{"href":"https:\/\/ikasougou.com\/tvsmotors\/wp-json\/wp\/v2\/product"}],"about":[{"href":"https:\/\/ikasougou.com\/tvsmotors\/wp-json\/wp\/v2\/types\/product"}],"replies":[{"embeddable":true,"href":"https:\/\/ikasougou.com\/tvsmotors\/wp-json\/wp\/v2\/comments?post=59"}],"wp:featuredmedia":[{"embeddable":true,"href":"https:\/\/ikasougou.com\/tvsmotors\/wp-json\/wp\/v2\/media\/481"}],"wp:attachment":[{"href":"https:\/\/ikasougou.com\/tvsmotors\/wp-json\/wp\/v2\/media?parent=59"}],"wp:term":[{"taxonomy":"product_brand","embeddable":true,"href":"https:\/\/ikasougou.com\/tvsmotors\/wp-json\/wp\/v2\/product_brand?post=59"},{"taxonomy":"product_cat","embeddable":true,"href":"https:\/\/ikasougou.com\/tvsmotors\/wp-json\/wp\/v2\/product_cat?post=59"},{"taxonomy":"product_tag","embeddable":true,"href":"https:\/\/ikasougou.com\/tvsmotors\/wp-json\/wp\/v2\/product_tag?post=59"}],"curies":[{"name":"wp","href":"https:\/\/api.w.org\/{rel}","templated":true}]}}