{"id":83,"date":"2022-11-05T16:30:08","date_gmt":"2022-11-05T15:30:08","guid":{"rendered":"https:\/\/ikasougou.com\/tvsmotor\/?post_type=product&#038;p=83"},"modified":"2025-08-09T18:21:29","modified_gmt":"2025-08-09T16:21:29","slug":"rockz-125","status":"publish","type":"product","link":"https:\/\/ikasougou.com\/tvsmotors\/produit\/rockz-125\/","title":{"rendered":"ROCKZ 125"},"content":{"rendered":"<p><strong>MOTEUR ET TRANSMISSION<\/strong><\/p>\n<p>Type\u00a0: Cylindre 4 temps uniques Refroidissement par air Al\u00e9sage x Temp 57&#215;48.8mm Cylindr\u00e9e<\/p>\n<p>124.5cc Taux de compression 9.3:1 Syst\u00e8me de d\u00e9marrage D\u00e9marrage Electrique \/ Kick Start Puissance maximum (en KW) 9.8 bhp@7500tpm Couple maximum (en Nm) 9.8 Nm@5500tpm<\/p>\n<p><img data-recalc-dims=\"1\" loading=\"lazy\" decoding=\"async\" class=\"alignnone size-medium wp-image-496\" src=\"https:\/\/i0.wp.com\/ikasougou.com\/tvsmotors\/wp-content\/uploads\/sites\/112\/2022\/11\/fuel.png?resize=300%2C268&#038;ssl=1\" alt=\"\" width=\"300\" height=\"268\" srcset=\"https:\/\/i0.wp.com\/ikasougou.com\/tvsmotors\/wp-content\/uploads\/sites\/112\/2022\/11\/fuel.png?resize=300%2C268&amp;ssl=1 300w, https:\/\/i0.wp.com\/ikasougou.com\/tvsmotors\/wp-content\/uploads\/sites\/112\/2022\/11\/fuel.png?w=499&amp;ssl=1 499w\" sizes=\"auto, (max-width: 300px) 100vw, 300px\" \/> <img data-recalc-dims=\"1\" loading=\"lazy\" decoding=\"async\" class=\"alignnone size-medium wp-image-497\" src=\"https:\/\/i0.wp.com\/ikasougou.com\/tvsmotors\/wp-content\/uploads\/sites\/112\/2022\/11\/tyre.png?resize=300%2C268&#038;ssl=1\" alt=\"\" width=\"300\" height=\"268\" srcset=\"https:\/\/i0.wp.com\/ikasougou.com\/tvsmotors\/wp-content\/uploads\/sites\/112\/2022\/11\/tyre.png?resize=300%2C268&amp;ssl=1 300w, https:\/\/i0.wp.com\/ikasougou.com\/tvsmotors\/wp-content\/uploads\/sites\/112\/2022\/11\/tyre.png?w=499&amp;ssl=1 499w\" sizes=\"auto, (max-width: 300px) 100vw, 300px\" \/> <img data-recalc-dims=\"1\" loading=\"lazy\" decoding=\"async\" class=\"alignnone size-medium wp-image-498\" src=\"https:\/\/i0.wp.com\/ikasougou.com\/tvsmotors\/wp-content\/uploads\/sites\/112\/2022\/11\/Brake.png?resize=300%2C268&#038;ssl=1\" alt=\"\" width=\"300\" height=\"268\" srcset=\"https:\/\/i0.wp.com\/ikasougou.com\/tvsmotors\/wp-content\/uploads\/sites\/112\/2022\/11\/Brake.png?resize=300%2C268&amp;ssl=1 300w, https:\/\/i0.wp.com\/ikasougou.com\/tvsmotors\/wp-content\/uploads\/sites\/112\/2022\/11\/Brake.png?w=499&amp;ssl=1 499w\" sizes=\"auto, (max-width: 300px) 100vw, 300px\" \/> <img data-recalc-dims=\"1\" loading=\"lazy\" decoding=\"async\" class=\"alignnone size-medium wp-image-499\" src=\"https:\/\/i0.wp.com\/ikasougou.com\/tvsmotors\/wp-content\/uploads\/sites\/112\/2022\/11\/Dimension-1-1.png?resize=300%2C268&#038;ssl=1\" alt=\"\" width=\"300\" height=\"268\" srcset=\"https:\/\/i0.wp.com\/ikasougou.com\/tvsmotors\/wp-content\/uploads\/sites\/112\/2022\/11\/Dimension-1-1.png?resize=300%2C268&amp;ssl=1 300w, https:\/\/i0.wp.com\/ikasougou.com\/tvsmotors\/wp-content\/uploads\/sites\/112\/2022\/11\/Dimension-1-1.png?w=499&amp;ssl=1 499w\" sizes=\"auto, (max-width: 300px) 100vw, 300px\" \/> <img data-recalc-dims=\"1\" loading=\"lazy\" decoding=\"async\" class=\"alignnone size-medium wp-image-500\" src=\"https:\/\/i0.wp.com\/ikasougou.com\/tvsmotors\/wp-content\/uploads\/sites\/112\/2022\/11\/Dimension.png?resize=300%2C268&#038;ssl=1\" alt=\"\" width=\"300\" height=\"268\" srcset=\"https:\/\/i0.wp.com\/ikasougou.com\/tvsmotors\/wp-content\/uploads\/sites\/112\/2022\/11\/Dimension.png?resize=300%2C268&amp;ssl=1 300w, https:\/\/i0.wp.com\/ikasougou.com\/tvsmotors\/wp-content\/uploads\/sites\/112\/2022\/11\/Dimension.png?w=499&amp;ssl=1 499w\" sizes=\"auto, (max-width: 300px) 100vw, 300px\" \/> <img data-recalc-dims=\"1\" loading=\"lazy\" decoding=\"async\" class=\"alignnone size-medium wp-image-501\" src=\"https:\/\/i0.wp.com\/ikasougou.com\/tvsmotors\/wp-content\/uploads\/sites\/112\/2022\/11\/engine.png?resize=300%2C268&#038;ssl=1\" alt=\"\" width=\"300\" height=\"268\" srcset=\"https:\/\/i0.wp.com\/ikasougou.com\/tvsmotors\/wp-content\/uploads\/sites\/112\/2022\/11\/engine.png?resize=300%2C268&amp;ssl=1 300w, https:\/\/i0.wp.com\/ikasougou.com\/tvsmotors\/wp-content\/uploads\/sites\/112\/2022\/11\/engine.png?w=499&amp;ssl=1 499w\" sizes=\"auto, (max-width: 300px) 100vw, 300px\" \/> \u00a0\u00a0 \u00a0<img data-recalc-dims=\"1\" loading=\"lazy\" decoding=\"async\" class=\"alignnone size-medium wp-image-506\" src=\"https:\/\/i0.wp.com\/ikasougou.com\/tvsmotors\/wp-content\/uploads\/sites\/112\/2022\/11\/i-ride.jpg?resize=300%2C204&#038;ssl=1\" alt=\"\" width=\"300\" height=\"204\" srcset=\"https:\/\/i0.wp.com\/ikasougou.com\/tvsmotors\/wp-content\/uploads\/sites\/112\/2022\/11\/i-ride.jpg?resize=300%2C204&amp;ssl=1 300w, https:\/\/i0.wp.com\/ikasougou.com\/tvsmotors\/wp-content\/uploads\/sites\/112\/2022\/11\/i-ride.jpg?w=597&amp;ssl=1 597w\" sizes=\"auto, (max-width: 300px) 100vw, 300px\" \/> <img data-recalc-dims=\"1\" loading=\"lazy\" decoding=\"async\" class=\"alignnone size-medium wp-image-507\" src=\"https:\/\/i0.wp.com\/ikasougou.com\/tvsmotors\/wp-content\/uploads\/sites\/112\/2022\/11\/i-charge.jpg?resize=300%2C204&#038;ssl=1\" alt=\"\" width=\"300\" height=\"204\" srcset=\"https:\/\/i0.wp.com\/ikasougou.com\/tvsmotors\/wp-content\/uploads\/sites\/112\/2022\/11\/i-charge.jpg?resize=300%2C204&amp;ssl=1 300w, https:\/\/i0.wp.com\/ikasougou.com\/tvsmotors\/wp-content\/uploads\/sites\/112\/2022\/11\/i-charge.jpg?w=597&amp;ssl=1 597w\" sizes=\"auto, (max-width: 300px) 100vw, 300px\" \/> <img data-recalc-dims=\"1\" loading=\"lazy\" decoding=\"async\" class=\"alignnone size-medium wp-image-508\" src=\"https:\/\/i0.wp.com\/ikasougou.com\/tvsmotors\/wp-content\/uploads\/sites\/112\/2022\/11\/engine.jpg?resize=300%2C204&#038;ssl=1\" alt=\"\" width=\"300\" height=\"204\" srcset=\"https:\/\/i0.wp.com\/ikasougou.com\/tvsmotors\/wp-content\/uploads\/sites\/112\/2022\/11\/engine.jpg?resize=300%2C204&amp;ssl=1 300w, https:\/\/i0.wp.com\/ikasougou.com\/tvsmotors\/wp-content\/uploads\/sites\/112\/2022\/11\/engine.jpg?w=597&amp;ssl=1 597w\" sizes=\"auto, (max-width: 300px) 100vw, 300px\" \/> \u00a0 \u00a0<img data-recalc-dims=\"1\" loading=\"lazy\" decoding=\"async\" class=\"alignnone size-medium wp-image-512\" src=\"https:\/\/i0.wp.com\/ikasougou.com\/tvsmotors\/wp-content\/uploads\/sites\/112\/2022\/11\/rockz-banner-logo.png?resize=300%2C80&#038;ssl=1\" alt=\"\" width=\"300\" height=\"80\" srcset=\"https:\/\/i0.wp.com\/ikasougou.com\/tvsmotors\/wp-content\/uploads\/sites\/112\/2022\/11\/rockz-banner-logo.png?resize=300%2C80&amp;ssl=1 300w, https:\/\/i0.wp.com\/ikasougou.com\/tvsmotors\/wp-content\/uploads\/sites\/112\/2022\/11\/rockz-banner-logo.png?w=642&amp;ssl=1 642w\" sizes=\"auto, (max-width: 300px) 100vw, 300px\" \/><\/p>\n<p><strong>DIMENSIONS<\/strong><\/p>\n<p>Longueur totale 1940mm Largeur hors tout (guidon) 665mm Hauteur hors tout (avec miroir) 1078mm Hauteur de selle 767mm Distance avec le sol 150mm Viscosit\u00e9 de l\u2019huile 17 Volant 1260mm Masse s\u00e8che 107kg Charge utile 130kg<\/p>\n<p><img data-recalc-dims=\"1\" loading=\"lazy\" decoding=\"async\" class=\"alignnone size-medium wp-image-502\" src=\"https:\/\/i0.wp.com\/ikasougou.com\/tvsmotors\/wp-content\/uploads\/sites\/112\/2022\/11\/WEB.png?resize=300%2C195&#038;ssl=1\" alt=\"\" width=\"300\" height=\"195\" srcset=\"https:\/\/i0.wp.com\/ikasougou.com\/tvsmotors\/wp-content\/uploads\/sites\/112\/2022\/11\/WEB.png?resize=300%2C195&amp;ssl=1 300w, https:\/\/i0.wp.com\/ikasougou.com\/tvsmotors\/wp-content\/uploads\/sites\/112\/2022\/11\/WEB.png?w=733&amp;ssl=1 733w\" sizes=\"auto, (max-width: 300px) 100vw, 300px\" \/><\/p>\n<p><strong>TRANSMISSION<\/strong><\/p>\n<p>Embrayage Embrayage centrifuge &#8211; auto, auto avec chevauchement manuel (CW) embrayage centrifuge &#8211; auto (SW) Transmission Pise constante \u2013 Boite de vitesses \u00e0 4 temps<\/p>\n<p><img data-recalc-dims=\"1\" loading=\"lazy\" decoding=\"async\" class=\"alignnone size-medium wp-image-504\" src=\"https:\/\/i0.wp.com\/ikasougou.com\/tvsmotors\/wp-content\/uploads\/sites\/112\/2022\/11\/susp.jpg?resize=300%2C204&#038;ssl=1\" alt=\"\" width=\"300\" height=\"204\" srcset=\"https:\/\/i0.wp.com\/ikasougou.com\/tvsmotors\/wp-content\/uploads\/sites\/112\/2022\/11\/susp.jpg?resize=300%2C204&amp;ssl=1 300w, https:\/\/i0.wp.com\/ikasougou.com\/tvsmotors\/wp-content\/uploads\/sites\/112\/2022\/11\/susp.jpg?w=597&amp;ssl=1 597w\" sizes=\"auto, (max-width: 300px) 100vw, 300px\" \/><\/p>\n<p><strong>ELECTRIQUE<\/strong><\/p>\n<p>Syst\u00e8me de d\u00e9marrage CDI \u00e9lectronique Type de batterie 12v 4Ah MF \u00e9tanche G\u00e9n\u00e9rateur Magn\u00e9to CA 90W<\/p>\n<p><img data-recalc-dims=\"1\" loading=\"lazy\" decoding=\"async\" class=\"alignnone size-medium wp-image-505\" src=\"https:\/\/i0.wp.com\/ikasougou.com\/tvsmotors\/wp-content\/uploads\/sites\/112\/2022\/11\/mp3-player.jpg?resize=300%2C204&#038;ssl=1\" alt=\"\" width=\"300\" height=\"204\" srcset=\"https:\/\/i0.wp.com\/ikasougou.com\/tvsmotors\/wp-content\/uploads\/sites\/112\/2022\/11\/mp3-player.jpg?resize=300%2C204&amp;ssl=1 300w, https:\/\/i0.wp.com\/ikasougou.com\/tvsmotors\/wp-content\/uploads\/sites\/112\/2022\/11\/mp3-player.jpg?w=597&amp;ssl=1 597w\" sizes=\"auto, (max-width: 300px) 100vw, 300px\" \/><\/p>\n<p><strong>CH\u00c2SSIS<\/strong><\/p>\n<p>Type de cardan Type underbone<\/p>\n<p><strong>FREIN AVANT ET ARRIERE<\/strong><\/p>\n<p>Basique<\/p>\n<p>Tambour avt:110mm Tambour arr.:110mm dia Plus Disque avant :220mm Tambour arri\u00e8re:110mm dia<\/p>\n<p><img data-recalc-dims=\"1\" loading=\"lazy\" decoding=\"async\" class=\"alignnone size-medium wp-image-510\" src=\"https:\/\/i0.wp.com\/ikasougou.com\/tvsmotors\/wp-content\/uploads\/sites\/112\/2022\/11\/excellent-earning-300x217.jpg?resize=300%2C217&#038;ssl=1\" alt=\"\" width=\"300\" height=\"217\" srcset=\"https:\/\/i0.wp.com\/ikasougou.com\/tvsmotors\/wp-content\/uploads\/sites\/112\/2022\/11\/excellent-earning.jpg?resize=300%2C217&amp;ssl=1 300w, https:\/\/i0.wp.com\/ikasougou.com\/tvsmotors\/wp-content\/uploads\/sites\/112\/2022\/11\/excellent-earning.jpg?w=360&amp;ssl=1 360w\" sizes=\"auto, (max-width: 300px) 100vw, 300px\" \/><\/p>\n<p><strong>PNEU<\/strong><\/p>\n<p>Avant 2.5&#215;17 pouces Arri\u00e8re 2.75&#215;17 pouces<\/p>\n<p><img data-recalc-dims=\"1\" loading=\"lazy\" decoding=\"async\" class=\"alignnone size-medium wp-image-509\" src=\"https:\/\/i0.wp.com\/ikasougou.com\/tvsmotors\/wp-content\/uploads\/sites\/112\/2022\/11\/low-maint.jpg?resize=300%2C217&#038;ssl=1\" alt=\"\" width=\"300\" height=\"217\" srcset=\"https:\/\/i0.wp.com\/ikasougou.com\/tvsmotors\/wp-content\/uploads\/sites\/112\/2022\/11\/low-maint.jpg?resize=300%2C217&amp;ssl=1 300w, https:\/\/i0.wp.com\/ikasougou.com\/tvsmotors\/wp-content\/uploads\/sites\/112\/2022\/11\/low-maint.jpg?w=360&amp;ssl=1 360w\" sizes=\"auto, (max-width: 300px) 100vw, 300px\" \/><\/p>\n<p><strong>SUSPENSION<\/strong><\/p>\n<p>Avant Amortisseurs T\u00e9lescopiques Arri\u00e8re Bras oscillant avec triple not\u00e9s, Trois \u00e9tape r\u00e9glable, Gaz amortisseurs remplis de Boites de rangement de tubes mono (CW)<\/p>\n<p><img data-recalc-dims=\"1\" loading=\"lazy\" decoding=\"async\" class=\"alignnone size-medium wp-image-511\" src=\"https:\/\/i0.wp.com\/ikasougou.com\/tvsmotors\/wp-content\/uploads\/sites\/112\/2022\/11\/high-perfo.jpg?resize=300%2C217&#038;ssl=1\" alt=\"\" width=\"300\" height=\"217\" srcset=\"https:\/\/i0.wp.com\/ikasougou.com\/tvsmotors\/wp-content\/uploads\/sites\/112\/2022\/11\/high-perfo.jpg?resize=300%2C217&amp;ssl=1 300w, https:\/\/i0.wp.com\/ikasougou.com\/tvsmotors\/wp-content\/uploads\/sites\/112\/2022\/11\/high-perfo.jpg?w=360&amp;ssl=1 360w\" sizes=\"auto, (max-width: 300px) 100vw, 300px\" \/><\/p>\n<p><strong>CAPACITES<\/strong><\/p>\n<p>R\u00e9servoir \u00e0 essence 4 litres Huile moteur 1000ml R\u00e9vision 1200ml Fourchette avant huile 55 ml<\/p>\n<p>&nbsp;<\/p>\n<p>&nbsp;<\/p>\n<p><img data-recalc-dims=\"1\" loading=\"lazy\" decoding=\"async\" class=\"alignnone size-medium wp-image-84\" src=\"https:\/\/i0.wp.com\/ikasougou.com\/tvsmotor\/wp-content\/uploads\/sites\/112\/2022\/11\/ikasougou-15-1-300x200.jpg?resize=300%2C200&#038;ssl=1\" alt=\"\" width=\"300\" height=\"200\" srcset=\"https:\/\/i0.wp.com\/ikasougou.com\/tvsmotors\/wp-content\/uploads\/sites\/112\/2022\/11\/ikasougou-15-1-scaled.jpg?resize=300%2C200&amp;ssl=1 300w, https:\/\/i0.wp.com\/ikasougou.com\/tvsmotors\/wp-content\/uploads\/sites\/112\/2022\/11\/ikasougou-15-1-scaled.jpg?resize=1024%2C683&amp;ssl=1 1024w, https:\/\/i0.wp.com\/ikasougou.com\/tvsmotors\/wp-content\/uploads\/sites\/112\/2022\/11\/ikasougou-15-1-scaled.jpg?resize=768%2C512&amp;ssl=1 768w, https:\/\/i0.wp.com\/ikasougou.com\/tvsmotors\/wp-content\/uploads\/sites\/112\/2022\/11\/ikasougou-15-1-scaled.jpg?resize=1536%2C1024&amp;ssl=1 1536w, https:\/\/i0.wp.com\/ikasougou.com\/tvsmotors\/wp-content\/uploads\/sites\/112\/2022\/11\/ikasougou-15-1-scaled.jpg?resize=2048%2C1365&amp;ssl=1 2048w, https:\/\/i0.wp.com\/ikasougou.com\/tvsmotors\/wp-content\/uploads\/sites\/112\/2022\/11\/ikasougou-15-1-scaled.jpg?resize=600%2C400&amp;ssl=1 600w\" sizes=\"auto, (max-width: 300px) 100vw, 300px\" \/> <img data-recalc-dims=\"1\" loading=\"lazy\" decoding=\"async\" class=\"alignnone size-medium wp-image-85\" src=\"https:\/\/i0.wp.com\/ikasougou.com\/tvsmotor\/wp-content\/uploads\/sites\/112\/2022\/11\/ikasougou-16-1-300x200.jpg?resize=300%2C200&#038;ssl=1\" alt=\"\" width=\"300\" height=\"200\" srcset=\"https:\/\/i0.wp.com\/ikasougou.com\/tvsmotors\/wp-content\/uploads\/sites\/112\/2022\/11\/ikasougou-16-1-scaled.jpg?resize=300%2C200&amp;ssl=1 300w, https:\/\/i0.wp.com\/ikasougou.com\/tvsmotors\/wp-content\/uploads\/sites\/112\/2022\/11\/ikasougou-16-1-scaled.jpg?resize=1024%2C683&amp;ssl=1 1024w, https:\/\/i0.wp.com\/ikasougou.com\/tvsmotors\/wp-content\/uploads\/sites\/112\/2022\/11\/ikasougou-16-1-scaled.jpg?resize=768%2C512&amp;ssl=1 768w, https:\/\/i0.wp.com\/ikasougou.com\/tvsmotors\/wp-content\/uploads\/sites\/112\/2022\/11\/ikasougou-16-1-scaled.jpg?resize=1536%2C1024&amp;ssl=1 1536w, https:\/\/i0.wp.com\/ikasougou.com\/tvsmotors\/wp-content\/uploads\/sites\/112\/2022\/11\/ikasougou-16-1-scaled.jpg?resize=2048%2C1365&amp;ssl=1 2048w, https:\/\/i0.wp.com\/ikasougou.com\/tvsmotors\/wp-content\/uploads\/sites\/112\/2022\/11\/ikasougou-16-1-scaled.jpg?resize=600%2C400&amp;ssl=1 600w\" sizes=\"auto, (max-width: 300px) 100vw, 300px\" \/> <img data-recalc-dims=\"1\" loading=\"lazy\" decoding=\"async\" class=\"alignnone size-medium wp-image-86\" src=\"https:\/\/i0.wp.com\/ikasougou.com\/tvsmotor\/wp-content\/uploads\/sites\/112\/2022\/11\/ikasougou-17-1-300x200.jpg?resize=300%2C200&#038;ssl=1\" alt=\"\" width=\"300\" height=\"200\" srcset=\"https:\/\/i0.wp.com\/ikasougou.com\/tvsmotors\/wp-content\/uploads\/sites\/112\/2022\/11\/ikasougou-17-1-scaled.jpg?resize=300%2C200&amp;ssl=1 300w, https:\/\/i0.wp.com\/ikasougou.com\/tvsmotors\/wp-content\/uploads\/sites\/112\/2022\/11\/ikasougou-17-1-scaled.jpg?resize=1024%2C683&amp;ssl=1 1024w, https:\/\/i0.wp.com\/ikasougou.com\/tvsmotors\/wp-content\/uploads\/sites\/112\/2022\/11\/ikasougou-17-1-scaled.jpg?resize=768%2C512&amp;ssl=1 768w, https:\/\/i0.wp.com\/ikasougou.com\/tvsmotors\/wp-content\/uploads\/sites\/112\/2022\/11\/ikasougou-17-1-scaled.jpg?resize=1536%2C1024&amp;ssl=1 1536w, https:\/\/i0.wp.com\/ikasougou.com\/tvsmotors\/wp-content\/uploads\/sites\/112\/2022\/11\/ikasougou-17-1-scaled.jpg?resize=2048%2C1365&amp;ssl=1 2048w, https:\/\/i0.wp.com\/ikasougou.com\/tvsmotors\/wp-content\/uploads\/sites\/112\/2022\/11\/ikasougou-17-1-scaled.jpg?resize=600%2C400&amp;ssl=1 600w\" sizes=\"auto, (max-width: 300px) 100vw, 300px\" \/> <img data-recalc-dims=\"1\" loading=\"lazy\" decoding=\"async\" class=\"alignnone size-medium wp-image-87\" src=\"https:\/\/i0.wp.com\/ikasougou.com\/tvsmotor\/wp-content\/uploads\/sites\/112\/2022\/11\/ikasougou-18-1-300x200.jpg?resize=300%2C200&#038;ssl=1\" alt=\"\" width=\"300\" height=\"200\" srcset=\"https:\/\/i0.wp.com\/ikasougou.com\/tvsmotors\/wp-content\/uploads\/sites\/112\/2022\/11\/ikasougou-18-1-scaled.jpg?resize=300%2C200&amp;ssl=1 300w, https:\/\/i0.wp.com\/ikasougou.com\/tvsmotors\/wp-content\/uploads\/sites\/112\/2022\/11\/ikasougou-18-1-scaled.jpg?resize=1024%2C683&amp;ssl=1 1024w, https:\/\/i0.wp.com\/ikasougou.com\/tvsmotors\/wp-content\/uploads\/sites\/112\/2022\/11\/ikasougou-18-1-scaled.jpg?resize=768%2C512&amp;ssl=1 768w, https:\/\/i0.wp.com\/ikasougou.com\/tvsmotors\/wp-content\/uploads\/sites\/112\/2022\/11\/ikasougou-18-1-scaled.jpg?resize=1536%2C1024&amp;ssl=1 1536w, https:\/\/i0.wp.com\/ikasougou.com\/tvsmotors\/wp-content\/uploads\/sites\/112\/2022\/11\/ikasougou-18-1-scaled.jpg?resize=2048%2C1365&amp;ssl=1 2048w, https:\/\/i0.wp.com\/ikasougou.com\/tvsmotors\/wp-content\/uploads\/sites\/112\/2022\/11\/ikasougou-18-1-scaled.jpg?resize=600%2C400&amp;ssl=1 600w\" sizes=\"auto, (max-width: 300px) 100vw, 300px\" \/> <img data-recalc-dims=\"1\" loading=\"lazy\" decoding=\"async\" class=\"alignnone size-medium wp-image-88\" src=\"https:\/\/i0.wp.com\/ikasougou.com\/tvsmotor\/wp-content\/uploads\/sites\/112\/2022\/11\/ikasougou-19-1-300x200.jpg?resize=300%2C200&#038;ssl=1\" alt=\"\" width=\"300\" height=\"200\" srcset=\"https:\/\/i0.wp.com\/ikasougou.com\/tvsmotors\/wp-content\/uploads\/sites\/112\/2022\/11\/ikasougou-19-1-scaled.jpg?resize=300%2C200&amp;ssl=1 300w, https:\/\/i0.wp.com\/ikasougou.com\/tvsmotors\/wp-content\/uploads\/sites\/112\/2022\/11\/ikasougou-19-1-scaled.jpg?resize=1024%2C683&amp;ssl=1 1024w, https:\/\/i0.wp.com\/ikasougou.com\/tvsmotors\/wp-content\/uploads\/sites\/112\/2022\/11\/ikasougou-19-1-scaled.jpg?resize=768%2C512&amp;ssl=1 768w, https:\/\/i0.wp.com\/ikasougou.com\/tvsmotors\/wp-content\/uploads\/sites\/112\/2022\/11\/ikasougou-19-1-scaled.jpg?resize=1536%2C1024&amp;ssl=1 1536w, https:\/\/i0.wp.com\/ikasougou.com\/tvsmotors\/wp-content\/uploads\/sites\/112\/2022\/11\/ikasougou-19-1-scaled.jpg?resize=2048%2C1365&amp;ssl=1 2048w, https:\/\/i0.wp.com\/ikasougou.com\/tvsmotors\/wp-content\/uploads\/sites\/112\/2022\/11\/ikasougou-19-1-scaled.jpg?resize=600%2C400&amp;ssl=1 600w\" sizes=\"auto, (max-width: 300px) 100vw, 300px\" \/><\/p>\n<div style=\"display:flex; gap:10px;justify-content:center\" class=\"wps-pgfw-pdf-generate-icon__wrapper-frontend\">\n\t\t<a  href=\"https:\/\/ikasougou.com\/tvsmotors\/wp-json\/wp\/v2\/product\/83?action=genpdf&amp;id=83\" class=\"pgfw-single-pdf-download-button\" ><img src=\"https:\/\/ikasougou.com\/tvsmotors\/wp-content\/plugins\/pdf-generator-for-wp\/admin\/src\/images\/PDF_Tray.svg\" title=\"G\u00e9n\u00e9rer un PDF\" style=\"width:auto; height:45px;\"><\/a>\n\t\t<\/div>","protected":false},"excerpt":{"rendered":"<p>MOTEUR ET TRANSMISSION Type\u00a0: Cylindre 4 temps uniques Refroidissement par air Al\u00e9sage x Temp 57&#215;48.8mm Cylindr\u00e9e 124.5cc Taux de compression 9.3:1 Syst\u00e8me de d\u00e9marrage D\u00e9marrage Electrique \/ Kick Start Puissance maximum (en KW) 9.8 bhp@7500tpm Couple maximum (en Nm) 9.8 Nm@5500tpm \u00a0\u00a0 \u00a0 \u00a0 \u00a0 DIMENSIONS Longueur totale 1940mm Largeur hors tout (guidon) 665mm Hauteur [&#8230;]\n","protected":false},"featured_media":494,"comment_status":"open","ping_status":"closed","template":"","meta":[],"product_brand":[],"product_cat":[16],"product_tag":[22,24,27,21,23,19,20],"class_list":{"0":"post-83","1":"product","2":"type-product","3":"status-publish","4":"has-post-thumbnail","6":"product_cat-motostvs","7":"product_tag-bamako","8":"product_tag-bestmoto","9":"product_tag-bestmototvs","10":"product_tag-indienne","11":"product_tag-mali","12":"product_tag-moto","13":"product_tag-tvs","15":"first","16":"instock","17":"shipping-taxable","18":"purchasable","19":"product-type-simple"},"ams_default_variation_id":0,"ams_product_points_reward":[],"ams_product_discount_percentage":0,"ams_price_to_display":750000,"aioseo_notices":[],"ams_acf":[],"jetpack-related-posts":[],"jetpack_sharing_enabled":true,"_links":{"self":[{"href":"https:\/\/ikasougou.com\/tvsmotors\/wp-json\/wp\/v2\/product\/83","targetHints":{"allow":["GET"]}}],"collection":[{"href":"https:\/\/ikasougou.com\/tvsmotors\/wp-json\/wp\/v2\/product"}],"about":[{"href":"https:\/\/ikasougou.com\/tvsmotors\/wp-json\/wp\/v2\/types\/product"}],"replies":[{"embeddable":true,"href":"https:\/\/ikasougou.com\/tvsmotors\/wp-json\/wp\/v2\/comments?post=83"}],"wp:featuredmedia":[{"embeddable":true,"href":"https:\/\/ikasougou.com\/tvsmotors\/wp-json\/wp\/v2\/media\/494"}],"wp:attachment":[{"href":"https:\/\/ikasougou.com\/tvsmotors\/wp-json\/wp\/v2\/media?parent=83"}],"wp:term":[{"taxonomy":"product_brand","embeddable":true,"href":"https:\/\/ikasougou.com\/tvsmotors\/wp-json\/wp\/v2\/product_brand?post=83"},{"taxonomy":"product_cat","embeddable":true,"href":"https:\/\/ikasougou.com\/tvsmotors\/wp-json\/wp\/v2\/product_cat?post=83"},{"taxonomy":"product_tag","embeddable":true,"href":"https:\/\/ikasougou.com\/tvsmotors\/wp-json\/wp\/v2\/product_tag?post=83"}],"curies":[{"name":"wp","href":"https:\/\/api.w.org\/{rel}","templated":true}]}}