{"id":77,"date":"2020-05-10T21:28:59","date_gmt":"2020-05-10T19:28:59","guid":{"rendered":"https:\/\/ikasougou.com\/usamarket\/?post_type=product&#038;p=77"},"modified":"2020-05-11T02:07:49","modified_gmt":"2020-05-11T00:07:49","slug":"un-paquet-de-40-bouteilles-deau-members-mark","status":"publish","type":"product","link":"https:\/\/ikasougou.com\/usamarket\/produit\/un-paquet-de-40-bouteilles-deau-members-mark\/","title":{"rendered":"Un Paquet de 40 Bouteilles d&#8217;Eau Member&#8217;s Mark"},"content":{"rendered":"<h4 id=\"tw-target-text\" class=\"tw-data-text tw-text-large tw-ta\" dir=\"ltr\" data-placeholder=\"Traduction\"><span lang=\"fr\">L&#8217;eau en bouteille purifi\u00e9e Mark&#8217;s Member contient de l&#8217;eau min\u00e9rale purifi\u00e9e qui vous aidera \u00e0 vous hydrater pendant la journ\u00e9e. L&#8217;eau est fra\u00eeche et vous donne un go\u00fbt vif et rafra\u00eechissant \u00e0 chaque fois que vous prenez une gorg\u00e9e. \u00a0\u00a0\u00a0\u00a0Eau en bouteille purifi\u00e9e enrichie de min\u00e9raux pour une saveur suppl\u00e9mentaire \u00a0\u00a0\u00a0\u00a0Le pack de 40 min\u00e9raux min\u00e9raux purifi\u00e9s est id\u00e9al pour les familles, les entreprises et les \u00e9v\u00e9nements Le contenu de ce site est uniquement \u00e0 des fins de r\u00e9f\u00e9rence. Water Butlers ne d\u00e9clare ni ne garantit que les informations sur la nutrition, les ingr\u00e9dients, les allerg\u00e8nes et les autres produits sur notre site Web sont exactes ou compl\u00e8tes, car ces informations proviennent des fabricants de produits. \u00c0 l&#8217;occasion, les fabricants peuvent am\u00e9liorer ou modifier leurs formules de produits et mettre \u00e0 jour leurs \u00e9tiquettes. Nous vous recommandons de ne pas vous fier uniquement aux informations pr\u00e9sent\u00e9es sur notre site Web et de revoir l&#8217;\u00e9tiquette du produit ou de contacter directement le fabricant si vous avez des pr\u00e9occupations ou des questions sp\u00e9cifiques concernant le produit.<\/span><\/h4>\n<p><img loading=\"lazy\" decoding=\"async\" class=\"alignnone size-medium wp-image-79\" src=\"https:\/\/ikasougou.com\/usamarket\/wp-content\/uploads\/sites\/75\/2020\/05\/water-300x193.jpg\" alt=\"\" width=\"300\" height=\"193\" srcset=\"https:\/\/ikasougou.com\/usamarket\/wp-content\/uploads\/sites\/75\/2020\/05\/water-300x193.jpg 300w, https:\/\/ikasougou.com\/usamarket\/wp-content\/uploads\/sites\/75\/2020\/05\/water-600x385.jpg 600w, https:\/\/ikasougou.com\/usamarket\/wp-content\/uploads\/sites\/75\/2020\/05\/water.jpg 631w\" sizes=\"auto, (max-width: 300px) 100vw, 300px\" \/> <img loading=\"lazy\" decoding=\"async\" class=\"alignnone size-medium wp-image-80\" src=\"https:\/\/ikasougou.com\/usamarket\/wp-content\/uploads\/sites\/75\/2020\/05\/water2-300x188.jpg\" alt=\"\" width=\"300\" height=\"188\" srcset=\"https:\/\/ikasougou.com\/usamarket\/wp-content\/uploads\/sites\/75\/2020\/05\/water2-300x188.jpg 300w, https:\/\/ikasougou.com\/usamarket\/wp-content\/uploads\/sites\/75\/2020\/05\/water2-600x375.jpg 600w, https:\/\/ikasougou.com\/usamarket\/wp-content\/uploads\/sites\/75\/2020\/05\/water2.jpg 633w\" sizes=\"auto, (max-width: 300px) 100vw, 300px\" \/><\/p>\n<div style=\"display:flex; gap:10px;justify-content:center\" class=\"wps-pgfw-pdf-generate-icon__wrapper-frontend\">\n\t\t<a  href=\"https:\/\/ikasougou.com\/usamarket\/wp-json\/wp\/v2\/product\/77?action=genpdf&amp;id=77\" class=\"pgfw-single-pdf-download-button\" ><img src=\"https:\/\/ikasougou.com\/usamarket\/wp-content\/plugins\/pdf-generator-for-wp\/admin\/src\/images\/PDF_Tray.svg\" title=\"G\u00e9n\u00e9rer un PDF\" style=\"width:auto; height:45px;\"><\/a>\n\t\t<\/div>","protected":false},"excerpt":{"rendered":"<p>L&#8217;eau en bouteille purifi\u00e9e Mark&#8217;s Member contient de l&#8217;eau min\u00e9rale purifi\u00e9e qui vous aidera \u00e0 vous hydrater pendant la journ\u00e9e. L&#8217;eau est fra\u00eeche et vous donne un go\u00fbt vif et rafra\u00eechissant \u00e0 chaque fois que vous prenez une gorg\u00e9e. \u00a0\u00a0\u00a0\u00a0Eau en bouteille purifi\u00e9e enrichie de min\u00e9raux pour une saveur suppl\u00e9mentaire \u00a0\u00a0\u00a0\u00a0Le pack de 40 min\u00e9raux [&#8230;]\n","protected":false},"featured_media":81,"comment_status":"open","ping_status":"closed","template":"","meta":{"jetpack_publicize_message":"","jetpack_publicize_feature_enabled":true,"jetpack_social_post_already_shared":false,"jetpack_social_options":{"image_generator_settings":{"template":"highway","default_image_id":0,"font":"","enabled":false},"version":2}},"product_brand":[],"product_cat":[17],"product_tag":[],"class_list":{"0":"post-77","1":"product","2":"type-product","3":"status-publish","4":"has-post-thumbnail","6":"product_cat-alimentaires","8":"first","9":"instock","10":"sale","11":"shipping-taxable","12":"purchasable","13":"product-type-simple"},"ams_default_variation_id":0,"ams_product_points_reward":[],"ams_product_discount_percentage":20,"ams_price_to_display":12000,"aioseo_notices":[],"ams_acf":[],"jetpack_publicize_connections":[],"jetpack_sharing_enabled":true,"jetpack_likes_enabled":true,"_links":{"self":[{"href":"https:\/\/ikasougou.com\/usamarket\/wp-json\/wp\/v2\/product\/77","targetHints":{"allow":["GET"]}}],"collection":[{"href":"https:\/\/ikasougou.com\/usamarket\/wp-json\/wp\/v2\/product"}],"about":[{"href":"https:\/\/ikasougou.com\/usamarket\/wp-json\/wp\/v2\/types\/product"}],"replies":[{"embeddable":true,"href":"https:\/\/ikasougou.com\/usamarket\/wp-json\/wp\/v2\/comments?post=77"}],"wp:featuredmedia":[{"embeddable":true,"href":"https:\/\/ikasougou.com\/usamarket\/wp-json\/wp\/v2\/media\/81"}],"wp:attachment":[{"href":"https:\/\/ikasougou.com\/usamarket\/wp-json\/wp\/v2\/media?parent=77"}],"wp:term":[{"taxonomy":"product_brand","embeddable":true,"href":"https:\/\/ikasougou.com\/usamarket\/wp-json\/wp\/v2\/product_brand?post=77"},{"taxonomy":"product_cat","embeddable":true,"href":"https:\/\/ikasougou.com\/usamarket\/wp-json\/wp\/v2\/product_cat?post=77"},{"taxonomy":"product_tag","embeddable":true,"href":"https:\/\/ikasougou.com\/usamarket\/wp-json\/wp\/v2\/product_tag?post=77"}],"curies":[{"name":"wp","href":"https:\/\/api.w.org\/{rel}","templated":true}]}}