{"id":247,"date":"2021-11-11T23:50:43","date_gmt":"2021-11-11T22:50:43","guid":{"rendered":"https:\/\/ikasougou.com\/ventengros\/?post_type=product&#038;p=247"},"modified":"2021-11-13T14:06:05","modified_gmt":"2021-11-13T13:06:05","slug":"un-carton-de-900-lingettes-pour-bebe-babywhipes","status":"publish","type":"product","link":"https:\/\/ikasougou.com\/ventengros\/produit\/un-carton-de-900-lingettes-pour-bebe-babywhipes\/","title":{"rendered":"Un carton de 900 lingettes pour b\u00e9b\u00e9 Babywhipes Kirkland"},"content":{"rendered":"<p>Baby Wipes Kirkland<br \/>\nLes lingettes b\u00e9b\u00e9 de la marque KIRKLAND sont exceptionnellement absorbantes, biod\u00e9gradables, douces, hyper r\u00e9sistantes et d\u2019autres avantages encore ! Vous 900 lingettes dans le carton, ce qui vous permet de faire un bon stock ou de les vendre en d\u00e9tail. Vendu \u00e0 26 000 fcfa.<\/p>\n<p><img data-recalc-dims=\"1\" loading=\"lazy\" decoding=\"async\" class=\"alignnone size-medium wp-image-250\" src=\"https:\/\/i0.wp.com\/ikasougou.com\/ventengros\/wp-content\/uploads\/sites\/96\/2021\/11\/IMG_20211111_182403.png?resize=300%2C272&#038;ssl=1\" alt=\"\" width=\"300\" height=\"272\" srcset=\"https:\/\/i0.wp.com\/ikasougou.com\/ventengros\/wp-content\/uploads\/sites\/96\/2021\/11\/IMG_20211111_182403.png?resize=300%2C272&amp;ssl=1 300w, https:\/\/i0.wp.com\/ikasougou.com\/ventengros\/wp-content\/uploads\/sites\/96\/2021\/11\/IMG_20211111_182403.png?resize=1024%2C930&amp;ssl=1 1024w, https:\/\/i0.wp.com\/ikasougou.com\/ventengros\/wp-content\/uploads\/sites\/96\/2021\/11\/IMG_20211111_182403.png?resize=768%2C697&amp;ssl=1 768w, https:\/\/i0.wp.com\/ikasougou.com\/ventengros\/wp-content\/uploads\/sites\/96\/2021\/11\/IMG_20211111_182403.png?resize=1536%2C1395&amp;ssl=1 1536w, https:\/\/i0.wp.com\/ikasougou.com\/ventengros\/wp-content\/uploads\/sites\/96\/2021\/11\/IMG_20211111_182403.png?resize=510%2C463&amp;ssl=1 510w, https:\/\/i0.wp.com\/ikasougou.com\/ventengros\/wp-content\/uploads\/sites\/96\/2021\/11\/IMG_20211111_182403.png?w=1280&amp;ssl=1 1280w\" sizes=\"auto, (max-width: 300px) 100vw, 300px\" \/> <img data-recalc-dims=\"1\" loading=\"lazy\" decoding=\"async\" class=\"alignnone size-medium wp-image-249\" src=\"https:\/\/i0.wp.com\/ikasougou.com\/ventengros\/wp-content\/uploads\/sites\/96\/2021\/11\/IMG_20211111_182420.png?resize=300%2C272&#038;ssl=1\" alt=\"\" width=\"300\" height=\"272\" srcset=\"https:\/\/i0.wp.com\/ikasougou.com\/ventengros\/wp-content\/uploads\/sites\/96\/2021\/11\/IMG_20211111_182420.png?resize=300%2C272&amp;ssl=1 300w, https:\/\/i0.wp.com\/ikasougou.com\/ventengros\/wp-content\/uploads\/sites\/96\/2021\/11\/IMG_20211111_182420.png?resize=1024%2C928&amp;ssl=1 1024w, https:\/\/i0.wp.com\/ikasougou.com\/ventengros\/wp-content\/uploads\/sites\/96\/2021\/11\/IMG_20211111_182420.png?resize=768%2C696&amp;ssl=1 768w, https:\/\/i0.wp.com\/ikasougou.com\/ventengros\/wp-content\/uploads\/sites\/96\/2021\/11\/IMG_20211111_182420.png?resize=1536%2C1392&amp;ssl=1 1536w, https:\/\/i0.wp.com\/ikasougou.com\/ventengros\/wp-content\/uploads\/sites\/96\/2021\/11\/IMG_20211111_182420.png?resize=510%2C462&amp;ssl=1 510w, https:\/\/i0.wp.com\/ikasougou.com\/ventengros\/wp-content\/uploads\/sites\/96\/2021\/11\/IMG_20211111_182420.png?w=1280&amp;ssl=1 1280w\" sizes=\"auto, (max-width: 300px) 100vw, 300px\" \/> <img data-recalc-dims=\"1\" loading=\"lazy\" decoding=\"async\" class=\"alignnone size-medium wp-image-248\" src=\"https:\/\/i0.wp.com\/ikasougou.com\/ventengros\/wp-content\/uploads\/sites\/96\/2021\/11\/IMG_20211111_182433.png?resize=300%2C269&#038;ssl=1\" alt=\"\" width=\"300\" height=\"269\" srcset=\"https:\/\/i0.wp.com\/ikasougou.com\/ventengros\/wp-content\/uploads\/sites\/96\/2021\/11\/IMG_20211111_182433.png?resize=300%2C269&amp;ssl=1 300w, https:\/\/i0.wp.com\/ikasougou.com\/ventengros\/wp-content\/uploads\/sites\/96\/2021\/11\/IMG_20211111_182433.png?resize=1024%2C918&amp;ssl=1 1024w, https:\/\/i0.wp.com\/ikasougou.com\/ventengros\/wp-content\/uploads\/sites\/96\/2021\/11\/IMG_20211111_182433.png?resize=768%2C689&amp;ssl=1 768w, https:\/\/i0.wp.com\/ikasougou.com\/ventengros\/wp-content\/uploads\/sites\/96\/2021\/11\/IMG_20211111_182433.png?resize=1536%2C1377&amp;ssl=1 1536w, https:\/\/i0.wp.com\/ikasougou.com\/ventengros\/wp-content\/uploads\/sites\/96\/2021\/11\/IMG_20211111_182433.png?resize=510%2C457&amp;ssl=1 510w, https:\/\/i0.wp.com\/ikasougou.com\/ventengros\/wp-content\/uploads\/sites\/96\/2021\/11\/IMG_20211111_182433.png?w=1280&amp;ssl=1 1280w\" sizes=\"auto, (max-width: 300px) 100vw, 300px\" \/><\/p>\n<div style=\"display:flex; gap:10px;justify-content:center\" class=\"wps-pgfw-pdf-generate-icon__wrapper-frontend\">\n\t\t<a  href=\"https:\/\/ikasougou.com\/ventengros\/wp-json\/wp\/v2\/product\/247?action=genpdf&amp;id=247\" class=\"pgfw-single-pdf-download-button\" ><img src=\"https:\/\/ikasougou.com\/ventengros\/wp-content\/plugins\/pdf-generator-for-wp\/admin\/src\/images\/PDF_Tray.svg\" title=\"G\u00e9n\u00e9rer un PDF\" style=\"width:auto; height:45px;\"><\/a>\n\t\t<\/div>","protected":false},"excerpt":{"rendered":"<p>Baby Wipes Kirkland Les lingettes b\u00e9b\u00e9 de la marque KIRKLAND sont exceptionnellement absorbantes, biod\u00e9gradables, douces, hyper r\u00e9sistantes et d\u2019autres avantages encore ! Vous 900 lingettes dans le carton, ce qui vous permet de faire un bon stock ou de les vendre en d\u00e9tail. Vendu \u00e0 26 000 fcfa.<\/p>\n","protected":false},"featured_media":249,"comment_status":"open","ping_status":"closed","template":"","meta":{"jetpack_publicize_message":"","jetpack_publicize_feature_enabled":true,"jetpack_social_post_already_shared":true,"jetpack_social_options":{"image_generator_settings":{"template":"highway","default_image_id":0,"font":"","enabled":false},"version":2}},"product_brand":[],"product_cat":[27],"product_tag":[19,35,90,18,92,91],"class_list":{"0":"post-247","1":"product","2":"type-product","3":"status-publish","4":"has-post-thumbnail","6":"product_cat-enfants","7":"product_tag-bamako","8":"product_tag-enfants","9":"product_tag-lingettes-pour-bebe","10":"product_tag-mali","11":"product_tag-parents","12":"product_tag-sante-de-bebe","14":"first","15":"instock","16":"shipping-taxable","17":"purchasable","18":"product-type-simple"},"ams_default_variation_id":0,"ams_product_points_reward":[],"ams_product_discount_percentage":0,"ams_price_to_display":26000,"aioseo_notices":[],"ams_acf":[],"jetpack_publicize_connections":[],"jetpack-related-posts":[],"jetpack_sharing_enabled":true,"_links":{"self":[{"href":"https:\/\/ikasougou.com\/ventengros\/wp-json\/wp\/v2\/product\/247","targetHints":{"allow":["GET"]}}],"collection":[{"href":"https:\/\/ikasougou.com\/ventengros\/wp-json\/wp\/v2\/product"}],"about":[{"href":"https:\/\/ikasougou.com\/ventengros\/wp-json\/wp\/v2\/types\/product"}],"replies":[{"embeddable":true,"href":"https:\/\/ikasougou.com\/ventengros\/wp-json\/wp\/v2\/comments?post=247"}],"wp:featuredmedia":[{"embeddable":true,"href":"https:\/\/ikasougou.com\/ventengros\/wp-json\/wp\/v2\/media\/249"}],"wp:attachment":[{"href":"https:\/\/ikasougou.com\/ventengros\/wp-json\/wp\/v2\/media?parent=247"}],"wp:term":[{"taxonomy":"product_brand","embeddable":true,"href":"https:\/\/ikasougou.com\/ventengros\/wp-json\/wp\/v2\/product_brand?post=247"},{"taxonomy":"product_cat","embeddable":true,"href":"https:\/\/ikasougou.com\/ventengros\/wp-json\/wp\/v2\/product_cat?post=247"},{"taxonomy":"product_tag","embeddable":true,"href":"https:\/\/ikasougou.com\/ventengros\/wp-json\/wp\/v2\/product_tag?post=247"}],"curies":[{"name":"wp","href":"https:\/\/api.w.org\/{rel}","templated":true}]}}