{"id":377,"date":"2021-11-16T15:09:04","date_gmt":"2021-11-16T14:09:04","guid":{"rendered":"https:\/\/ikasougou.com\/ventengros\/?post_type=product&#038;p=377"},"modified":"2021-11-16T15:09:04","modified_gmt":"2021-11-16T14:09:04","slug":"un-carton-de-boites-de-12-ketchup-hunts-tomato-397g","status":"publish","type":"product","link":"https:\/\/ikasougou.com\/ventengros\/produit\/un-carton-de-boites-de-12-ketchup-hunts-tomato-397g\/","title":{"rendered":"Un Carton de Boites de 12 Ketchup Hunts Tomato  397G"},"content":{"rendered":"<div class=\"description\"><span class=\"\">Nous commen\u00e7ons avec des tomates m\u00fbres rouges, des assaisonnements de choix et des \u00e9pices pour faire du Hunt\u2019s Ketchup le compl\u00e9ment parfait \u00e0 votre table.<\/span><\/div>\n<div class=\"available-sizes\">Tailles disponibles:<span style=\"font-size: 14.4px;\">14 onces, 20 onces, 32 onces<\/span><\/div>\n<p><img data-recalc-dims=\"1\" loading=\"lazy\" decoding=\"async\" class=\"alignnone size-medium wp-image-354\" src=\"https:\/\/i0.wp.com\/ikasougou.com\/ventengros\/wp-content\/uploads\/sites\/96\/2021\/11\/IMG_20211116_081204.png?resize=300%2C270&#038;ssl=1\" alt=\"\" width=\"300\" height=\"270\" srcset=\"https:\/\/i0.wp.com\/ikasougou.com\/ventengros\/wp-content\/uploads\/sites\/96\/2021\/11\/IMG_20211116_081204.png?resize=300%2C270&amp;ssl=1 300w, https:\/\/i0.wp.com\/ikasougou.com\/ventengros\/wp-content\/uploads\/sites\/96\/2021\/11\/IMG_20211116_081204.png?resize=1024%2C923&amp;ssl=1 1024w, https:\/\/i0.wp.com\/ikasougou.com\/ventengros\/wp-content\/uploads\/sites\/96\/2021\/11\/IMG_20211116_081204.png?resize=768%2C692&amp;ssl=1 768w, https:\/\/i0.wp.com\/ikasougou.com\/ventengros\/wp-content\/uploads\/sites\/96\/2021\/11\/IMG_20211116_081204.png?resize=1536%2C1384&amp;ssl=1 1536w, https:\/\/i0.wp.com\/ikasougou.com\/ventengros\/wp-content\/uploads\/sites\/96\/2021\/11\/IMG_20211116_081204.png?resize=510%2C460&amp;ssl=1 510w, https:\/\/i0.wp.com\/ikasougou.com\/ventengros\/wp-content\/uploads\/sites\/96\/2021\/11\/IMG_20211116_081204.png?w=1280&amp;ssl=1 1280w\" sizes=\"auto, (max-width: 300px) 100vw, 300px\" \/> <img data-recalc-dims=\"1\" loading=\"lazy\" decoding=\"async\" class=\"alignnone size-medium wp-image-353\" src=\"https:\/\/i0.wp.com\/ikasougou.com\/ventengros\/wp-content\/uploads\/sites\/96\/2021\/11\/IMG_20211116_081249.png?resize=300%2C266&#038;ssl=1\" alt=\"\" width=\"300\" height=\"266\" srcset=\"https:\/\/i0.wp.com\/ikasougou.com\/ventengros\/wp-content\/uploads\/sites\/96\/2021\/11\/IMG_20211116_081249.png?resize=300%2C266&amp;ssl=1 300w, https:\/\/i0.wp.com\/ikasougou.com\/ventengros\/wp-content\/uploads\/sites\/96\/2021\/11\/IMG_20211116_081249.png?resize=1024%2C907&amp;ssl=1 1024w, https:\/\/i0.wp.com\/ikasougou.com\/ventengros\/wp-content\/uploads\/sites\/96\/2021\/11\/IMG_20211116_081249.png?resize=768%2C680&amp;ssl=1 768w, https:\/\/i0.wp.com\/ikasougou.com\/ventengros\/wp-content\/uploads\/sites\/96\/2021\/11\/IMG_20211116_081249.png?resize=1536%2C1360&amp;ssl=1 1536w, https:\/\/i0.wp.com\/ikasougou.com\/ventengros\/wp-content\/uploads\/sites\/96\/2021\/11\/IMG_20211116_081249.png?resize=510%2C452&amp;ssl=1 510w, https:\/\/i0.wp.com\/ikasougou.com\/ventengros\/wp-content\/uploads\/sites\/96\/2021\/11\/IMG_20211116_081249.png?w=1280&amp;ssl=1 1280w\" sizes=\"auto, (max-width: 300px) 100vw, 300px\" \/> <img data-recalc-dims=\"1\" loading=\"lazy\" decoding=\"async\" class=\"alignnone size-medium wp-image-352\" src=\"https:\/\/i0.wp.com\/ikasougou.com\/ventengros\/wp-content\/uploads\/sites\/96\/2021\/11\/IMG_20211116_081301.png?resize=300%2C195&#038;ssl=1\" alt=\"\" width=\"300\" height=\"195\" srcset=\"https:\/\/i0.wp.com\/ikasougou.com\/ventengros\/wp-content\/uploads\/sites\/96\/2021\/11\/IMG_20211116_081301.png?resize=300%2C195&amp;ssl=1 300w, https:\/\/i0.wp.com\/ikasougou.com\/ventengros\/wp-content\/uploads\/sites\/96\/2021\/11\/IMG_20211116_081301.png?resize=1024%2C667&amp;ssl=1 1024w, https:\/\/i0.wp.com\/ikasougou.com\/ventengros\/wp-content\/uploads\/sites\/96\/2021\/11\/IMG_20211116_081301.png?resize=768%2C500&amp;ssl=1 768w, https:\/\/i0.wp.com\/ikasougou.com\/ventengros\/wp-content\/uploads\/sites\/96\/2021\/11\/IMG_20211116_081301.png?resize=1536%2C1000&amp;ssl=1 1536w, https:\/\/i0.wp.com\/ikasougou.com\/ventengros\/wp-content\/uploads\/sites\/96\/2021\/11\/IMG_20211116_081301.png?resize=510%2C332&amp;ssl=1 510w, https:\/\/i0.wp.com\/ikasougou.com\/ventengros\/wp-content\/uploads\/sites\/96\/2021\/11\/IMG_20211116_081301.png?w=1280&amp;ssl=1 1280w\" sizes=\"auto, (max-width: 300px) 100vw, 300px\" \/> <img data-recalc-dims=\"1\" loading=\"lazy\" decoding=\"async\" class=\"alignnone size-medium wp-image-351\" src=\"https:\/\/i0.wp.com\/ikasougou.com\/ventengros\/wp-content\/uploads\/sites\/96\/2021\/11\/IMG_20211116_081644.png?resize=300%2C270&#038;ssl=1\" alt=\"\" width=\"300\" height=\"270\" srcset=\"https:\/\/i0.wp.com\/ikasougou.com\/ventengros\/wp-content\/uploads\/sites\/96\/2021\/11\/IMG_20211116_081644.png?resize=300%2C270&amp;ssl=1 300w, https:\/\/i0.wp.com\/ikasougou.com\/ventengros\/wp-content\/uploads\/sites\/96\/2021\/11\/IMG_20211116_081644.png?resize=1024%2C922&amp;ssl=1 1024w, https:\/\/i0.wp.com\/ikasougou.com\/ventengros\/wp-content\/uploads\/sites\/96\/2021\/11\/IMG_20211116_081644.png?resize=768%2C691&amp;ssl=1 768w, https:\/\/i0.wp.com\/ikasougou.com\/ventengros\/wp-content\/uploads\/sites\/96\/2021\/11\/IMG_20211116_081644.png?resize=1536%2C1382&amp;ssl=1 1536w, https:\/\/i0.wp.com\/ikasougou.com\/ventengros\/wp-content\/uploads\/sites\/96\/2021\/11\/IMG_20211116_081644.png?resize=510%2C459&amp;ssl=1 510w, https:\/\/i0.wp.com\/ikasougou.com\/ventengros\/wp-content\/uploads\/sites\/96\/2021\/11\/IMG_20211116_081644.png?w=1280&amp;ssl=1 1280w\" sizes=\"auto, (max-width: 300px) 100vw, 300px\" \/> <img data-recalc-dims=\"1\" loading=\"lazy\" decoding=\"async\" class=\"alignnone size-medium wp-image-350\" src=\"https:\/\/i0.wp.com\/ikasougou.com\/ventengros\/wp-content\/uploads\/sites\/96\/2021\/11\/IMG_20211116_081629.png?resize=300%2C266&#038;ssl=1\" alt=\"\" width=\"300\" height=\"266\" srcset=\"https:\/\/i0.wp.com\/ikasougou.com\/ventengros\/wp-content\/uploads\/sites\/96\/2021\/11\/IMG_20211116_081629.png?resize=300%2C266&amp;ssl=1 300w, https:\/\/i0.wp.com\/ikasougou.com\/ventengros\/wp-content\/uploads\/sites\/96\/2021\/11\/IMG_20211116_081629.png?resize=1024%2C909&amp;ssl=1 1024w, https:\/\/i0.wp.com\/ikasougou.com\/ventengros\/wp-content\/uploads\/sites\/96\/2021\/11\/IMG_20211116_081629.png?resize=768%2C682&amp;ssl=1 768w, https:\/\/i0.wp.com\/ikasougou.com\/ventengros\/wp-content\/uploads\/sites\/96\/2021\/11\/IMG_20211116_081629.png?resize=1536%2C1364&amp;ssl=1 1536w, https:\/\/i0.wp.com\/ikasougou.com\/ventengros\/wp-content\/uploads\/sites\/96\/2021\/11\/IMG_20211116_081629.png?resize=510%2C453&amp;ssl=1 510w, https:\/\/i0.wp.com\/ikasougou.com\/ventengros\/wp-content\/uploads\/sites\/96\/2021\/11\/IMG_20211116_081629.png?w=1280&amp;ssl=1 1280w\" sizes=\"auto, (max-width: 300px) 100vw, 300px\" \/><\/p>\n<div style=\"display:flex; gap:10px;justify-content:center\" class=\"wps-pgfw-pdf-generate-icon__wrapper-frontend\">\n\t\t<a  href=\"https:\/\/ikasougou.com\/ventengros\/wp-json\/wp\/v2\/product\/377?action=genpdf&amp;id=377\" class=\"pgfw-single-pdf-download-button\" ><img src=\"https:\/\/ikasougou.com\/ventengros\/wp-content\/plugins\/pdf-generator-for-wp\/admin\/src\/images\/PDF_Tray.svg\" title=\"G\u00e9n\u00e9rer un PDF\" style=\"width:auto; height:45px;\"><\/a>\n\t\t<\/div>","protected":false},"excerpt":{"rendered":"<p>Nous commen\u00e7ons avec des tomates m\u00fbres rouges, des assaisonnements de choix et des \u00e9pices pour faire du Hunt\u2019s Ketchup le compl\u00e9ment parfait \u00e0 votre table. Tailles disponibles:14 onces, 20 onces, 32 onces<\/p>\n","protected":false},"featured_media":352,"comment_status":"open","ping_status":"closed","template":"","meta":{"jetpack_publicize_message":"","jetpack_publicize_feature_enabled":true,"jetpack_social_post_already_shared":true,"jetpack_social_options":{"image_generator_settings":{"template":"highway","default_image_id":0,"font":"","enabled":false},"version":2}},"product_brand":[],"product_cat":[16],"product_tag":[19,115,18,116,114],"class_list":{"0":"post-377","1":"product","2":"type-product","3":"status-publish","4":"has-post-thumbnail","6":"product_cat-alimentaire","7":"product_tag-bamako","8":"product_tag-des-tomates-mures-rouges","9":"product_tag-mali","10":"product_tag-plat","11":"product_tag-un-carton-de-boites-de-12-ketchup-hunts-tomato-397g","13":"first","14":"instock","15":"shipping-taxable","16":"purchasable","17":"product-type-simple"},"ams_default_variation_id":0,"ams_product_points_reward":[],"ams_product_discount_percentage":0,"ams_price_to_display":18000,"aioseo_notices":[],"ams_acf":[],"jetpack_publicize_connections":[],"jetpack-related-posts":[],"jetpack_sharing_enabled":true,"_links":{"self":[{"href":"https:\/\/ikasougou.com\/ventengros\/wp-json\/wp\/v2\/product\/377","targetHints":{"allow":["GET"]}}],"collection":[{"href":"https:\/\/ikasougou.com\/ventengros\/wp-json\/wp\/v2\/product"}],"about":[{"href":"https:\/\/ikasougou.com\/ventengros\/wp-json\/wp\/v2\/types\/product"}],"replies":[{"embeddable":true,"href":"https:\/\/ikasougou.com\/ventengros\/wp-json\/wp\/v2\/comments?post=377"}],"wp:featuredmedia":[{"embeddable":true,"href":"https:\/\/ikasougou.com\/ventengros\/wp-json\/wp\/v2\/media\/352"}],"wp:attachment":[{"href":"https:\/\/ikasougou.com\/ventengros\/wp-json\/wp\/v2\/media?parent=377"}],"wp:term":[{"taxonomy":"product_brand","embeddable":true,"href":"https:\/\/ikasougou.com\/ventengros\/wp-json\/wp\/v2\/product_brand?post=377"},{"taxonomy":"product_cat","embeddable":true,"href":"https:\/\/ikasougou.com\/ventengros\/wp-json\/wp\/v2\/product_cat?post=377"},{"taxonomy":"product_tag","embeddable":true,"href":"https:\/\/ikasougou.com\/ventengros\/wp-json\/wp\/v2\/product_tag?post=377"}],"curies":[{"name":"wp","href":"https:\/\/api.w.org\/{rel}","templated":true}]}}