{"id":534,"date":"2021-12-03T16:52:18","date_gmt":"2021-12-03T15:52:18","guid":{"rendered":"https:\/\/ikasougou.com\/ventengros\/?post_type=product&#038;p=534"},"modified":"2021-12-03T16:52:19","modified_gmt":"2021-12-03T15:52:19","slug":"kirkland-fun-house-treats-candies","status":"publish","type":"product","link":"https:\/\/ikasougou.com\/ventengros\/produit\/kirkland-fun-house-treats-candies\/","title":{"rendered":"KIRKLAND FUN HOUSE TREATS CANDIES"},"content":{"rendered":"<p>175 pi\u00e8ces de bonbons dans un paquet, et aussi de diff\u00e9rentes marques et saveurs ! Tr\u00e8s avantageux pour le gouter de vos enfants et la revente ! C\u2019 est ce que vous propose la marque am\u00e9ricaine KIRKLAND avec son paquet FUN HOUSE TREATS CANDIES , disponible chez Ikasougou. Ne tardez pas ! Faites plaisir \u00e0 vos enfants !<\/p>\n<p><img data-recalc-dims=\"1\" loading=\"lazy\" decoding=\"async\" class=\"alignnone size-full wp-image-528\" src=\"https:\/\/i0.wp.com\/ikasougou.com\/ventengros\/wp-content\/uploads\/sites\/96\/2021\/12\/telechargement.jpg?resize=225%2C225&#038;ssl=1\" alt=\"\" width=\"225\" height=\"225\" srcset=\"https:\/\/i0.wp.com\/ikasougou.com\/ventengros\/wp-content\/uploads\/sites\/96\/2021\/12\/telechargement.jpg?w=225&amp;ssl=1 225w, https:\/\/i0.wp.com\/ikasougou.com\/ventengros\/wp-content\/uploads\/sites\/96\/2021\/12\/telechargement.jpg?resize=150%2C150&amp;ssl=1 150w, https:\/\/i0.wp.com\/ikasougou.com\/ventengros\/wp-content\/uploads\/sites\/96\/2021\/12\/telechargement.jpg?resize=100%2C100&amp;ssl=1 100w\" sizes=\"auto, (max-width: 225px) 100vw, 225px\" \/><\/p>\n<div style=\"display:flex; gap:10px;justify-content:center\" class=\"wps-pgfw-pdf-generate-icon__wrapper-frontend\">\n\t\t<a  href=\"https:\/\/ikasougou.com\/ventengros\/wp-json\/wp\/v2\/product\/534?action=genpdf&amp;id=534\" class=\"pgfw-single-pdf-download-button\" ><img src=\"https:\/\/ikasougou.com\/ventengros\/wp-content\/plugins\/pdf-generator-for-wp\/admin\/src\/images\/PDF_Tray.svg\" title=\"G\u00e9n\u00e9rer un PDF\" style=\"width:auto; height:45px;\"><\/a>\n\t\t<\/div>","protected":false},"excerpt":{"rendered":"<p>175 pi\u00e8ces de bonbons dans un paquet, et aussi de diff\u00e9rentes marques et saveurs ! Tr\u00e8s avantageux pour le gouter de vos enfants et la revente ! C\u2019 est ce que vous propose la marque am\u00e9ricaine KIRKLAND avec son paquet FUN HOUSE TREATS CANDIES , disponible chez Ikasougou. Ne tardez pas ! Faites plaisir \u00e0 [&#8230;]\n","protected":false},"featured_media":528,"comment_status":"open","ping_status":"closed","template":"","meta":{"jetpack_publicize_message":"","jetpack_publicize_feature_enabled":true,"jetpack_social_post_already_shared":true,"jetpack_social_options":{"image_generator_settings":{"template":"highway","default_image_id":0,"font":"","enabled":false},"version":2}},"product_brand":[],"product_cat":[16,87],"product_tag":[64,19,93,35,18],"class_list":{"0":"post-534","1":"product","2":"type-product","3":"status-publish","4":"has-post-thumbnail","6":"product_cat-alimentaire","7":"product_cat-amuse-bouche","8":"product_tag-amuse-bouche","9":"product_tag-bamako","10":"product_tag-bonbon","11":"product_tag-enfants","12":"product_tag-mali","14":"first","15":"instock","16":"shipping-taxable","17":"product-type-simple"},"ams_default_variation_id":0,"ams_product_points_reward":[],"ams_product_discount_percentage":0,"ams_price_to_display":0,"aioseo_notices":[],"ams_acf":[],"jetpack_publicize_connections":[],"jetpack-related-posts":[],"jetpack_sharing_enabled":true,"_links":{"self":[{"href":"https:\/\/ikasougou.com\/ventengros\/wp-json\/wp\/v2\/product\/534","targetHints":{"allow":["GET"]}}],"collection":[{"href":"https:\/\/ikasougou.com\/ventengros\/wp-json\/wp\/v2\/product"}],"about":[{"href":"https:\/\/ikasougou.com\/ventengros\/wp-json\/wp\/v2\/types\/product"}],"replies":[{"embeddable":true,"href":"https:\/\/ikasougou.com\/ventengros\/wp-json\/wp\/v2\/comments?post=534"}],"wp:featuredmedia":[{"embeddable":true,"href":"https:\/\/ikasougou.com\/ventengros\/wp-json\/wp\/v2\/media\/528"}],"wp:attachment":[{"href":"https:\/\/ikasougou.com\/ventengros\/wp-json\/wp\/v2\/media?parent=534"}],"wp:term":[{"taxonomy":"product_brand","embeddable":true,"href":"https:\/\/ikasougou.com\/ventengros\/wp-json\/wp\/v2\/product_brand?post=534"},{"taxonomy":"product_cat","embeddable":true,"href":"https:\/\/ikasougou.com\/ventengros\/wp-json\/wp\/v2\/product_cat?post=534"},{"taxonomy":"product_tag","embeddable":true,"href":"https:\/\/ikasougou.com\/ventengros\/wp-json\/wp\/v2\/product_tag?post=534"}],"curies":[{"name":"wp","href":"https:\/\/api.w.org\/{rel}","templated":true}]}}