{"id":554,"date":"2022-01-07T17:41:06","date_gmt":"2022-01-07T16:41:06","guid":{"rendered":"https:\/\/ikasougou.com\/ventengros\/?post_type=product&#038;p=554"},"modified":"2022-01-07T17:52:59","modified_gmt":"2022-01-07T16:52:59","slug":"axe-dark-temptation-gel-douche-2x250ml-copie","status":"publish","type":"product","link":"https:\/\/ikasougou.com\/ventengros\/produit\/axe-dark-temptation-gel-douche-2x250ml-copie\/","title":{"rendered":"AXE Collision Gel douche homme fresh clash 2x250ml"},"content":{"rendered":"<div class=\"product-description__feature-wrapper\">\n<div class=\"product-description__feature-group-wrapper\">\n<div class=\"product-description__feature-values\">\n<div id=\"description\" class=\"c-product-sheet-additional-details__item\" data-v-4e2cf8d3=\"\" data-v-238e6df2=\"\" data-v-78ee5ee4=\"\">\n<div class=\"product-description__feature-wrapper\">\n<div>\n<div class=\"product-description__feature-group-wrapper\">\n<div class=\"product-description__feature-values\"><span class=\"product-description__feature-value\">Re-booste toi avec ce gel douche de choc, une collision entre deux choses qui te font vibrer : le cuir et les cookies. Verse dans le creux de la main et masse pour faire mousser. Rince abondamment et applique ton parfum AXE pr\u00e9f\u00e9r\u00e9.Depuis 1983, la marque AXE accompagne les hommes dans leur quotidien, et les aide \u00e0 se lib\u00e9rer des st\u00e9r\u00e9otypes sur la virilit\u00e9 et la beaut\u00e9 masculine. AXE propose une gamme compl\u00e8te de soins d\u2019hygi\u00e8ne pour homme compos\u00e9e de d\u00e9odorants, d&#8217;anti-transpirants, de gels douche, de shampoings, de produits coiffants, d&#8217;apr\u00e8s-rasage, d&#8217;eaux de toilette et de parfums : tout ce dont un homme a besoin pour affirmer son style et rester confiant tout au long de la journ\u00e9e. Car ce qui rend un homme attirant, c\u2019est avant tout son propre style. C\u2019est de l\u00e0 que vient la signature de la marque AXE: Find Your Magic, r\u00e9v\u00e8le ce qui te rend unique. Les produits AXE ont une fragrance sensuelle, des notes sophistiqu\u00e9es, et permettent de rester frais, confiant et de sentir bon m\u00eame lors des coups de chaud du quotidien, accompagnant ainsi les hommes tout au long de la journ\u00e9e et de la nuit. R\u00e9v\u00e9lez ce qui vous rend unique en retrouvant AXE sur Facebook, Twitter, Instagram YouTube, Snapchat et suivez l\u2019actualit\u00e9 de la marque sur vos r\u00e9seaux sociaux favoris. Au programme de l\u2019humour, de la musique et de nombreuses surprises !<\/span><\/div>\n<\/div>\n<\/div>\n<\/div>\n<\/div>\n<\/div>\n<\/div>\n<\/div>\n<div class=\"product-description__feature-wrapper\">\n<div class=\"product-description__feature--single\"><\/div>\n<\/div>\n<h2><img decoding=\"async\" class=\"\" style=\"font-size: 14.4px;\" src=\"https:\/\/m.media-amazon.com\/images\/S\/aplus-media\/vc\/5bd0ee00-925a-40a7-b378-f0c08965c89d.__CR0,0,970,300_PT0_SX970_V1___.jpg\" alt=\"deodorant\" data-src=\"https:\/\/m.media-amazon.com\/images\/S\/aplus-media\/vc\/5bd0ee00-925a-40a7-b378-f0c08965c89d.__CR0,0,970,300_PT0_SX970_V1___.jpg\" \/><\/h2>\n<div class=\"aplus-v2 desktop celwidget\" data-cel-widget=\"aplus\" data-csa-c-id=\"rm9mrm-6h5a7t-xllyoz-8ym6ar\">\n<div class=\"celwidget aplus-module module-12 aplus-standard\" data-cel-widget=\"aplus-module-12\" data-csa-c-id=\"z2pv7z-6x57qs-h3mnqw-nciqxw\">\n<div class=\"a-expander-collapsed-height a-row a-expander-container a-expander-partial-collapse-container\" aria-live=\"polite\" data-a-expander-name=\"aplus-module-expander\" data-a-expander-collapsed-height=\"360\">\n<div class=\"a-expander-content a-expander-partial-collapse-content\" aria-expanded=\"false\">\n<div><\/div>\n<\/div>\n<\/div>\n<\/div>\n<div class=\"celwidget aplus-module module-3 aplus-standard\" data-cel-widget=\"aplus-module-3\" data-csa-c-id=\"5dzmrb-2bq272-at1zlx-3nv8vs\">\n<div class=\"a-expander-collapsed-height a-row a-expander-container a-expander-partial-collapse-container\" aria-live=\"polite\" data-a-expander-name=\"aplus-module-expander\" data-a-expander-collapsed-height=\"700\">\n<div class=\"a-expander-content a-expander-partial-collapse-content\" aria-expanded=\"false\">\n<div class=\"aplus-module-wrapper apm-floatnone apm-fixed-width\">\n<div class=\"apm-sidemodule apm-spacing\">\n<div class=\"apm-sidemodule-imageright\"><img decoding=\"async\" class=\"a-spacing-mini alignright\" src=\"https:\/\/m.media-amazon.com\/images\/S\/aplus-media\/vc\/88b66923-1a07-4728-a699-2ffecbfd2dbe.__CR0,0,300,300_PT0_SX300_V1___.png\" alt=\"logo\" data-src=\"https:\/\/m.media-amazon.com\/images\/S\/aplus-media\/vc\/88b66923-1a07-4728-a699-2ffecbfd2dbe.__CR0,0,300,300_PT0_SX300_V1___.png\" \/><\/div>\n<div class=\"apm-sidemodule-textleft\">\n<h3 class=\"a-spacing-mini\">AXE : FIND YOUR MAGIC<\/h3>\n<p>Depuis 1983, la marque AXE accompagne les hommes dans leur quotidien, et les aide \u00e0 se lib\u00e9rer des st\u00e9r\u00e9otypes sur la virilit\u00e9 et la beaut\u00e9 masculine.<\/p>\n<p>AXE propose une gamme compl\u00e8te de soins d\u2019hygi\u00e8ne pour homme compos\u00e9e de d\u00e9odorants, d&#8217;anti-transpirants, de gels douche, de produits coiffants (p\u00e2te fixante, gel, gomme, cire), d&#8217;apr\u00e8s-rasage et d&#8217;eaux de toilette: tout ce dont tu as besoin pour affirmer ton style et rester confiant tout au long de la journ\u00e9e. Car ce qui te rend attirant, c\u2019est avant tout ton propre style.<\/p>\n<p><span class=\"a-text-bold\">Avec AXE,<\/span> r\u00e9v\u00e8le ce qui te rend unique.<\/p>\n<\/div>\n<\/div>\n<\/div>\n<\/div>\n<\/div>\n<\/div>\n<\/div>\n<div style=\"display:flex; gap:10px;justify-content:center\" class=\"wps-pgfw-pdf-generate-icon__wrapper-frontend\">\n\t\t<a  href=\"https:\/\/ikasougou.com\/ventengros\/wp-json\/wp\/v2\/product\/554?action=genpdf&amp;id=554\" class=\"pgfw-single-pdf-download-button\" ><img src=\"https:\/\/ikasougou.com\/ventengros\/wp-content\/plugins\/pdf-generator-for-wp\/admin\/src\/images\/PDF_Tray.svg\" title=\"G\u00e9n\u00e9rer un PDF\" style=\"width:auto; height:45px;\"><\/a>\n\t\t<\/div>","protected":false},"excerpt":{"rendered":"<ul class=\"a-unordered-list a-vertical a-spacing-mini\">\n<li>\n<div class=\"product-description__feature-group-wrapper\">\n<div class=\"product-description__feature-values\"><span class=\"product-description__feature-value\">Gel douche homme, fra\u00eecheur et propret\u00e9<\/span><\/div>\n<\/div>\n<div class=\"product-description__feature-group-wrapper\"><\/div>\n<\/li>\n<\/ul>\n","protected":false},"featured_media":557,"comment_status":"open","ping_status":"closed","template":"","meta":{"jetpack_publicize_message":"","jetpack_publicize_feature_enabled":true,"jetpack_social_post_already_shared":true,"jetpack_social_options":{"image_generator_settings":{"template":"highway","default_image_id":0,"font":"","enabled":false},"version":2}},"product_brand":[],"product_cat":[156],"product_tag":[157,166,160,159,167],"class_list":{"0":"post-554","1":"product","2":"type-product","3":"status-publish","4":"has-post-thumbnail","6":"product_cat-hygiene","7":"product_tag-axe","8":"product_tag-dark","9":"product_tag-gel-douche","10":"product_tag-homme","11":"product_tag-temptation","13":"first","14":"instock","15":"shipping-taxable","16":"purchasable","17":"product-type-simple"},"ams_default_variation_id":0,"ams_product_points_reward":[],"ams_product_discount_percentage":0,"ams_price_to_display":3000,"aioseo_notices":[],"ams_acf":[],"jetpack_publicize_connections":[],"jetpack-related-posts":[],"jetpack_sharing_enabled":true,"_links":{"self":[{"href":"https:\/\/ikasougou.com\/ventengros\/wp-json\/wp\/v2\/product\/554","targetHints":{"allow":["GET"]}}],"collection":[{"href":"https:\/\/ikasougou.com\/ventengros\/wp-json\/wp\/v2\/product"}],"about":[{"href":"https:\/\/ikasougou.com\/ventengros\/wp-json\/wp\/v2\/types\/product"}],"replies":[{"embeddable":true,"href":"https:\/\/ikasougou.com\/ventengros\/wp-json\/wp\/v2\/comments?post=554"}],"wp:featuredmedia":[{"embeddable":true,"href":"https:\/\/ikasougou.com\/ventengros\/wp-json\/wp\/v2\/media\/557"}],"wp:attachment":[{"href":"https:\/\/ikasougou.com\/ventengros\/wp-json\/wp\/v2\/media?parent=554"}],"wp:term":[{"taxonomy":"product_brand","embeddable":true,"href":"https:\/\/ikasougou.com\/ventengros\/wp-json\/wp\/v2\/product_brand?post=554"},{"taxonomy":"product_cat","embeddable":true,"href":"https:\/\/ikasougou.com\/ventengros\/wp-json\/wp\/v2\/product_cat?post=554"},{"taxonomy":"product_tag","embeddable":true,"href":"https:\/\/ikasougou.com\/ventengros\/wp-json\/wp\/v2\/product_tag?post=554"}],"curies":[{"name":"wp","href":"https:\/\/api.w.org\/{rel}","templated":true}]}}