{"id":579,"date":"2022-01-13T15:42:18","date_gmt":"2022-01-13T14:42:18","guid":{"rendered":"https:\/\/ikasougou.com\/ventengros\/?post_type=product&#038;p=579"},"modified":"2022-01-13T15:42:18","modified_gmt":"2022-01-13T14:42:18","slug":"12-jus-spar-tropical-brik-1l","status":"publish","type":"product","link":"https:\/\/ikasougou.com\/ventengros\/produit\/12-jus-spar-tropical-brik-1l\/","title":{"rendered":"12 JUS SPAR TROPICAL BRIK 1L"},"content":{"rendered":"<p>Jus Tropical 100% riche en vitamins. Diff\u00e9rent saveur au choix, Il est un compl\u00e9ment alimentaire id\u00e9al. Jus Tropical 100% riche en vitamines Il est un compl\u00e9ment alimentaire Diff\u00e9rentes saveurs au choix; Peach-pomme, ananas-pomme, orange, tomate&#8230; Id\u00e9al<\/p>\n<div style=\"display:flex; gap:10px;justify-content:center\" class=\"wps-pgfw-pdf-generate-icon__wrapper-frontend\">\n\t\t<a  href=\"https:\/\/ikasougou.com\/ventengros\/wp-json\/wp\/v2\/product\/579?action=genpdf&amp;id=579\" class=\"pgfw-single-pdf-download-button\" ><img src=\"https:\/\/ikasougou.com\/ventengros\/wp-content\/plugins\/pdf-generator-for-wp\/admin\/src\/images\/PDF_Tray.svg\" title=\"G\u00e9n\u00e9rer un PDF\" style=\"width:auto; height:45px;\"><\/a>\n\t\t<\/div>","protected":false},"excerpt":{"rendered":"<p>Jus Tropical 100% riche en vitamins. Diff\u00e9rent saveur au choix, Il est un compl\u00e9ment alimentaire id\u00e9al. Jus Tropical 100% riche en vitamines Il est un compl\u00e9ment alimentaire Diff\u00e9rentes saveurs au choix; Peach-pomme, ananas-pomme, orange, tomate&#8230; Id\u00e9al<\/p>\n","protected":false},"featured_media":580,"comment_status":"open","ping_status":"closed","template":"","meta":{"jetpack_publicize_message":"","jetpack_publicize_feature_enabled":true,"jetpack_social_post_already_shared":true,"jetpack_social_options":{"image_generator_settings":{"template":"highway","default_image_id":0,"font":"","enabled":false},"version":2}},"product_brand":[],"product_cat":[16,30],"product_tag":[176,172,177,175,174,178,173],"class_list":{"0":"post-579","1":"product","2":"type-product","3":"status-publish","4":"has-post-thumbnail","6":"product_cat-alimentaire","7":"product_cat-boissons","8":"product_tag-ananas-pomme","9":"product_tag-jus","10":"product_tag-orange","11":"product_tag-peach-pomme","12":"product_tag-spar","13":"product_tag-tomate","14":"product_tag-tropical","16":"first","17":"instock","18":"shipping-taxable","19":"purchasable","20":"product-type-simple"},"ams_default_variation_id":0,"ams_product_points_reward":[],"ams_product_discount_percentage":0,"ams_price_to_display":11500,"aioseo_notices":[],"ams_acf":[],"jetpack_publicize_connections":[],"jetpack-related-posts":[],"jetpack_sharing_enabled":true,"_links":{"self":[{"href":"https:\/\/ikasougou.com\/ventengros\/wp-json\/wp\/v2\/product\/579","targetHints":{"allow":["GET"]}}],"collection":[{"href":"https:\/\/ikasougou.com\/ventengros\/wp-json\/wp\/v2\/product"}],"about":[{"href":"https:\/\/ikasougou.com\/ventengros\/wp-json\/wp\/v2\/types\/product"}],"replies":[{"embeddable":true,"href":"https:\/\/ikasougou.com\/ventengros\/wp-json\/wp\/v2\/comments?post=579"}],"wp:featuredmedia":[{"embeddable":true,"href":"https:\/\/ikasougou.com\/ventengros\/wp-json\/wp\/v2\/media\/580"}],"wp:attachment":[{"href":"https:\/\/ikasougou.com\/ventengros\/wp-json\/wp\/v2\/media?parent=579"}],"wp:term":[{"taxonomy":"product_brand","embeddable":true,"href":"https:\/\/ikasougou.com\/ventengros\/wp-json\/wp\/v2\/product_brand?post=579"},{"taxonomy":"product_cat","embeddable":true,"href":"https:\/\/ikasougou.com\/ventengros\/wp-json\/wp\/v2\/product_cat?post=579"},{"taxonomy":"product_tag","embeddable":true,"href":"https:\/\/ikasougou.com\/ventengros\/wp-json\/wp\/v2\/product_tag?post=579"}],"curies":[{"name":"wp","href":"https:\/\/api.w.org\/{rel}","templated":true}]}}