{"id":60,"date":"2021-11-02T23:12:48","date_gmt":"2021-11-02T22:12:48","guid":{"rendered":"https:\/\/ikasougou.com\/ventengros\/?post_type=product&#038;p=60"},"modified":"2021-11-02T23:12:48","modified_gmt":"2021-11-02T22:12:48","slug":"un-paquet-de-6-oasis-tropical-2-litres","status":"publish","type":"product","link":"https:\/\/ikasougou.com\/ventengros\/produit\/un-paquet-de-6-oasis-tropical-2-litres\/","title":{"rendered":"Un Paquet de 6 Oasis Tropical 2 Litres"},"content":{"rendered":"<p>texte descriptif<br \/>\nD\u00e9couvrez nos paquets de 6 Oasis Tropical pour faire le plein de votre stock. Avec son go\u00fbt fruit\u00e9 et rafra\u00eechissant, Oasis Tropical est sans conservateur, sans ar\u00f4me, ni colorants artificiels.<\/p>\n<p><img data-recalc-dims=\"1\" loading=\"lazy\" decoding=\"async\" class=\"alignnone size-medium wp-image-61\" src=\"https:\/\/i0.wp.com\/ikasougou.com\/ventengros\/wp-content\/uploads\/sites\/96\/2021\/11\/Oasis-Tropical-1.jpeg?resize=200%2C300&#038;ssl=1\" alt=\"\" width=\"200\" height=\"300\" srcset=\"https:\/\/i0.wp.com\/ikasougou.com\/ventengros\/wp-content\/uploads\/sites\/96\/2021\/11\/Oasis-Tropical-1.jpeg?resize=200%2C300&amp;ssl=1 200w, https:\/\/i0.wp.com\/ikasougou.com\/ventengros\/wp-content\/uploads\/sites\/96\/2021\/11\/Oasis-Tropical-1.jpeg?resize=510%2C764&amp;ssl=1 510w, https:\/\/i0.wp.com\/ikasougou.com\/ventengros\/wp-content\/uploads\/sites\/96\/2021\/11\/Oasis-Tropical-1.jpeg?w=616&amp;ssl=1 616w\" sizes=\"auto, (max-width: 200px) 100vw, 200px\" \/><\/p>\n<div style=\"display:flex; gap:10px;justify-content:center\" class=\"wps-pgfw-pdf-generate-icon__wrapper-frontend\">\n\t\t<a  href=\"https:\/\/ikasougou.com\/ventengros\/wp-json\/wp\/v2\/product\/60?action=genpdf&amp;id=60\" class=\"pgfw-single-pdf-download-button\" ><img src=\"https:\/\/ikasougou.com\/ventengros\/wp-content\/plugins\/pdf-generator-for-wp\/admin\/src\/images\/PDF_Tray.svg\" title=\"G\u00e9n\u00e9rer un PDF\" style=\"width:auto; height:45px;\"><\/a>\n\t\t<\/div>","protected":false},"excerpt":{"rendered":"<p>texte descriptif D\u00e9couvrez nos paquets de 6 Oasis Tropical pour faire le plein de votre stock. Avec son go\u00fbt fruit\u00e9 et rafra\u00eechissant, Oasis Tropical est sans conservateur, sans ar\u00f4me, ni colorants artificiels.<\/p>\n","protected":false},"featured_media":61,"comment_status":"open","ping_status":"closed","template":"","meta":{"jetpack_publicize_message":"","jetpack_publicize_feature_enabled":true,"jetpack_social_post_already_shared":false,"jetpack_social_options":{"image_generator_settings":{"template":"highway","default_image_id":0,"font":"","enabled":false},"version":2}},"product_brand":[],"product_cat":[16,30],"product_tag":[19,33,35,34,18,32,31],"class_list":{"0":"post-60","1":"product","2":"type-product","3":"status-publish","4":"has-post-thumbnail","6":"product_cat-alimentaire","7":"product_cat-boissons","8":"product_tag-bamako","9":"product_tag-boissons","10":"product_tag-enfants","11":"product_tag-jus-de-fruits","12":"product_tag-mali","13":"product_tag-oasis-tropical-2-litres","14":"product_tag-un-paquet-de-6-oasis-tropical-2-litres","16":"first","17":"instock","18":"shipping-taxable","19":"purchasable","20":"product-type-simple"},"ams_default_variation_id":0,"ams_product_points_reward":[],"ams_product_discount_percentage":0,"ams_price_to_display":17000,"aioseo_notices":[],"ams_acf":[],"jetpack_publicize_connections":[],"jetpack-related-posts":[],"jetpack_sharing_enabled":true,"_links":{"self":[{"href":"https:\/\/ikasougou.com\/ventengros\/wp-json\/wp\/v2\/product\/60","targetHints":{"allow":["GET"]}}],"collection":[{"href":"https:\/\/ikasougou.com\/ventengros\/wp-json\/wp\/v2\/product"}],"about":[{"href":"https:\/\/ikasougou.com\/ventengros\/wp-json\/wp\/v2\/types\/product"}],"replies":[{"embeddable":true,"href":"https:\/\/ikasougou.com\/ventengros\/wp-json\/wp\/v2\/comments?post=60"}],"wp:featuredmedia":[{"embeddable":true,"href":"https:\/\/ikasougou.com\/ventengros\/wp-json\/wp\/v2\/media\/61"}],"wp:attachment":[{"href":"https:\/\/ikasougou.com\/ventengros\/wp-json\/wp\/v2\/media?parent=60"}],"wp:term":[{"taxonomy":"product_brand","embeddable":true,"href":"https:\/\/ikasougou.com\/ventengros\/wp-json\/wp\/v2\/product_brand?post=60"},{"taxonomy":"product_cat","embeddable":true,"href":"https:\/\/ikasougou.com\/ventengros\/wp-json\/wp\/v2\/product_cat?post=60"},{"taxonomy":"product_tag","embeddable":true,"href":"https:\/\/ikasougou.com\/ventengros\/wp-json\/wp\/v2\/product_tag?post=60"}],"curies":[{"name":"wp","href":"https:\/\/api.w.org\/{rel}","templated":true}]}}