{"id":665,"date":"2022-01-26T17:20:59","date_gmt":"2022-01-26T16:20:59","guid":{"rendered":"https:\/\/ikasougou.com\/ventengros\/?post_type=product&#038;p=665"},"modified":"2022-01-26T17:21:05","modified_gmt":"2022-01-26T16:21:05","slug":"carton-de-15-nutella-200g","status":"publish","type":"product","link":"https:\/\/ikasougou.com\/ventengros\/produit\/carton-de-15-nutella-200g\/","title":{"rendered":"Carton de 15 Nutella 200g"},"content":{"rendered":"<div id=\"descContent\" class=\"fpBlk testSep\" data-cs-override-id=\"Descriptif\">\n<div class=\"celwidget\" data-csa-c-id=\"x9ddl6-nnl0ss-33w59q-woacly\" data-cel-widget=\"dpx-softlines-product-description_csm_instrumentation_wrapper\">\n<div id=\"descriptionAndDetails\" class=\"a-section a-spacing-extra-large\">\n<div id=\"productDescription_feature_div\" class=\"celwidget flavor-3399\" data-feature-name=\"productDescription\" data-csa-c-id=\"3ghs7u-585a6w-8g248w-35sq33\" data-cel-widget=\"productDescription_feature_div\">\n<div>\n<div id=\"productDescription_feature_div\" class=\"a-row feature\" data-feature-name=\"productDescription\" data-template-name=\"productDescription\" data-cel-widget=\"productDescription_feature_div\">\n<div id=\"productDescription\" class=\"a-section a-spacing-small\">\n<p>P\u00e2te \u00e0 tartiner aux noisettes. Sur du pain au petit-d\u00e9jeuner et au go\u00fbter ou sur des cr\u00eapes pendant la chandeleur, Nutella accompagne toute la famille pour des moments de plaisir ! Produit mythique \u00e0 la recette in\u00e9gal\u00e9e, Nutella accompagne les petits d\u00e9jeuners et go\u00fbters de millions de fran\u00e7ais depuis 1965. Ingr\u00e9dients: Sucre, huile v\u00e9g\u00e9tale, noisettes (13%), cacao maigre (7,4%), lait \u00e9cr\u00e9m\u00e9 en poudre (6,6%), lactos\u00e9rum en poudre, \u00e9mulsifiant (l\u00e9cithine de soja), ar\u00f4me. [Pot de 200g] [EAN 0000801354630]\n<\/div>\n<\/div>\n<\/div>\n<\/div>\n<\/div>\n<\/div>\n<div class=\"celwidget\" data-csa-c-id=\"fnshba-oj1zxm-7rv6d4-yh7yj3\" data-cel-widget=\"dpx-climate-pledge-friendly-btf_csm_instrumentation_wrapper\">\n<div id=\"climatePledgeFriendlyBTF_feature_div\" class=\"celwidget\" data-feature-name=\"climatePledgeFriendlyBTF\" data-csa-c-id=\"x4z1gv-za9cev-jkbfy-jey4y1\" data-cel-widget=\"climatePledgeFriendlyBTF_feature_div\"><\/div>\n<\/div>\n<div class=\"celwidget\" data-csa-c-id=\"cn3tws-9g3mvo-6wvoz2-rhp48l\" data-cel-widget=\"dpx-aplus-brand-story_csm_instrumentation_wrapper\">\n<div id=\"aplusBrandStory_feature_div\" class=\"celwidget flavor-2239\" data-feature-name=\"aplusBrandStory\" data-csa-c-id=\"uuplc-4017mk-3506ib-9h3426\" data-cel-widget=\"aplusBrandStory_feature_div\"><\/div>\n<\/div>\n<div class=\"celwidget\" data-csa-c-id=\"9fauj4-qcvn3v-o6rd7z-9cqjk1\" data-cel-widget=\"dpx-aplus-sustainability-story_csm_instrumentation_wrapper\">\n<div id=\"aplusSustainabilityStory_feature_div\" class=\"celwidget\" data-feature-name=\"aplusSustainabilityStory\" data-csa-c-id=\"dwhm9n-7s2p7j-q6x0iq-y0lfv1\" data-cel-widget=\"aplusSustainabilityStory_feature_div\"><\/div>\n<\/div>\n<table class=\"fpDescTb fpDescTbPub\">\n<tbody>\n<tr>\n<th colspan=\"2\">Informations g\u00e9n\u00e9rales sur le produit<\/th>\n<\/tr>\n<tr>\n<td>Marque<\/td>\n<td><a title=\"NUTELLA\" href=\"https:\/\/www.cdiscount.com\/m-5800-nutella.html\">NUTELLA<\/a><\/td>\n<\/tr>\n<tr>\n<td>Nom du produit<\/td>\n<td>Nutella &#8211; Nutella 200g<\/td>\n<\/tr>\n<tr>\n<td>Cat\u00e9gorie<\/td>\n<td>P\u00c2TE \u00c0 TARTINER<\/td>\n<\/tr>\n<tr>\n<th colspan=\"2\">Informations produit<\/th>\n<\/tr>\n<tr>\n<td>Genre<\/td>\n<td>Mixte<\/td>\n<\/tr>\n<tr>\n<td>Type de public<\/td>\n<td>Adulte<\/td>\n<\/tr>\n<tr>\n<td>Poids en g<\/td>\n<td>0 g<\/td>\n<\/tr>\n<\/tbody>\n<\/table>\n<\/div>\n<div id=\"10562389\" class=\"jsPertSwCarousel \" data-on-load-event=\"\">\n<form name=\"algoForm\"><\/form>\n<\/div>\n<div style=\"display:flex; gap:10px;justify-content:center\" class=\"wps-pgfw-pdf-generate-icon__wrapper-frontend\">\n\t\t<a  href=\"https:\/\/ikasougou.com\/ventengros\/wp-json\/wp\/v2\/product\/665?action=genpdf&amp;id=665\" class=\"pgfw-single-pdf-download-button\" ><img src=\"https:\/\/ikasougou.com\/ventengros\/wp-content\/plugins\/pdf-generator-for-wp\/admin\/src\/images\/PDF_Tray.svg\" title=\"G\u00e9n\u00e9rer un PDF\" style=\"width:auto; height:45px;\"><\/a>\n\t\t<\/div>","protected":false},"excerpt":{"rendered":"<p>P\u00e2te \u00e0 tartiner aux noisettes. Sur du pain au petit-d\u00e9jeuner et au go\u00fbter ou sur des cr\u00eapes pendant la chandeleur, Nutella accompagne toute la famille pour des moments de plaisir !<\/p>\n","protected":false},"featured_media":697,"comment_status":"open","ping_status":"closed","template":"","meta":{"jetpack_publicize_message":"","jetpack_publicize_feature_enabled":true,"jetpack_social_post_already_shared":true,"jetpack_social_options":{"image_generator_settings":{"template":"highway","default_image_id":0,"font":"","enabled":false},"version":2}},"product_brand":[],"product_cat":[215],"product_tag":[216,217,218],"class_list":{"0":"post-665","1":"product","2":"type-product","3":"status-publish","4":"has-post-thumbnail","6":"product_cat-pate-a-tartiner","7":"product_tag-chcolat","8":"product_tag-nutella","9":"product_tag-pate-a-tartiner","11":"first","12":"instock","13":"shipping-taxable","14":"purchasable","15":"product-type-simple"},"ams_default_variation_id":0,"ams_product_points_reward":[],"ams_product_discount_percentage":0,"ams_price_to_display":22500,"aioseo_notices":[],"ams_acf":[],"jetpack_publicize_connections":[],"jetpack-related-posts":[],"jetpack_sharing_enabled":true,"_links":{"self":[{"href":"https:\/\/ikasougou.com\/ventengros\/wp-json\/wp\/v2\/product\/665","targetHints":{"allow":["GET"]}}],"collection":[{"href":"https:\/\/ikasougou.com\/ventengros\/wp-json\/wp\/v2\/product"}],"about":[{"href":"https:\/\/ikasougou.com\/ventengros\/wp-json\/wp\/v2\/types\/product"}],"replies":[{"embeddable":true,"href":"https:\/\/ikasougou.com\/ventengros\/wp-json\/wp\/v2\/comments?post=665"}],"wp:featuredmedia":[{"embeddable":true,"href":"https:\/\/ikasougou.com\/ventengros\/wp-json\/wp\/v2\/media\/697"}],"wp:attachment":[{"href":"https:\/\/ikasougou.com\/ventengros\/wp-json\/wp\/v2\/media?parent=665"}],"wp:term":[{"taxonomy":"product_brand","embeddable":true,"href":"https:\/\/ikasougou.com\/ventengros\/wp-json\/wp\/v2\/product_brand?post=665"},{"taxonomy":"product_cat","embeddable":true,"href":"https:\/\/ikasougou.com\/ventengros\/wp-json\/wp\/v2\/product_cat?post=665"},{"taxonomy":"product_tag","embeddable":true,"href":"https:\/\/ikasougou.com\/ventengros\/wp-json\/wp\/v2\/product_tag?post=665"}],"curies":[{"name":"wp","href":"https:\/\/api.w.org\/{rel}","templated":true}]}}