{"id":67,"date":"2021-11-03T22:48:28","date_gmt":"2021-11-03T21:48:28","guid":{"rendered":"https:\/\/ikasougou.com\/ventengros\/?post_type=product&#038;p=67"},"modified":"2021-11-08T16:03:50","modified_gmt":"2021-11-08T15:03:50","slug":"un-paquet-de-12-pots-bledina-pour-bebe","status":"publish","type":"product","link":"https:\/\/ikasougou.com\/ventengros\/produit\/un-paquet-de-12-pots-bledina-pour-bebe\/","title":{"rendered":"Un Paquet de 12 pots Bl\u00e9dina pour B\u00e9b\u00e9"},"content":{"rendered":"<p>Faites le stock en petits pots Bl\u00e9dina, pour le plaisir de b\u00e9b\u00e9. Chaque paquet contient 12 pots qui contiennent un mix de viande, de carotte et d\u2019haricots verts.<\/p>\n<p><img data-recalc-dims=\"1\" loading=\"lazy\" decoding=\"async\" class=\"alignnone size-medium wp-image-71\" src=\"https:\/\/i0.wp.com\/ikasougou.com\/ventengros\/wp-content\/uploads\/sites\/96\/2021\/11\/WhatsApp-Image-2021-11-02-at-22.31.39-2.jpeg?resize=300%2C199&#038;ssl=1\" alt=\"\" width=\"300\" height=\"199\" srcset=\"https:\/\/i0.wp.com\/ikasougou.com\/ventengros\/wp-content\/uploads\/sites\/96\/2021\/11\/WhatsApp-Image-2021-11-02-at-22.31.39-2.jpeg?resize=300%2C199&amp;ssl=1 300w, https:\/\/i0.wp.com\/ikasougou.com\/ventengros\/wp-content\/uploads\/sites\/96\/2021\/11\/WhatsApp-Image-2021-11-02-at-22.31.39-2.jpeg?resize=768%2C509&amp;ssl=1 768w, https:\/\/i0.wp.com\/ikasougou.com\/ventengros\/wp-content\/uploads\/sites\/96\/2021\/11\/WhatsApp-Image-2021-11-02-at-22.31.39-2.jpeg?resize=510%2C338&amp;ssl=1 510w, https:\/\/i0.wp.com\/ikasougou.com\/ventengros\/wp-content\/uploads\/sites\/96\/2021\/11\/WhatsApp-Image-2021-11-02-at-22.31.39-2.jpeg?w=1000&amp;ssl=1 1000w\" sizes=\"auto, (max-width: 300px) 100vw, 300px\" \/> <img data-recalc-dims=\"1\" loading=\"lazy\" decoding=\"async\" class=\"alignnone size-medium wp-image-72\" src=\"https:\/\/i0.wp.com\/ikasougou.com\/ventengros\/wp-content\/uploads\/sites\/96\/2021\/11\/WhatsApp-Image-2021-11-02-at-22.31.39-1.jpeg?resize=300%2C198&#038;ssl=1\" alt=\"\" width=\"300\" height=\"198\" srcset=\"https:\/\/i0.wp.com\/ikasougou.com\/ventengros\/wp-content\/uploads\/sites\/96\/2021\/11\/WhatsApp-Image-2021-11-02-at-22.31.39-1.jpeg?resize=300%2C198&amp;ssl=1 300w, https:\/\/i0.wp.com\/ikasougou.com\/ventengros\/wp-content\/uploads\/sites\/96\/2021\/11\/WhatsApp-Image-2021-11-02-at-22.31.39-1.jpeg?resize=768%2C508&amp;ssl=1 768w, https:\/\/i0.wp.com\/ikasougou.com\/ventengros\/wp-content\/uploads\/sites\/96\/2021\/11\/WhatsApp-Image-2021-11-02-at-22.31.39-1.jpeg?resize=510%2C337&amp;ssl=1 510w, https:\/\/i0.wp.com\/ikasougou.com\/ventengros\/wp-content\/uploads\/sites\/96\/2021\/11\/WhatsApp-Image-2021-11-02-at-22.31.39-1.jpeg?w=1000&amp;ssl=1 1000w\" sizes=\"auto, (max-width: 300px) 100vw, 300px\" \/> <img data-recalc-dims=\"1\" loading=\"lazy\" decoding=\"async\" class=\"alignnone size-medium wp-image-73\" src=\"https:\/\/i0.wp.com\/ikasougou.com\/ventengros\/wp-content\/uploads\/sites\/96\/2021\/11\/WhatsApp-Image-2021-11-02-at-22.31.39.jpeg?resize=246%2C300&#038;ssl=1\" alt=\"\" width=\"246\" height=\"300\" srcset=\"https:\/\/i0.wp.com\/ikasougou.com\/ventengros\/wp-content\/uploads\/sites\/96\/2021\/11\/WhatsApp-Image-2021-11-02-at-22.31.39.jpeg?resize=246%2C300&amp;ssl=1 246w, https:\/\/i0.wp.com\/ikasougou.com\/ventengros\/wp-content\/uploads\/sites\/96\/2021\/11\/WhatsApp-Image-2021-11-02-at-22.31.39.jpeg?resize=510%2C622&amp;ssl=1 510w, https:\/\/i0.wp.com\/ikasougou.com\/ventengros\/wp-content\/uploads\/sites\/96\/2021\/11\/WhatsApp-Image-2021-11-02-at-22.31.39.jpeg?w=750&amp;ssl=1 750w\" sizes=\"auto, (max-width: 246px) 100vw, 246px\" \/><\/p>\n<div style=\"display:flex; gap:10px;justify-content:center\" class=\"wps-pgfw-pdf-generate-icon__wrapper-frontend\">\n\t\t<a  href=\"https:\/\/ikasougou.com\/ventengros\/wp-json\/wp\/v2\/product\/67?action=genpdf&amp;id=67\" class=\"pgfw-single-pdf-download-button\" ><img src=\"https:\/\/ikasougou.com\/ventengros\/wp-content\/plugins\/pdf-generator-for-wp\/admin\/src\/images\/PDF_Tray.svg\" title=\"G\u00e9n\u00e9rer un PDF\" style=\"width:auto; height:45px;\"><\/a>\n\t\t<\/div>","protected":false},"excerpt":{"rendered":"<p>Faites le stock en petits pots Bl\u00e9dina, pour le plaisir de b\u00e9b\u00e9. Chaque paquet contient 12 pots qui contiennent un mix de viande, de carotte et d\u2019haricots verts.<\/p>\n","protected":false},"featured_media":206,"comment_status":"open","ping_status":"closed","template":"","meta":{"jetpack_publicize_message":"","jetpack_publicize_feature_enabled":true,"jetpack_social_post_already_shared":false,"jetpack_social_options":{"image_generator_settings":{"template":"highway","default_image_id":0,"font":"","enabled":false},"version":2}},"product_brand":[],"product_cat":[16,27],"product_tag":[19,40,18,39,38],"class_list":{"0":"post-67","1":"product","2":"type-product","3":"status-publish","4":"has-post-thumbnail","6":"product_cat-alimentaire","7":"product_cat-enfants","8":"product_tag-bamako","9":"product_tag-bebe","10":"product_tag-mali","11":"product_tag-nourriture","12":"product_tag-un-paquet-de-12-pots-bledina-pour-bebe","14":"first","15":"instock","16":"shipping-taxable","17":"purchasable","18":"product-type-simple"},"ams_default_variation_id":0,"ams_product_points_reward":[],"ams_product_discount_percentage":0,"ams_price_to_display":16000,"aioseo_notices":[],"ams_acf":[],"jetpack_publicize_connections":[],"jetpack-related-posts":[],"jetpack_sharing_enabled":true,"_links":{"self":[{"href":"https:\/\/ikasougou.com\/ventengros\/wp-json\/wp\/v2\/product\/67","targetHints":{"allow":["GET"]}}],"collection":[{"href":"https:\/\/ikasougou.com\/ventengros\/wp-json\/wp\/v2\/product"}],"about":[{"href":"https:\/\/ikasougou.com\/ventengros\/wp-json\/wp\/v2\/types\/product"}],"replies":[{"embeddable":true,"href":"https:\/\/ikasougou.com\/ventengros\/wp-json\/wp\/v2\/comments?post=67"}],"wp:featuredmedia":[{"embeddable":true,"href":"https:\/\/ikasougou.com\/ventengros\/wp-json\/wp\/v2\/media\/206"}],"wp:attachment":[{"href":"https:\/\/ikasougou.com\/ventengros\/wp-json\/wp\/v2\/media?parent=67"}],"wp:term":[{"taxonomy":"product_brand","embeddable":true,"href":"https:\/\/ikasougou.com\/ventengros\/wp-json\/wp\/v2\/product_brand?post=67"},{"taxonomy":"product_cat","embeddable":true,"href":"https:\/\/ikasougou.com\/ventengros\/wp-json\/wp\/v2\/product_cat?post=67"},{"taxonomy":"product_tag","embeddable":true,"href":"https:\/\/ikasougou.com\/ventengros\/wp-json\/wp\/v2\/product_tag?post=67"}],"curies":[{"name":"wp","href":"https:\/\/api.w.org\/{rel}","templated":true}]}}