{"id":217,"date":"2020-01-04T18:45:42","date_gmt":"2020-01-04T17:45:42","guid":{"rendered":"https:\/\/ikasougou.com\/victoirecheickoumarniangado\/?post_type=product&#038;p=217"},"modified":"2020-01-04T18:45:44","modified_gmt":"2020-01-04T17:45:44","slug":"le-metre-bazin-riche-victoire-bleu-deau-fonce","status":"publish","type":"product","link":"https:\/\/ikasougou.com\/victoirecheickoumarniangado\/produit\/le-metre-bazin-riche-victoire-bleu-deau-fonce\/","title":{"rendered":"Le M\u00e8tre Bazin Riche Victoire Bleu d&#8217;Eau Fonc\u00e9"},"content":{"rendered":"<p>D\u00e9couvrez en Exclusivit\u00e9 ce Bazin Riche Bleu d&#8217;Eau Fonc\u00e9 de la nouvelle marque Victoire qui se diff\u00e9rencie des ses ain\u00e9s par des motifs plus cr\u00e9atif mari\u00e9es a des couleurs plus vif pour vous faire briller de milles feu.<\/p>\n<p><img loading=\"lazy\" decoding=\"async\" class=\"alignnone size-medium wp-image-218\" src=\"https:\/\/ikasougou.com\/victoirecheickoumarniangado\/wp-content\/uploads\/sites\/70\/2020\/01\/bleu-eau-fonc\u00e9-300x400.jpeg\" alt=\"\" width=\"300\" height=\"400\" srcset=\"https:\/\/ikasougou.com\/victoirecheickoumarniangado\/wp-content\/uploads\/sites\/70\/2020\/01\/bleu-eau-fonc\u00e9-300x400.jpeg 300w, https:\/\/ikasougou.com\/victoirecheickoumarniangado\/wp-content\/uploads\/sites\/70\/2020\/01\/bleu-eau-fonc\u00e9-600x800.jpeg 600w, https:\/\/ikasougou.com\/victoirecheickoumarniangado\/wp-content\/uploads\/sites\/70\/2020\/01\/bleu-eau-fonc\u00e9-768x1024.jpeg 768w, https:\/\/ikasougou.com\/victoirecheickoumarniangado\/wp-content\/uploads\/sites\/70\/2020\/01\/bleu-eau-fonc\u00e9-510x680.jpeg 510w, https:\/\/ikasougou.com\/victoirecheickoumarniangado\/wp-content\/uploads\/sites\/70\/2020\/01\/bleu-eau-fonc\u00e9.jpeg 810w\" sizes=\"auto, (max-width: 300px) 100vw, 300px\" \/><\/p>\n<div style=\"display:flex; gap:10px;justify-content:center\" class=\"wps-pgfw-pdf-generate-icon__wrapper-frontend\">\n\t\t<a  href=\"https:\/\/ikasougou.com\/victoirecheickoumarniangado\/wp-json\/wp\/v2\/product\/217?action=genpdf&amp;id=217\" class=\"pgfw-single-pdf-download-button\" ><img src=\"https:\/\/ikasougou.com\/victoirecheickoumarniangado\/wp-content\/plugins\/pdf-generator-for-wp\/admin\/src\/images\/PDF_Tray.svg\" title=\"G\u00e9n\u00e9rer un PDF\" style=\"width:auto; height:45px;\"><\/a>\n\t\t<\/div>","protected":false},"excerpt":{"rendered":"<p>D\u00e9couvrez en Exclusivit\u00e9 ce Bazin Riche Bleu d&#8217;Eau Fonc\u00e9 de la nouvelle marque Victoire qui se diff\u00e9rencie des ses ain\u00e9s par des motifs plus cr\u00e9atif mari\u00e9es a des couleurs plus vif pour vous faire briller de milles feu.<\/p>\n","protected":false},"featured_media":218,"comment_status":"open","ping_status":"closed","template":"","meta":{"jetpack_publicize_message":"","jetpack_publicize_feature_enabled":true,"jetpack_social_post_already_shared":false,"jetpack_social_options":{"image_generator_settings":{"template":"highway","default_image_id":0,"font":"","enabled":false},"version":2}},"product_brand":[],"product_cat":[19,18,20],"product_tag":[],"class_list":{"0":"post-217","1":"product","2":"type-product","3":"status-publish","4":"has-post-thumbnail","6":"product_cat-bazin","7":"product_cat-textile-bijoux","8":"product_cat-victoire","10":"first","11":"instock","12":"shipping-taxable","13":"purchasable","14":"product-type-simple"},"ams_default_variation_id":0,"ams_product_points_reward":[],"ams_product_discount_percentage":0,"ams_price_to_display":10000,"aioseo_notices":[],"ams_acf":[],"jetpack_publicize_connections":[],"jetpack_sharing_enabled":true,"jetpack_likes_enabled":true,"_links":{"self":[{"href":"https:\/\/ikasougou.com\/victoirecheickoumarniangado\/wp-json\/wp\/v2\/product\/217","targetHints":{"allow":["GET"]}}],"collection":[{"href":"https:\/\/ikasougou.com\/victoirecheickoumarniangado\/wp-json\/wp\/v2\/product"}],"about":[{"href":"https:\/\/ikasougou.com\/victoirecheickoumarniangado\/wp-json\/wp\/v2\/types\/product"}],"replies":[{"embeddable":true,"href":"https:\/\/ikasougou.com\/victoirecheickoumarniangado\/wp-json\/wp\/v2\/comments?post=217"}],"wp:featuredmedia":[{"embeddable":true,"href":"https:\/\/ikasougou.com\/victoirecheickoumarniangado\/wp-json\/wp\/v2\/media\/218"}],"wp:attachment":[{"href":"https:\/\/ikasougou.com\/victoirecheickoumarniangado\/wp-json\/wp\/v2\/media?parent=217"}],"wp:term":[{"taxonomy":"product_brand","embeddable":true,"href":"https:\/\/ikasougou.com\/victoirecheickoumarniangado\/wp-json\/wp\/v2\/product_brand?post=217"},{"taxonomy":"product_cat","embeddable":true,"href":"https:\/\/ikasougou.com\/victoirecheickoumarniangado\/wp-json\/wp\/v2\/product_cat?post=217"},{"taxonomy":"product_tag","embeddable":true,"href":"https:\/\/ikasougou.com\/victoirecheickoumarniangado\/wp-json\/wp\/v2\/product_tag?post=217"}],"curies":[{"name":"wp","href":"https:\/\/api.w.org\/{rel}","templated":true}]}}