{"id":350,"date":"2020-01-16T23:34:56","date_gmt":"2020-01-16T22:34:56","guid":{"rendered":"https:\/\/ikasougou.com\/victoirecheickoumarniangado\/?post_type=product&#038;p=350"},"modified":"2020-01-16T23:34:59","modified_gmt":"2020-01-16T22:34:59","slug":"rose-violet-motif-liane","status":"publish","type":"product","link":"https:\/\/ikasougou.com\/victoirecheickoumarniangado\/produit\/rose-violet-motif-liane\/","title":{"rendered":"Rose violet motif liane"},"content":{"rendered":"<p><strong>D\u00e9couvrez en Exclusivit\u00e9 ce Bazin Rose violet motif\u00a0 avec des Motifs liane reli\u00e9s entre eux de la nouvelle marque Victoire qui se diff\u00e9rencie des ses ain\u00e9s par des motifs plus cr\u00e9atif mari\u00e9es \u00e0 des couleurs plus vif pour vous faire briller de milles feu.<\/strong><\/p>\n<p><img loading=\"lazy\" decoding=\"async\" class=\"alignnone size-medium wp-image-351\" src=\"https:\/\/ikasougou.com\/victoirecheickoumarniangado\/wp-content\/uploads\/sites\/70\/2020\/01\/Rose-violet-533x400.jpeg\" alt=\"\" width=\"533\" height=\"400\" srcset=\"https:\/\/ikasougou.com\/victoirecheickoumarniangado\/wp-content\/uploads\/sites\/70\/2020\/01\/Rose-violet-533x400.jpeg 533w, https:\/\/ikasougou.com\/victoirecheickoumarniangado\/wp-content\/uploads\/sites\/70\/2020\/01\/Rose-violet-1067x800.jpeg 1067w, https:\/\/ikasougou.com\/victoirecheickoumarniangado\/wp-content\/uploads\/sites\/70\/2020\/01\/Rose-violet-768x576.jpeg 768w, https:\/\/ikasougou.com\/victoirecheickoumarniangado\/wp-content\/uploads\/sites\/70\/2020\/01\/Rose-violet-510x383.jpeg 510w, https:\/\/ikasougou.com\/victoirecheickoumarniangado\/wp-content\/uploads\/sites\/70\/2020\/01\/Rose-violet.jpeg 1080w\" sizes=\"auto, (max-width: 533px) 100vw, 533px\" \/><\/p>\n<div style=\"display:flex; gap:10px;justify-content:center\" class=\"wps-pgfw-pdf-generate-icon__wrapper-frontend\">\n\t\t<a  href=\"https:\/\/ikasougou.com\/victoirecheickoumarniangado\/wp-json\/wp\/v2\/product\/350?action=genpdf&amp;id=350\" class=\"pgfw-single-pdf-download-button\" ><img src=\"https:\/\/ikasougou.com\/victoirecheickoumarniangado\/wp-content\/plugins\/pdf-generator-for-wp\/admin\/src\/images\/PDF_Tray.svg\" title=\"G\u00e9n\u00e9rer un PDF\" style=\"width:auto; height:45px;\"><\/a>\n\t\t<\/div>","protected":false},"excerpt":{"rendered":"<p>D\u00e9couvrez en Exclusivit\u00e9 ce Bazin Rose violet motif\u00a0 avec des Motifs liane reli\u00e9s entre eux de la nouvelle marque Victoire qui se diff\u00e9rencie des ses ain\u00e9s par des motifs plus cr\u00e9atif mari\u00e9es \u00e0 des couleurs plus vif pour vous faire briller de milles feu.<\/p>\n","protected":false},"featured_media":351,"comment_status":"open","ping_status":"closed","template":"","meta":{"jetpack_publicize_message":"","jetpack_publicize_feature_enabled":true,"jetpack_social_post_already_shared":false,"jetpack_social_options":{"image_generator_settings":{"template":"highway","default_image_id":0,"font":"","enabled":false},"version":2}},"product_brand":[],"product_cat":[19,18,20],"product_tag":[],"class_list":{"0":"post-350","1":"product","2":"type-product","3":"status-publish","4":"has-post-thumbnail","6":"product_cat-bazin","7":"product_cat-textile-bijoux","8":"product_cat-victoire","10":"first","11":"instock","12":"shipping-taxable","13":"purchasable","14":"product-type-simple"},"ams_default_variation_id":0,"ams_product_points_reward":[],"ams_product_discount_percentage":0,"ams_price_to_display":10000,"aioseo_notices":[],"ams_acf":[],"jetpack_publicize_connections":[],"jetpack_sharing_enabled":true,"jetpack_likes_enabled":true,"_links":{"self":[{"href":"https:\/\/ikasougou.com\/victoirecheickoumarniangado\/wp-json\/wp\/v2\/product\/350","targetHints":{"allow":["GET"]}}],"collection":[{"href":"https:\/\/ikasougou.com\/victoirecheickoumarniangado\/wp-json\/wp\/v2\/product"}],"about":[{"href":"https:\/\/ikasougou.com\/victoirecheickoumarniangado\/wp-json\/wp\/v2\/types\/product"}],"replies":[{"embeddable":true,"href":"https:\/\/ikasougou.com\/victoirecheickoumarniangado\/wp-json\/wp\/v2\/comments?post=350"}],"wp:featuredmedia":[{"embeddable":true,"href":"https:\/\/ikasougou.com\/victoirecheickoumarniangado\/wp-json\/wp\/v2\/media\/351"}],"wp:attachment":[{"href":"https:\/\/ikasougou.com\/victoirecheickoumarniangado\/wp-json\/wp\/v2\/media?parent=350"}],"wp:term":[{"taxonomy":"product_brand","embeddable":true,"href":"https:\/\/ikasougou.com\/victoirecheickoumarniangado\/wp-json\/wp\/v2\/product_brand?post=350"},{"taxonomy":"product_cat","embeddable":true,"href":"https:\/\/ikasougou.com\/victoirecheickoumarniangado\/wp-json\/wp\/v2\/product_cat?post=350"},{"taxonomy":"product_tag","embeddable":true,"href":"https:\/\/ikasougou.com\/victoirecheickoumarniangado\/wp-json\/wp\/v2\/product_tag?post=350"}],"curies":[{"name":"wp","href":"https:\/\/api.w.org\/{rel}","templated":true}]}}