{"id":4692,"date":"2021-01-03T00:23:34","date_gmt":"2021-01-02T23:23:34","guid":{"rendered":"https:\/\/ikasougou.com\/ziaraelectronique\/?post_type=product&#038;p=4692"},"modified":"2021-01-05T01:25:20","modified_gmt":"2021-01-05T00:25:20","slug":"camon-16-premier","status":"publish","type":"product","link":"https:\/\/ikasougou.com\/ziaraelectronique\/produit\/camon-16-premier\/","title":{"rendered":"CAMON 16 Premier"},"content":{"rendered":"<section class=\"container cs-product-tech-spec parameter-section\">\n<div class=\"row\">\n<div class=\"col-xs-12 col-sm-10 parameter-col\">\n<div class=\"d-inline-block cs-product-color-section cs-product-color-index-1528\" data-cs-color-slide-index=\"cs-product-color-index-1528\">\n<figure class=\"figure figure-tile-hero cs-product-color-slider\">\n<div class=\"lSSlideOuter \">\n<div class=\"lSSlideWrapper usingCss\"><\/div>\n<\/div>\n<\/figure>\n<\/div>\n<\/div>\n<\/div>\n<\/section>\n<section class=\"container cs-product-tech-spec parameter-section\">\n<div class=\"row\">\n<div class=\"col-sm-9 col-md-10 parameter-col\">\n<div class=\"row\">\n<div class=\"col-sm-6\">\n<ul class=\"parameter-info-list\">\n<li>Argent glac\u00e9<\/li>\n<li>Appareil photo Selfie de 48MP \u00e0 double flash (Appareil photo \u00e0 selfie grand-angle)<\/li>\n<li>Quadruple Appareil photo Ultra 64MP<\/li>\n<li>\u00c9cran double dot-in FHD de 6,9\u00a0pouces<\/li>\n<li>Charge rapide 33W<\/li>\n<\/ul>\n<\/div>\n<div class=\"col-sm-6\">\n<ul class=\"parameter-info-list\">\n<li>128\u00a0Go de ROM + 8\u00a0Go de RAM<img loading=\"lazy\" decoding=\"async\" class=\"alignnone size-medium wp-image-4696\" src=\"https:\/\/ikasougou.com\/ziaraelectronique\/wp-content\/uploads\/sites\/4\/2021\/01\/1-400x400.png\" alt=\"\" width=\"400\" height=\"400\" srcset=\"https:\/\/ikasougou.com\/ziaraelectronique\/wp-content\/uploads\/sites\/4\/2021\/01\/1-400x400.png 400w, https:\/\/ikasougou.com\/ziaraelectronique\/wp-content\/uploads\/sites\/4\/2021\/01\/1-280x280.png 280w, https:\/\/ikasougou.com\/ziaraelectronique\/wp-content\/uploads\/sites\/4\/2021\/01\/1-768x768.png 768w, https:\/\/ikasougou.com\/ziaraelectronique\/wp-content\/uploads\/sites\/4\/2021\/01\/1-510x510.png 510w, https:\/\/ikasougou.com\/ziaraelectronique\/wp-content\/uploads\/sites\/4\/2021\/01\/1-100x100.png 100w, https:\/\/ikasougou.com\/ziaraelectronique\/wp-content\/uploads\/sites\/4\/2021\/01\/1.png 800w\" sizes=\"auto, (max-width: 400px) 100vw, 400px\" \/><\/li>\n<li>Qualit\u00e9 Helio G90T<\/li>\n<li>Mode Super Vid\u00e9o<\/li>\n<li>Mode Portrait ultra-nuit aliment\u00e9 par TAIVOS\u2122<\/li>\n<li>HiOS reposant sur Android\u2122 10<\/li>\n<\/ul>\n<\/div>\n<\/div>\n<\/div>\n<\/div>\n<\/section>\n<section class=\"container cs-product-tech-spec parameter-section\">\n<h2 class=\"parameter-title\"><img loading=\"lazy\" decoding=\"async\" class=\"alignnone size-medium wp-image-4697\" src=\"https:\/\/ikasougou.com\/ziaraelectronique\/wp-content\/uploads\/sites\/4\/2021\/01\/123341063_1596194630564000_2265860048054023544_o-800x267.jpg\" alt=\"\" width=\"800\" height=\"267\" srcset=\"https:\/\/ikasougou.com\/ziaraelectronique\/wp-content\/uploads\/sites\/4\/2021\/01\/123341063_1596194630564000_2265860048054023544_o-800x267.jpg 800w, https:\/\/ikasougou.com\/ziaraelectronique\/wp-content\/uploads\/sites\/4\/2021\/01\/123341063_1596194630564000_2265860048054023544_o-1400x467.jpg 1400w, https:\/\/ikasougou.com\/ziaraelectronique\/wp-content\/uploads\/sites\/4\/2021\/01\/123341063_1596194630564000_2265860048054023544_o-768x256.jpg 768w, https:\/\/ikasougou.com\/ziaraelectronique\/wp-content\/uploads\/sites\/4\/2021\/01\/123341063_1596194630564000_2265860048054023544_o-510x170.jpg 510w, https:\/\/ikasougou.com\/ziaraelectronique\/wp-content\/uploads\/sites\/4\/2021\/01\/123341063_1596194630564000_2265860048054023544_o.jpg 1500w\" sizes=\"auto, (max-width: 800px) 100vw, 800px\" \/><\/h2>\n<div class=\"row\">\n<div class=\"col-sm-3 col-md-2 parameter-col\">\n<div class=\"d-inline-block\">\n<h3 class=\"tech-spec-title\">Caract\u00e9ristiques<\/h3>\n<\/div>\n<\/div>\n<div class=\"col-sm-5 col-md-4 parameter-col\">\n<ul class=\"list-unstyled parameter-info-list\">\n<li>Hauteur\u00a0: 170,61\u00a0mm<\/li>\n<li>Largeur\u00a0: 77,18\u00a0mm<\/li>\n<li>\u00c9paisseur\u00a0: 9,1\u00a0mm<\/li>\n<li>6,9\u00a0po FHD<\/li>\n<li>R\u00e9solution 1080*2460<\/li>\n<li>\u00c9cran tactile<\/li>\n<li>128\u00a0Go de ROM<\/li>\n<li>8\u00a0Go de RAM<\/li>\n<li>4\u00a0500\u00a0mAh (type)<\/li>\n<li>Android\u2122 10<\/li>\n<\/ul>\n<\/div>\n<div class=\"col-sm-4 col-md-6\"><img decoding=\"async\" class=\"figure-img\" src=\"https:\/\/www.tecno-mobile.com\/ml\/phones\/tech-specs-ml\/tecspecs\/camon-16-premier-21\/\" alt=\"\" \/><\/div>\n<\/div>\n<\/section>\n<section class=\"container cs-product-tech-spec parameter-section\">\n<h2 class=\"parameter-title\"><img loading=\"lazy\" decoding=\"async\" class=\"figure-img\" src=\"https:\/\/d316acfc88wber.cloudfront.net\/global\/phones\/camon16premier\/1.png\" alt=\"\" width=\"417\" height=\"417\" \/><\/h2>\n<div class=\"row\">\n<div class=\"col-sm-3 col-md-2 parameter-col\">\n<div class=\"d-inline-block\">\n<h3 class=\"tech-spec-title\">R\u00e9seau et connectivit\u00e9<\/h3>\n<\/div>\n<\/div>\n<div class=\"col-sm-9 col-md-10 parameter-col\">\n<ul class=\"cs-product-tech-spec-list clearfix\">\n<li>GSM<\/li>\n<li>WCDMA<\/li>\n<li>LTE(FDD,TDD)<\/li>\n<li>GPRS<\/li>\n<li>HSPA+<\/li>\n<li>FULL EDGE<\/li>\n<li>GPS<\/li>\n<li>WIFI<\/li>\n<li>FM<\/li>\n<li>BT<\/li>\n<li>OTG<\/li>\n<\/ul>\n<\/div>\n<\/div>\n<\/section>\n<section class=\"container cs-product-tech-spec parameter-section\">\n<h2 class=\"parameter-title\"><img loading=\"lazy\" decoding=\"async\" class=\"alignnone size-medium wp-image-4698\" src=\"https:\/\/ikasougou.com\/ziaraelectronique\/wp-content\/uploads\/sites\/4\/2021\/01\/tecno-camon-16-imas-1024x512-1-800x400.jpg\" alt=\"\" width=\"800\" height=\"400\" srcset=\"https:\/\/ikasougou.com\/ziaraelectronique\/wp-content\/uploads\/sites\/4\/2021\/01\/tecno-camon-16-imas-1024x512-1-800x400.jpg 800w, https:\/\/ikasougou.com\/ziaraelectronique\/wp-content\/uploads\/sites\/4\/2021\/01\/tecno-camon-16-imas-1024x512-1-768x384.jpg 768w, https:\/\/ikasougou.com\/ziaraelectronique\/wp-content\/uploads\/sites\/4\/2021\/01\/tecno-camon-16-imas-1024x512-1-510x255.jpg 510w, https:\/\/ikasougou.com\/ziaraelectronique\/wp-content\/uploads\/sites\/4\/2021\/01\/tecno-camon-16-imas-1024x512-1.jpg 1024w\" sizes=\"auto, (max-width: 800px) 100vw, 800px\" \/><\/h2>\n<div class=\"row\">\n<div class=\"col-sm-3 col-md-2 parameter-col\">\n<div class=\"d-inline-block\">\n<h3 class=\"tech-spec-title\">Appareil photo et interface<\/h3>\n<\/div>\n<\/div>\n<div class=\"col-sm-9 col-md-10 parameter-col\">\n<div class=\"row\">\n<div class=\"col-xs-12 col-sm-6\">\n<ul>\n<li>Double Appareil photo avant 48MP avec double flash<\/li>\n<\/ul>\n<\/div>\n<div class=\"col-xs-12 col-sm-6\">\n<ul>\n<li>Quadruple Appareil photo arri\u00e8re 64MP avec cinq flash<\/li>\n<\/ul>\n<\/div>\n<\/div>\n<div class=\"row\">\n<div class=\"col-xs-12 col-sm-6\">\n<div><img decoding=\"async\" class=\"figure-img\" src=\"https:\/\/www.tecno-mobile.com\/ml\/phones\/tech-specs-ml\/tecspecs\/camon-16-premier-21\/\" alt=\"\" \/><\/div>\n<\/div>\n<div class=\"col-xs-12 col-sm-6\">\n<div><img decoding=\"async\" class=\"figure-img\" src=\"https:\/\/www.tecno-mobile.com\/ml\/phones\/tech-specs-ml\/tecspecs\/camon-16-premier-21\/\" alt=\"\" \/><img loading=\"lazy\" decoding=\"async\" class=\"alignnone size-medium wp-image-4693\" src=\"https:\/\/ikasougou.com\/ziaraelectronique\/wp-content\/uploads\/sites\/4\/2021\/01\/123609069_1601859013330895_2844800424821175100_o-800x267.jpg\" alt=\"\" width=\"800\" height=\"267\" srcset=\"https:\/\/ikasougou.com\/ziaraelectronique\/wp-content\/uploads\/sites\/4\/2021\/01\/123609069_1601859013330895_2844800424821175100_o-800x267.jpg 800w, https:\/\/ikasougou.com\/ziaraelectronique\/wp-content\/uploads\/sites\/4\/2021\/01\/123609069_1601859013330895_2844800424821175100_o-1400x467.jpg 1400w, https:\/\/ikasougou.com\/ziaraelectronique\/wp-content\/uploads\/sites\/4\/2021\/01\/123609069_1601859013330895_2844800424821175100_o-768x256.jpg 768w, https:\/\/ikasougou.com\/ziaraelectronique\/wp-content\/uploads\/sites\/4\/2021\/01\/123609069_1601859013330895_2844800424821175100_o-510x170.jpg 510w, https:\/\/ikasougou.com\/ziaraelectronique\/wp-content\/uploads\/sites\/4\/2021\/01\/123609069_1601859013330895_2844800424821175100_o.jpg 1500w\" sizes=\"auto, (max-width: 800px) 100vw, 800px\" \/><\/div>\n<\/div>\n<\/div>\n<\/div>\n<\/div>\n<\/section>\n<section class=\"container cs-product-tech-spec parameter-section\">\n<h2 class=\"parameter-title\"><\/h2>\n<div class=\"row\">\n<div class=\"col-sm-3 col-md-2 parameter-col\">\n<div class=\"d-inline-block\">\n<h3 class=\"tech-spec-title\">D\u00e9tecteur<\/h3>\n<\/div>\n<\/div>\n<div class=\"col-sm-9 col-md-10 parameter-col\">\n<div class=\"row\">\n<div class=\"col-sm-6\">\n<ul class=\"parameter-info-list\">\n<li>D\u00e9tecteur G<\/li>\n<li>capteur de lumi\u00e8re ambiante<\/li>\n<li>capteur de proximit\u00e9<\/li>\n<li>lecteur d&#8217;empreintes digitales<\/li>\n<li>Boussole \u00e9lectronique<\/li>\n<\/ul>\n<\/div>\n<div class=\"col-sm-6\"><img loading=\"lazy\" decoding=\"async\" class=\"alignnone size-medium wp-image-4694\" src=\"https:\/\/ikasougou.com\/ziaraelectronique\/wp-content\/uploads\/sites\/4\/2021\/01\/tecno-camon-16-premier-641x400.jpg\" alt=\"\" width=\"641\" height=\"400\" srcset=\"https:\/\/ikasougou.com\/ziaraelectronique\/wp-content\/uploads\/sites\/4\/2021\/01\/tecno-camon-16-premier-641x400.jpg 641w, https:\/\/ikasougou.com\/ziaraelectronique\/wp-content\/uploads\/sites\/4\/2021\/01\/tecno-camon-16-premier-510x318.jpg 510w, https:\/\/ikasougou.com\/ziaraelectronique\/wp-content\/uploads\/sites\/4\/2021\/01\/tecno-camon-16-premier.jpg 727w\" sizes=\"auto, (max-width: 641px) 100vw, 641px\" \/><\/div>\n<\/div>\n<\/div>\n<\/div>\n<\/section>\n<section class=\"container cs-product-tech-spec parameter-section\">\n<h2 class=\"parameter-title\"><\/h2>\n<div class=\"row\">\n<div class=\"col-sm-3 col-md-2 parameter-col\">\n<div class=\"d-inline-block\">\n<h3 class=\"tech-spec-title\">Dans la boite<\/h3>\n<\/div>\n<\/div>\n<div class=\"col-sm-9 col-md-10 parameter-col\">\n<div class=\"row\">\n<div class=\"col-sm-6\">\n<ul class=\"parameter-info-list\">\n<li>T\u00e9l\u00e9phone * 1<\/li>\n<li>Fil de chargeur * 1<\/li>\n<li>Chargeur * 1<\/li>\n<\/ul>\n<\/div>\n<div class=\"col-sm-6\">\u00a0<img loading=\"lazy\" decoding=\"async\" class=\"alignnone size-medium wp-image-4695\" src=\"https:\/\/ikasougou.com\/ziaraelectronique\/wp-content\/uploads\/sites\/4\/2021\/01\/Tecno-Camon-16-Premier-devoile-Camon-16-et-16-Pro.jpg\" alt=\"\" width=\"750\" height=\"375\" srcset=\"https:\/\/ikasougou.com\/ziaraelectronique\/wp-content\/uploads\/sites\/4\/2021\/01\/Tecno-Camon-16-Premier-devoile-Camon-16-et-16-Pro.jpg 750w, https:\/\/ikasougou.com\/ziaraelectronique\/wp-content\/uploads\/sites\/4\/2021\/01\/Tecno-Camon-16-Premier-devoile-Camon-16-et-16-Pro-510x255.jpg 510w\" sizes=\"auto, (max-width: 750px) 100vw, 750px\" \/><\/div>\n<\/div>\n<div class=\"row\">\n<div class=\"col-xs-12 col-sm-3 col-xl-2\">\n<div><img decoding=\"async\" class=\"figure-img fingerprint-sensor-phone-img\" src=\"https:\/\/www.tecno-mobile.com\/ml\/phones\/tech-specs-ml\/tecspecs\/camon-16-premier-21\/\" alt=\"\" \/><\/div>\n<\/div>\n<div class=\"col-xs-12 col-sm-9 col-xl-10\">\n<div><img decoding=\"async\" class=\"figure-img\" src=\"https:\/\/www.tecno-mobile.com\/ml\/phones\/tech-specs-ml\/tecspecs\/camon-16-premier-21\/\" alt=\"\" \/><\/div>\n<\/div>\n<\/div>\n<\/div>\n<\/div>\n<\/section>\n<div style=\"display:flex; gap:10px;justify-content:center\" class=\"wps-pgfw-pdf-generate-icon__wrapper-frontend\">\n\t\t<a  href=\"https:\/\/ikasougou.com\/ziaraelectronique\/wp-json\/wp\/v2\/product\/4692?action=genpdf&amp;id=4692\" class=\"pgfw-single-pdf-download-button\" ><img src=\"https:\/\/ikasougou.com\/ziaraelectronique\/wp-content\/plugins\/pdf-generator-for-wp\/admin\/src\/images\/PDF_Tray.svg\" title=\"G\u00e9n\u00e9rer un PDF\" style=\"width:auto; height:45px;\"><\/a>\n\t\t<\/div>","protected":false},"excerpt":{"rendered":"<p>Argent glac\u00e9 Appareil photo Selfie de 48MP \u00e0 double flash (Appareil photo \u00e0 selfie grand-angle) Quadruple Appareil photo Ultra 64MP \u00c9cran double dot-in FHD de 6,9\u00a0pouces Charge rapide 33W 128\u00a0Go de ROM + 8\u00a0Go de RAM Qualit\u00e9 Helio G90T Mode Super Vid\u00e9o Mode Portrait ultra-nuit aliment\u00e9 par TAIVOS\u2122 HiOS reposant sur Android\u2122 10 Caract\u00e9ristiques Hauteur\u00a0: [&#8230;]\n","protected":false},"featured_media":4699,"comment_status":"open","ping_status":"closed","template":"","meta":{"jetpack_post_was_ever_published":false,"jetpack_publicize_message":"","jetpack_publicize_feature_enabled":true,"jetpack_social_post_already_shared":false,"jetpack_social_options":{"image_generator_settings":{"template":"highway","default_image_id":0,"font":"","enabled":false},"version":2}},"product_brand":[],"product_cat":[32,16,30,17],"product_tag":[39,37,38],"class_list":{"0":"post-4692","1":"product","2":"type-product","3":"status-publish","4":"has-post-thumbnail","6":"product_cat-camon","7":"product_cat-high-tech","8":"product_cat-tecno","9":"product_cat-telephone-tablette","10":"product_tag-bamako","11":"product_tag-camon-16-premier","12":"product_tag-mali","14":"first","15":"instock","16":"shipping-taxable","17":"purchasable","18":"product-type-simple"},"ams_default_variation_id":0,"ams_product_points_reward":[],"ams_product_discount_percentage":0,"ams_price_to_display":90000,"aioseo_notices":[],"ams_acf":[],"jetpack_publicize_connections":[],"jetpack_sharing_enabled":true,"jetpack_likes_enabled":true,"_links":{"self":[{"href":"https:\/\/ikasougou.com\/ziaraelectronique\/wp-json\/wp\/v2\/product\/4692","targetHints":{"allow":["GET"]}}],"collection":[{"href":"https:\/\/ikasougou.com\/ziaraelectronique\/wp-json\/wp\/v2\/product"}],"about":[{"href":"https:\/\/ikasougou.com\/ziaraelectronique\/wp-json\/wp\/v2\/types\/product"}],"replies":[{"embeddable":true,"href":"https:\/\/ikasougou.com\/ziaraelectronique\/wp-json\/wp\/v2\/comments?post=4692"}],"wp:featuredmedia":[{"embeddable":true,"href":"https:\/\/ikasougou.com\/ziaraelectronique\/wp-json\/wp\/v2\/media\/4699"}],"wp:attachment":[{"href":"https:\/\/ikasougou.com\/ziaraelectronique\/wp-json\/wp\/v2\/media?parent=4692"}],"wp:term":[{"taxonomy":"product_brand","embeddable":true,"href":"https:\/\/ikasougou.com\/ziaraelectronique\/wp-json\/wp\/v2\/product_brand?post=4692"},{"taxonomy":"product_cat","embeddable":true,"href":"https:\/\/ikasougou.com\/ziaraelectronique\/wp-json\/wp\/v2\/product_cat?post=4692"},{"taxonomy":"product_tag","embeddable":true,"href":"https:\/\/ikasougou.com\/ziaraelectronique\/wp-json\/wp\/v2\/product_tag?post=4692"}],"curies":[{"name":"wp","href":"https:\/\/api.w.org\/{rel}","templated":true}]}}