{"id":4728,"date":"2021-02-08T00:34:58","date_gmt":"2021-02-07T23:34:58","guid":{"rendered":"https:\/\/ikasougou.com\/ziaraelectronique\/?post_type=product&#038;p=4728"},"modified":"2021-02-08T01:31:46","modified_gmt":"2021-02-08T00:31:46","slug":"refrigerateur-pearl-pf-55bg-420-litres-2-portes","status":"publish","type":"product","link":"https:\/\/ikasougou.com\/ziaraelectronique\/produit\/refrigerateur-pearl-pf-55bg-420-litres-2-portes\/","title":{"rendered":"R\u00e9frig\u00e9rateur Pearl PF-55BG 420 Litres \u2013 2 Portes"},"content":{"rendered":"<p>Silencieusement et performant ce R\u00e9frig\u00e9rateur Pearl PF-55BG 420 Litres \u2013 2 Portes est id\u00e9ales pour conserver vos aliments . La temperature est r\u00e9partie de fa\u00e7on homog\u00e8ne dans tous les compartiments afin d&#8217;offrir une longue dur\u00e9e de vie a vos plats et aliments .<\/p>\n<p><strong>Les sp\u00e9cificit\u00e9s Technique\u00a0<\/strong><\/p>\n<p>Fabricant: Pearl<\/p>\n<p>Num\u00e9ro de mod\u00e8le: PF-40BG<\/p>\n<p>Type de r\u00e9frig\u00e9rateur \/ cong\u00e9lateur: Double porte<\/p>\n<p>Position du cong\u00e9lateur: Cong\u00e9lateur sup\u00e9rieur<\/p>\n<p>Capacit\u00e9 totale: 245 litres<\/p>\n<p>Volume d&#8217;aliments frais: 190 litres<\/p>\n<p>Volume d&#8217;aliments surgel\u00e9s: 55 litres<\/p>\n<p>R\u00e9frig\u00e9rant: R600a<\/p>\n<p>Classe climatique: ST<\/p>\n<p>Classement des \u00e9toiles de refroidissement: ** (2 \u00e9toiles)<\/p>\n<p>Consommation d&#8217;\u00e9nergie: 519kwh \/ an<\/p>\n<div><img loading=\"lazy\" decoding=\"async\" class=\"alignnone size-medium wp-image-4731\" src=\"https:\/\/ikasougou.com\/ziaraelectronique\/wp-content\/uploads\/sites\/4\/2021\/02\/PF-55BG-400x400.jpeg\" alt=\"\" width=\"400\" height=\"400\" srcset=\"https:\/\/ikasougou.com\/ziaraelectronique\/wp-content\/uploads\/sites\/4\/2021\/02\/PF-55BG-400x400.jpeg 400w, https:\/\/ikasougou.com\/ziaraelectronique\/wp-content\/uploads\/sites\/4\/2021\/02\/PF-55BG-280x280.jpeg 280w, https:\/\/ikasougou.com\/ziaraelectronique\/wp-content\/uploads\/sites\/4\/2021\/02\/PF-55BG-768x768.jpeg 768w, https:\/\/ikasougou.com\/ziaraelectronique\/wp-content\/uploads\/sites\/4\/2021\/02\/PF-55BG-510x510.jpeg 510w, https:\/\/ikasougou.com\/ziaraelectronique\/wp-content\/uploads\/sites\/4\/2021\/02\/PF-55BG-100x100.jpeg 100w, https:\/\/ikasougou.com\/ziaraelectronique\/wp-content\/uploads\/sites\/4\/2021\/02\/PF-55BG.jpeg 800w\" sizes=\"auto, (max-width: 400px) 100vw, 400px\" \/><\/div>\n<div style=\"display:flex; gap:10px;justify-content:center\" class=\"wps-pgfw-pdf-generate-icon__wrapper-frontend\">\n\t\t<a  href=\"https:\/\/ikasougou.com\/ziaraelectronique\/wp-json\/wp\/v2\/product\/4728?action=genpdf&amp;id=4728\" class=\"pgfw-single-pdf-download-button\" ><img src=\"https:\/\/ikasougou.com\/ziaraelectronique\/wp-content\/plugins\/pdf-generator-for-wp\/admin\/src\/images\/PDF_Tray.svg\" title=\"G\u00e9n\u00e9rer un PDF\" style=\"width:auto; height:45px;\"><\/a>\n\t\t<\/div>","protected":false},"excerpt":{"rendered":"<p>Silencieusement et performant ce R\u00e9frig\u00e9rateur Pearl PF-55BG 420 Litres \u2013 2 Portes est id\u00e9ales pour conserver vos aliments . La temperature est r\u00e9partie de fa\u00e7on homog\u00e8ne dans tous les compartiments afin d&#8217;offrir une longue dur\u00e9e de vie a vos plats et aliments . Les sp\u00e9cificit\u00e9s Technique\u00a0 Fabricant: Pearl Num\u00e9ro de mod\u00e8le: PF-40BG Type de r\u00e9frig\u00e9rateur [&#8230;]\n","protected":false},"featured_media":4732,"comment_status":"open","ping_status":"closed","template":"","meta":{"jetpack_post_was_ever_published":false,"jetpack_publicize_message":"","jetpack_publicize_feature_enabled":true,"jetpack_social_post_already_shared":true,"jetpack_social_options":{"image_generator_settings":{"template":"highway","default_image_id":0,"font":"","enabled":false},"version":2}},"product_brand":[],"product_cat":[19,18,28],"product_tag":[39,41,43,38,42,44],"class_list":{"0":"post-4728","1":"product","2":"type-product","3":"status-publish","4":"has-post-thumbnail","6":"product_cat-electromenager","7":"product_cat-home","8":"product_cat-refrigerateur","9":"product_tag-bamako","10":"product_tag-congelateur","11":"product_tag-frigo","12":"product_tag-mali","13":"product_tag-pearl","14":"product_tag-refrigilateur","16":"first","17":"instock","18":"shipping-taxable","19":"purchasable","20":"product-type-simple"},"ams_default_variation_id":0,"ams_product_points_reward":[],"ams_product_discount_percentage":0,"ams_price_to_display":245000,"aioseo_notices":[],"ams_acf":[],"jetpack_publicize_connections":[],"jetpack_sharing_enabled":true,"jetpack_likes_enabled":true,"_links":{"self":[{"href":"https:\/\/ikasougou.com\/ziaraelectronique\/wp-json\/wp\/v2\/product\/4728","targetHints":{"allow":["GET"]}}],"collection":[{"href":"https:\/\/ikasougou.com\/ziaraelectronique\/wp-json\/wp\/v2\/product"}],"about":[{"href":"https:\/\/ikasougou.com\/ziaraelectronique\/wp-json\/wp\/v2\/types\/product"}],"replies":[{"embeddable":true,"href":"https:\/\/ikasougou.com\/ziaraelectronique\/wp-json\/wp\/v2\/comments?post=4728"}],"wp:featuredmedia":[{"embeddable":true,"href":"https:\/\/ikasougou.com\/ziaraelectronique\/wp-json\/wp\/v2\/media\/4732"}],"wp:attachment":[{"href":"https:\/\/ikasougou.com\/ziaraelectronique\/wp-json\/wp\/v2\/media?parent=4728"}],"wp:term":[{"taxonomy":"product_brand","embeddable":true,"href":"https:\/\/ikasougou.com\/ziaraelectronique\/wp-json\/wp\/v2\/product_brand?post=4728"},{"taxonomy":"product_cat","embeddable":true,"href":"https:\/\/ikasougou.com\/ziaraelectronique\/wp-json\/wp\/v2\/product_cat?post=4728"},{"taxonomy":"product_tag","embeddable":true,"href":"https:\/\/ikasougou.com\/ziaraelectronique\/wp-json\/wp\/v2\/product_tag?post=4728"}],"curies":[{"name":"wp","href":"https:\/\/api.w.org\/{rel}","templated":true}]}}