{"id":4863,"date":"2021-11-27T14:32:03","date_gmt":"2021-11-27T13:32:03","guid":{"rendered":"https:\/\/ikasougou.com\/ziaraelectronique\/?post_type=product&#038;p=4863"},"modified":"2021-11-27T14:32:04","modified_gmt":"2021-11-27T13:32:04","slug":"huawei-y7a-128gb-ram-4gb","status":"publish","type":"product","link":"https:\/\/ikasougou.com\/ziaraelectronique\/produit\/huawei-y7a-128gb-ram-4gb\/","title":{"rendered":"HUAWEI Y7a 128Gb ram 4GB"},"content":{"rendered":"<p><img decoding=\"async\" src=\"https:\/\/consumer-img.huawei.com\/content\/dam\/huawei-cbg-site\/common\/mkt\/pdp\/phones\/y7a\/img\/huawei-y7a-smartphone.jpg\" alt=\"HUAWEI Y7a Smartphone\" \/><\/p>\n<div id=\"x-block1\" class=\"x-features\" role=\"main\">\n<div class=\"section_xml\">\n<div class=\"product-specification-component\">\n<section>\n<div class=\"v4 n06-product-tabs product-tabs no-margin\" data-component=\"n06-product-tabs\">\n<div class=\"product-tabs__content product-tabs__swiper-container swiper-container\">\n<div class=\"swiper-wrapper\">\n<div class=\"product-tabs__tab product-tabs__tab--no-padding swiper-slide\">\n<div class=\"v4 t05-large-accordion large-accordion no-margin\" data-component=\"t05-large-accordion\">\n<div class=\"container\">\n<div class=\"wrap wrap--small\">\n<ul class=\"large-accordion__list\">\n<li class=\"large-accordion__item\">\n<div class=\"large-accordion__content\">\n<div class=\"product-size\">\n<div class=\"large-accordion__inner large-accordion__inner--short\">\n<div class=\"heading large-accordion__subtitle size-first-name\">Largeur<\/div>\n<p class=\"large-accordion__text\">76,88\u00a0mm<\/p>\n<\/div>\n<div class=\"large-accordion__inner large-accordion__inner--short\">\n<div class=\"heading large-accordion__subtitle size-twice-name\">Hauteur<\/div>\n<p class=\"large-accordion__text size-twice-val\">165,65\u00a0mm<\/p>\n<\/div>\n<div class=\"large-accordion__inner large-accordion__inner--short\">\n<div class=\"heading large-accordion__subtitle size-three-name\">Profondeur<\/div>\n<p class=\"large-accordion__text size-three-val\">9,26\u00a0mm<\/p>\n<\/div>\n<div class=\"large-accordion__inner large-accordion__inner--short\">\n<div class=\"heading large-accordion__subtitle\">Poids<\/div>\n<p class=\"large-accordion__text\">Env. 206 g (batterie incluse)<\/p>\n<p><img loading=\"lazy\" decoding=\"async\" class=\"alignnone size-medium wp-image-4864\" src=\"https:\/\/ikasougou.com\/ziaraelectronique\/wp-content\/uploads\/sites\/4\/2021\/11\/huawei-p-smart-2021-01-321x400.jpg\" alt=\"\" width=\"321\" height=\"400\" srcset=\"https:\/\/ikasougou.com\/ziaraelectronique\/wp-content\/uploads\/sites\/4\/2021\/11\/huawei-p-smart-2021-01-321x400.jpg 321w, https:\/\/ikasougou.com\/ziaraelectronique\/wp-content\/uploads\/sites\/4\/2021\/11\/huawei-p-smart-2021-01.jpg 359w\" sizes=\"auto, (max-width: 321px) 100vw, 321px\" \/> <img loading=\"lazy\" decoding=\"async\" class=\"alignnone size-medium wp-image-4865\" src=\"https:\/\/ikasougou.com\/ziaraelectronique\/wp-content\/uploads\/sites\/4\/2021\/11\/huawei-p-smart-2021-02-643x400.jpg\" alt=\"\" width=\"643\" height=\"400\" srcset=\"https:\/\/ikasougou.com\/ziaraelectronique\/wp-content\/uploads\/sites\/4\/2021\/11\/huawei-p-smart-2021-02-643x400.jpg 643w, https:\/\/ikasougou.com\/ziaraelectronique\/wp-content\/uploads\/sites\/4\/2021\/11\/huawei-p-smart-2021-02-510x317.jpg 510w, https:\/\/ikasougou.com\/ziaraelectronique\/wp-content\/uploads\/sites\/4\/2021\/11\/huawei-p-smart-2021-02.jpg 710w\" sizes=\"auto, (max-width: 643px) 100vw, 643px\" \/> <img loading=\"lazy\" decoding=\"async\" class=\"alignnone size-medium wp-image-4866\" src=\"https:\/\/ikasougou.com\/ziaraelectronique\/wp-content\/uploads\/sites\/4\/2021\/11\/huawei-p-smart-2021-03-406x400.jpg\" alt=\"\" width=\"406\" height=\"400\" srcset=\"https:\/\/ikasougou.com\/ziaraelectronique\/wp-content\/uploads\/sites\/4\/2021\/11\/huawei-p-smart-2021-03-406x400.jpg 406w, https:\/\/ikasougou.com\/ziaraelectronique\/wp-content\/uploads\/sites\/4\/2021\/11\/huawei-p-smart-2021-03-100x100.jpg 100w, https:\/\/ikasougou.com\/ziaraelectronique\/wp-content\/uploads\/sites\/4\/2021\/11\/huawei-p-smart-2021-03.jpg 508w\" sizes=\"auto, (max-width: 406px) 100vw, 406px\" \/> <img loading=\"lazy\" decoding=\"async\" class=\"alignnone size-medium wp-image-4867\" src=\"https:\/\/ikasougou.com\/ziaraelectronique\/wp-content\/uploads\/sites\/4\/2021\/11\/huawei-p-smart-2021-04-511x400.jpg\" alt=\"\" width=\"511\" height=\"400\" srcset=\"https:\/\/ikasougou.com\/ziaraelectronique\/wp-content\/uploads\/sites\/4\/2021\/11\/huawei-p-smart-2021-04-511x400.jpg 511w, https:\/\/ikasougou.com\/ziaraelectronique\/wp-content\/uploads\/sites\/4\/2021\/11\/huawei-p-smart-2021-04-510x399.jpg 510w, https:\/\/ikasougou.com\/ziaraelectronique\/wp-content\/uploads\/sites\/4\/2021\/11\/huawei-p-smart-2021-04.jpg 639w\" sizes=\"auto, (max-width: 511px) 100vw, 511px\" \/> <img loading=\"lazy\" decoding=\"async\" class=\"alignnone size-medium wp-image-4868\" src=\"https:\/\/ikasougou.com\/ziaraelectronique\/wp-content\/uploads\/sites\/4\/2021\/11\/huawei-p-smart-2021-05-557x400.jpg\" alt=\"\" width=\"557\" height=\"400\" srcset=\"https:\/\/ikasougou.com\/ziaraelectronique\/wp-content\/uploads\/sites\/4\/2021\/11\/huawei-p-smart-2021-05-557x400.jpg 557w, https:\/\/ikasougou.com\/ziaraelectronique\/wp-content\/uploads\/sites\/4\/2021\/11\/huawei-p-smart-2021-05-510x366.jpg 510w, https:\/\/ikasougou.com\/ziaraelectronique\/wp-content\/uploads\/sites\/4\/2021\/11\/huawei-p-smart-2021-05.jpg 696w\" sizes=\"auto, (max-width: 557px) 100vw, 557px\" \/><\/p>\n<\/div>\n<div class=\"large-accordion__inner\">\n<p class=\"large-accordion__text\">*Les dimensions du produit, le poids et les autres sp\u00e9cifications associ\u00e9es ne sont que des valeurs th\u00e9oriques. Les mesures r\u00e9elles sont susceptibles de varier d&#8217;un produit \u00e0 l&#8217;autre. Toutes les caract\u00e9ristiques techniques d\u00e9pendent du produit r\u00e9el.<\/p>\n<p><img decoding=\"async\" class=\"large-accordion__img large-accordion__img_size\" src=\"https:\/\/consumer-img.huawei.com\/content\/dam\/huawei-cbg-site\/me-africa\/tn\/mkt\/pdp\/phones\/y7a\/size-img.jpg\" alt=\"HUAWEI Y7a\" \/><\/div>\n<\/div>\n<\/div>\n<\/li>\n<li class=\"large-accordion__item\"><button class=\"large-accordion__button large-accordion__button--expanded js-large-accordion-button\" type=\"button\"><span class=\"large-accordion__title\">Couleur<\/span><\/button>\n<div class=\"large-accordion__content\">\n<div class=\"large-accordion__inner\">\n<ul class=\"spec-ul-color\">\n<li class=\"spec-color\">Crush Green<\/li>\n<li class=\"spec-color\">Midnight Black<\/li>\n<li class=\"spec-color\">Blush Gold<\/li>\n<\/ul>\n<p class=\"large-accordion__text\">\n<\/div>\n<\/div>\n<\/li>\n<li class=\"large-accordion__item\"><button class=\"large-accordion__button large-accordion__button--expanded js-large-accordion-button\" type=\"button\"><span class=\"large-accordion__title\">\u00c9cran<\/span><\/button>\n<div class=\"large-accordion__content\">\n<div class=\"large-accordion__inner\">\n<p class=\"large-accordion__text\">Dimensions :<br \/>\n6,67 pouces<br \/>\n*Gr\u00e2ce \u00e0 son \u00e9cran \u00e0 angles arrondis, la diagonale de l&#8217;\u00e9cran est de 6,67\u00a0pouces lorsqu&#8217;on la mesure par rapport au rectangle standard (la taille r\u00e9elle de l&#8217;image est l\u00e9g\u00e8rement plus petite).<\/p>\n<p>Couleurs\u00a0:<br \/>\n16,7\u00a0millions de couleurs<\/p>\n<p>Type\u00a0:<br \/>\nTFT LCD (IPS)<\/p>\n<p>R\u00e9solution\u00a0:<br \/>\nFHD+ 2400 x 1080<br \/>\n*R\u00e9solution mesur\u00e9e en tant que rectangle standard, avec les angles arrondis de l&#8217;\u00e9cran poin\u00e7onn\u00e9, le nombre r\u00e9el de pixels est l\u00e9g\u00e8rement inf\u00e9rieur.<\/p>\n<\/div>\n<\/div>\n<\/li>\n<li class=\"large-accordion__item\">\n<div class=\"large-accordion__content\">\n<div class=\"large-accordion__inner\">\n<p class=\"large-accordion__text\">HUAWEI Kirin\u00a0710A<\/p>\n<p>CPU\u00a0:<br \/>\nProcesseur octo-core<br \/>\n4 x c\u0153urs Cortex-A73 2,0\u00a0GHz + 4 x c\u0153urs Cortex-A53 1,7\u00a0GHz<\/p>\n<p>GPU\u00a0:<br \/>\nMali G51-MP4<\/p>\n<\/div>\n<\/div>\n<\/li>\n<li class=\"large-accordion__item\">\n<div class=\"large-accordion__content\">\n<div class=\"large-accordion__inner operation-system\">\n<div class=\"large-accordion__text\">\n<p class=\"operation-system-main\">EMUI\u00a010.1 (inspir\u00e9\u00a0d&#8217;Android\u00a010)<\/p>\n<\/div>\n<\/div>\n<\/div>\n<\/li>\n<li class=\"large-accordion__item\">\n<div class=\"large-accordion__content\">\n<div class=\"large-accordion__inner\">\n<p class=\"large-accordion__text\">\u00a0Go de m\u00e9moire RAM + 128 Go de m\u00e9moire ROM<\/p>\n<p>Support de m\u00e9moire externe\u00a0:<br \/>\nCarte micro SD, jusqu&#8217;\u00e0 512\u00a0Go<\/p>\n<p>*vendue s\u00e9par\u00e9ment.<br \/>\n*En raison des restrictions en mati\u00e8re de puissance de traitement du processeur (CPU), de m\u00e9moire utilis\u00e9e par le syst\u00e8me d&#8217;exploitation et des applications pr\u00e9install\u00e9es, l&#8217;espace r\u00e9el disponible pour les utilisateurs est susceptible d&#8217;\u00eatre inf\u00e9rieur \u00e0 la capacit\u00e9 de m\u00e9moire indiqu\u00e9e. L&#8217;espace m\u00e9moire r\u00e9el est susceptible de changer en fonction des mises \u00e0 jour des applications, des actions de l&#8217;utilisateur et d&#8217;autres facteurs connexes.<\/p>\n<\/div>\n<div class=\"large-accordion__content\">\n<div class=\"large-accordion__inner\">\n<p class=\"large-accordion__text\">Appareil photo arri\u00e8re\u00a0:<\/p>\n<p>48\u00a0MP (ouverture f\/1.8)\u00a0+\u00a08\u00a0MP (objectif ultra grand angle 120\u00b0, ouverture f\/2.4)\u00a0+\u00a02\u00a0MP (objectif \u00e0 d\u00e9tection de profondeur, ouverture f\/2.4) + 2\u00a0MP (objectif macro, ouverture f\/2.4)<\/p>\n<p>Appareil photo avant\u00a0:<br \/>\n8\u00a0MP, ouverture\u00a0: f\/2.0<\/p>\n<p>*Le nombre de pixels des photos est susceptible de varier selon le mode de prise de vue.<\/p>\n<\/div>\n<\/div>\n<\/div>\n<\/li>\n<li class=\"large-accordion__item\"><button class=\"large-accordion__button large-accordion__button--expanded js-large-accordion-button\" type=\"button\"><span class=\"large-accordion__title\">Batterie<\/span><\/button>\n<div class=\"large-accordion__content\">\n<div class=\"large-accordion__inner\">\n<p class=\"large-accordion__text\">5000\u00a0mAh (valeur standard)<\/p>\n<p>*Valeur standard. La capacit\u00e9 r\u00e9elle est susceptible de varier l\u00e9g\u00e8rement.<br \/>\nCette capacit\u00e9 correspond \u00e0 la capacit\u00e9 nominale de la batterie. La capacit\u00e9 r\u00e9elle de la batterie de chaque t\u00e9l\u00e9phone est susceptible d&#8217;\u00eatre l\u00e9g\u00e8rement sup\u00e9rieure ou inf\u00e9rieure \u00e0 la capacit\u00e9 nominale.<br \/>\n**Batterie non-amovible. Retirer la batterie peut causer des dommages importants \u00e0 l&#8217;appareil. Pour r\u00e9parer ou remplacer la batterie, merci de vous rendre dans un centre technique agr\u00e9\u00e9 HUAWEI.<\/p>\n<\/div>\n<\/div>\n<\/li>\n<li class=\"large-accordion__item\"><button class=\"large-accordion__button large-accordion__button--expanded js-large-accordion-button\" type=\"button\"><span class=\"large-accordion__title\">Charge<\/span><\/button>\n<div class=\"large-accordion__content\">\n<div class=\"large-accordion__inner\">\n<p class=\"large-accordion__text\">HUAWEI SuperCharge (Max 22,5 W)<br \/>\n*Un c\u00e2ble et un chargeur HUAWEI SuperCharge sont requis.<\/p>\n<\/div>\n<\/div>\n<\/li>\n<li class=\"large-accordion__item\"><button class=\"large-accordion__button large-accordion__button--expanded js-large-accordion-button\" type=\"button\"><span class=\"large-accordion__title\">R\u00e9seau<\/span><\/button>\n<div class=\"large-accordion__content\">\n<div class=\"large-accordion__inner\">\n<p class=\"large-accordion__text\">Peppa-L22B<br \/>\nCarte SIM principale\/Carte SIM secondaire<br \/>\n4G LTE\u00a0FDD\u00a0: B1\/B3\/B5\/B7\/B8\/B20\/B28<br \/>\n4G LTE TDD\u00a0: B38 \/B40 \/B41 (2496~2690 MHz)<br \/>\n3G UMTS\u00a0: B1\/B2\/B5\/B8<br \/>\n2G GSM\u00a0: B2\/B3\/B5\/B8<\/p>\n<p>*Dans la version avec deux cartes SIM,\u00a0chaque emplacement carte SIM peut \u00eatre configur\u00e9 pour accueillir la carte SIM principale ou secondaire.<br \/>\n*Les fonctions disponibles sur le r\u00e9seau actif d\u00e9pendent de la situation du r\u00e9seau de l&#8217;op\u00e9rateur et du d\u00e9ploiement des services associ\u00e9s.<\/p>\n<\/div>\n<\/div>\n<\/li>\n<li class=\"large-accordion__item\"><button class=\"large-accordion__button large-accordion__button--expanded js-large-accordion-button\" type=\"button\"><span class=\"large-accordion__title\">Connectivit\u00e9<\/span><\/button>\n<div class=\"large-accordion__content\">\n<div class=\"large-accordion__inner\">\n<p class=\"large-accordion__text\">WLAN\u00a0:<br \/>\n802.11b\/g\/n, 2,4\u00a0GHz<\/p>\n<p>Bluetooth\u00a0:<br \/>\nBluetooth 5.1, BLE, SBC, AAC<\/p>\n<p>USB\u00a0:<br \/>\nType-C, USB 2.0<\/p>\n<p>Prise casque\u00a0:<br \/>\nPrise casque 3,5\u00a0mm<\/p>\n<\/div>\n<\/div>\n<\/li>\n<li class=\"large-accordion__item\"><button class=\"large-accordion__button large-accordion__button--expanded js-large-accordion-button\" type=\"button\"><span class=\"large-accordion__title\">Capteurs<\/span><\/button>\n<div class=\"large-accordion__content\">\n<div class=\"large-accordion__inner\">\n<p class=\"large-accordion__text\">Capteur de lumi\u00e8re ambiante<br \/>\nCapteur de proximit\u00e9<br \/>\nBoussole<br \/>\nCapteur de gravit\u00e9<br \/>\nCapteur d&#8217;empreinte digitale<\/p>\n<\/div>\n<\/div>\n<p>Histen<\/p>\n<div class=\"large-accordion__content\">\n<div class=\"large-accordion__inner\">\n<p class=\"large-accordion__text\">Formats de fichier audio : mp3, mp4, 3gp, ogg, amr, aac, flac, wav, midi<\/p>\n<\/div>\n<\/div>\n<\/li>\n<li class=\"large-accordion__item\">\n<div class=\"large-accordion__content\">\n<div class=\"large-accordion__inner\">\n<p class=\"large-accordion__text\">formats des fichiers vid\u00e9o : 3gp, mp4<\/p>\n<\/div>\n<\/div>\n<\/li>\n<li class=\"large-accordion__item\">\n<div class=\"large-accordion__content\">\n<div class=\"large-accordion__inner\">\n<p class=\"large-accordion__text\">GPS, AGPS, Glonass,\u00a0BeiDou<\/p>\n<\/div>\n<\/div>\n<\/li>\n<li class=\"large-accordion__item\">\n<div class=\"large-accordion__content\">\n<div class=\"large-accordion__inner\">\n<p class=\"large-accordion__text\">1 x t\u00e9l\u00e9phone (batterie int\u00e9gr\u00e9e)<br \/>\n1 x chargeur<br \/>\n1 x c\u00e2ble Type-C<br \/>\n1 x broche d&#8217;\u00e9jection<br \/>\n1 x guide de d\u00e9marrage rapide<br \/>\n1 x coque de protection\uff08selon le march\u00e9\uff09<br \/>\n1 x carte de garantie\uff08selon le march\u00e9\uff09<br \/>\n1 x film de protection TP (install\u00e9 sur le t\u00e9l\u00e9phone avant livraison)<br \/>\n1 x film de protection de la batterie (install\u00e9 sur le t\u00e9l\u00e9phone avant livraison)<br \/>\nRemarque : Contacter un des r\u00e9seaux de vente pour une liste plus compl\u00e8te.<\/p>\n<\/div>\n<\/div>\n<\/li>\n<\/ul>\n<\/div>\n<\/div>\n<\/div>\n<\/div>\n<\/div>\n<\/div>\n<\/div>\n<\/section>\n<\/div>\n<\/div>\n<\/div>\n<footer class=\"v4 n09-footer footer\" data-component=\"n09-footer\">\n<div class=\"container\">\n<div class=\"policy-text\">*Les caract\u00e9ristiques pr\u00e9c\u00e9dentes sont des valeurs th\u00e9oriques bas\u00e9es sur la conception du produit. Pour fournir les informations, les caract\u00e9ristiques et les fonctionnalit\u00e9s exactes du produit, Huawei est susceptible d&#8217;ajuster en temps r\u00e9el les caract\u00e9ristiques pr\u00e9c\u00e9dentes afin qu&#8217;elles correspondent aux performances, aux caract\u00e9ristiques, aux indexes et aux composants du produit r\u00e9el. Les informations sur le produit peuvent faire l&#8217;objet de modifications et d&#8217;ajustements de cette nature sans avis pr\u00e9alable.<\/div>\n<\/div>\n<\/footer>\n<p><img loading=\"lazy\" decoding=\"async\" class=\"\" src=\"https:\/\/consumer-img.huawei.com\/content\/dam\/huawei-cbg-site\/me-africa\/tn\/mkt\/pdp\/phones\/y7a\/contrast-banner\/pc.png\" alt=\"HUAWEI Y7a\" width=\"829\" height=\"492\" \/><\/p>\n<div style=\"display:flex; gap:10px;justify-content:center\" class=\"wps-pgfw-pdf-generate-icon__wrapper-frontend\">\n\t\t<a  href=\"https:\/\/ikasougou.com\/ziaraelectronique\/wp-json\/wp\/v2\/product\/4863?action=genpdf&amp;id=4863\" class=\"pgfw-single-pdf-download-button\" ><img src=\"https:\/\/ikasougou.com\/ziaraelectronique\/wp-content\/plugins\/pdf-generator-for-wp\/admin\/src\/images\/PDF_Tray.svg\" title=\"G\u00e9n\u00e9rer un PDF\" style=\"width:auto; height:45px;\"><\/a>\n\t\t<\/div>","protected":false},"excerpt":{"rendered":"<p>Largeur 76,88\u00a0mm Hauteur 165,65\u00a0mm Profondeur 9,26\u00a0mm Poids Env. 206 g (batterie incluse) *Les dimensions du produit, le poids et les autres sp\u00e9cifications associ\u00e9es ne sont que des valeurs th\u00e9oriques. Les mesures r\u00e9elles sont susceptibles de varier d&#8217;un produit \u00e0 l&#8217;autre. Toutes les caract\u00e9ristiques techniques d\u00e9pendent du produit r\u00e9el. Couleur Crush Green Midnight Black Blush Gold [&#8230;]\n","protected":false},"featured_media":4864,"comment_status":"open","ping_status":"closed","template":"","meta":{"jetpack_post_was_ever_published":false,"jetpack_publicize_message":"","jetpack_publicize_feature_enabled":true,"jetpack_social_post_already_shared":true,"jetpack_social_options":{"image_generator_settings":{"template":"highway","default_image_id":0,"font":"","enabled":false},"version":2}},"product_brand":[],"product_cat":[16,36,17],"product_tag":[39,85,38,47],"class_list":{"0":"post-4863","1":"product","2":"type-product","3":"status-publish","4":"has-post-thumbnail","6":"product_cat-high-tech","7":"product_cat-huawei","8":"product_cat-telephone-tablette","9":"product_tag-bamako","10":"product_tag-huawei-y7a","11":"product_tag-mali","12":"product_tag-telephone","14":"first","15":"instock","16":"shipping-taxable","17":"purchasable","18":"product-type-simple"},"ams_default_variation_id":0,"ams_product_points_reward":[],"ams_product_discount_percentage":0,"ams_price_to_display":110000,"aioseo_notices":[],"ams_acf":[],"jetpack_publicize_connections":[],"jetpack_sharing_enabled":true,"jetpack_likes_enabled":true,"_links":{"self":[{"href":"https:\/\/ikasougou.com\/ziaraelectronique\/wp-json\/wp\/v2\/product\/4863","targetHints":{"allow":["GET"]}}],"collection":[{"href":"https:\/\/ikasougou.com\/ziaraelectronique\/wp-json\/wp\/v2\/product"}],"about":[{"href":"https:\/\/ikasougou.com\/ziaraelectronique\/wp-json\/wp\/v2\/types\/product"}],"replies":[{"embeddable":true,"href":"https:\/\/ikasougou.com\/ziaraelectronique\/wp-json\/wp\/v2\/comments?post=4863"}],"wp:featuredmedia":[{"embeddable":true,"href":"https:\/\/ikasougou.com\/ziaraelectronique\/wp-json\/wp\/v2\/media\/4864"}],"wp:attachment":[{"href":"https:\/\/ikasougou.com\/ziaraelectronique\/wp-json\/wp\/v2\/media?parent=4863"}],"wp:term":[{"taxonomy":"product_brand","embeddable":true,"href":"https:\/\/ikasougou.com\/ziaraelectronique\/wp-json\/wp\/v2\/product_brand?post=4863"},{"taxonomy":"product_cat","embeddable":true,"href":"https:\/\/ikasougou.com\/ziaraelectronique\/wp-json\/wp\/v2\/product_cat?post=4863"},{"taxonomy":"product_tag","embeddable":true,"href":"https:\/\/ikasougou.com\/ziaraelectronique\/wp-json\/wp\/v2\/product_tag?post=4863"}],"curies":[{"name":"wp","href":"https:\/\/api.w.org\/{rel}","templated":true}]}}