{"id":4878,"date":"2021-11-29T11:57:37","date_gmt":"2021-11-29T10:57:37","guid":{"rendered":"https:\/\/ikasougou.com\/ziaraelectronique\/?post_type=product&#038;p=4878"},"modified":"2021-11-29T12:36:45","modified_gmt":"2021-11-29T11:36:45","slug":"huawei-y5p-32gb-large-storage","status":"publish","type":"product","link":"https:\/\/ikasougou.com\/ziaraelectronique\/produit\/huawei-y5p-32gb-large-storage\/","title":{"rendered":"HUAWEI Y5p 32GB Large Storage"},"content":{"rendered":"<ul class=\"large-accordion__list\">\n<li class=\"large-accordion__item\"><button class=\"large-accordion__button large-accordion__button--expanded js-large-accordion-button\" type=\"button\"><span class=\"large-accordion__title\">DIMENSIONS<\/span><\/button>\n<div class=\"large-accordion__content\">\n<div class=\"product-size\">\n<div class=\"large-accordion__inner large-accordion__inner--short\">\n<div class=\"heading large-accordion__subtitle size-first-name\">Largeur<\/div>\n<p class=\"large-accordion__text\">70,94 mm<\/p>\n<\/div>\n<div class=\"large-accordion__inner large-accordion__inner--short\">\n<div class=\"heading large-accordion__subtitle size-twice-name\">Hauteur<\/div>\n<p class=\"large-accordion__text size-twice-val\">146,5 mm<\/p>\n<\/div>\n<div class=\"large-accordion__inner large-accordion__inner--short\">\n<div class=\"heading large-accordion__subtitle size-three-name\">Epaisseur<\/div>\n<p class=\"large-accordion__text size-three-val\">8,35 mm<\/p>\n<\/div>\n<div class=\"large-accordion__inner large-accordion__inner--short\">\n<div class=\"heading large-accordion__subtitle\">Poids<\/div>\n<p class=\"large-accordion__text\">Environ 144 g (batterie incluse)<\/p>\n<\/div>\n<div class=\"large-accordion__inner\">\n<p class=\"large-accordion__text\">*La taille, le poids, et les sp\u00e9cifications du produit sont des valeurs th\u00e9oriques. Les mesures r\u00e9elles entre chaque produit peuvent varier. Toutes les sp\u00e9cifications sont soumises au produit r\u00e9el.<\/p>\n<p><img decoding=\"async\" class=\"large-accordion__img large-accordion__img_size\" src=\"https:\/\/consumer-img.huawei.com\/content\/dam\/huawei-cbg-site\/weu\/fr\/mkt\/pdp\/phones\/y5p\/size-img.jpg\" alt=\"HUAWEI Y5p\" \/><\/p>\n<\/div>\n<\/div>\n<\/div>\n<\/li>\n<li class=\"large-accordion__item\"><button class=\"large-accordion__button large-accordion__button--expanded js-large-accordion-button\" type=\"button\"><span class=\"large-accordion__title\">ECRAN<\/span><\/button>\n<div class=\"large-accordion__content\">\n<div class=\"large-accordion__inner\">\n<p class=\"large-accordion__text\">Taille de l&#8217;\u00e9cran : 5,45 pouces<br \/>\nTechnologie : TFT LCD (IPS)<br \/>\nCouleurs : 16 millions de couleurs<br \/>\nR\u00e9solution : 1440 x 720p<\/p>\n<\/div>\n<\/div>\n<\/li>\n<li class=\"large-accordion__item\"><button class=\"large-accordion__button large-accordion__button--expanded js-large-accordion-button\" type=\"button\"><span class=\"large-accordion__title\">Processeur<\/span><\/button>\n<div class=\"large-accordion__content\">\n<div class=\"large-accordion__inner\">\n<p class=\"large-accordion__text\">CPU :<br \/>\nMod\u00e8le : Mediatek MT6762R<br \/>\nProcesseur : Octa &#8211; Core<br \/>\nFr\u00e9quence : 4 x 2,0 GHz + 4 x 1,5 GHz<\/p>\n<p>GPU :<br \/>\nIMG GE8320 650 MHz<\/p>\n<\/div>\n<\/div>\n<\/li>\n<li class=\"large-accordion__item\"><button class=\"large-accordion__button large-accordion__button--expanded js-large-accordion-button\" type=\"button\"><span class=\"large-accordion__title\">Syst\u00e8me d&#8217;exploitation<\/span><\/button>\n<div class=\"large-accordion__content\">\n<div class=\"large-accordion__inner operation-system\">\n<div class=\"large-accordion__text\">\n<p class=\"operation-system-main\">EMUI 10.1 (Bas\u00e9 sur Android 10)<\/p>\n<\/div>\n<\/div>\n<\/div>\n<\/li>\n<li class=\"large-accordion__item\"><button class=\"large-accordion__button large-accordion__button--expanded js-large-accordion-button\" type=\"button\"><span class=\"large-accordion__title\">M\u00e9moire<\/span><\/button>\n<div class=\"large-accordion__content\">\n<div class=\"large-accordion__inner\">\n<p class=\"large-accordion__text\">RAM : 2 Go<br \/>\nStockage : 32 Go*<\/p>\n<p>M\u00e9moire externe : extensible via carte microSD jusqu&#8217;\u00e0 512 Go (vendue s\u00e9par\u00e9ment)<\/p>\n<p>*En raison des limitations de la puissance de traitement du CPU et de la m\u00e9moire utilis\u00e9e par le syst\u00e8me d&#8217;exploitation et les applications pr\u00e9install\u00e9es, l&#8217;espace r\u00e9el disponible pour les utilisateurs sera inf\u00e9rieur \u00e0 la capacit\u00e9 de m\u00e9moire nominale. L&#8217;espace m\u00e9moire r\u00e9el va changer avec les mises \u00e0 jour de l&#8217;application, les op\u00e9rations de l&#8217;utilisateur et d&#8217;autres facteurs connexes.<\/p>\n<\/div>\n<\/div>\n<\/li>\n<li class=\"large-accordion__item\"><button class=\"large-accordion__button large-accordion__button--expanded js-large-accordion-button\" type=\"button\"><span class=\"large-accordion__title\">CAMERA<\/span><\/button>\n<div class=\"large-accordion__content\">\n<div class=\"large-accordion__inner\">\n<p class=\"large-accordion__text\">Appareil Photo principal :<br \/>\n8 MP (f\/2.0), AF<\/p>\n<p>Appareil Photo frontal :<br \/>\n5 MP, (f\/2.2), FF<\/p>\n<p>*Les pixels peuvent varier en fonction du mode s\u00e9lectionn\u00e9 au sein de l&#8217;application photo du t\u00e9l\u00e9phone<\/p>\n<\/div>\n<\/div>\n<\/li>\n<li class=\"large-accordion__item\"><button class=\"large-accordion__button large-accordion__button--expanded js-large-accordion-button\" type=\"button\"><span class=\"large-accordion__title\">Batterie<\/span><\/button>\n<div class=\"large-accordion__content\">\n<div class=\"large-accordion__inner\">\n<p class=\"large-accordion__text\">Capacit\u00e9 : 3020 mAh (valeur typique*) ; 2920 mAh (valeur minimum)<\/p>\n<p>*Valeur typique. La capacit\u00e9 r\u00e9elle peut l\u00e9g\u00e8rement varier.<br \/>\nCette capacit\u00e9 est la capacit\u00e9 th\u00e9orique de la batterie. La capacit\u00e9 r\u00e9elle de la batterie pour chaque t\u00e9l\u00e9phone peut se trouve<\/p>\n<\/div>\n<\/div>\n<\/li>\n<li class=\"large-accordion__item\"><button class=\"large-accordion__button large-accordion__button--expanded js-large-accordion-button\" type=\"button\"><span class=\"large-accordion__title\">CHARGE<\/span><\/button>\n<div class=\"large-accordion__content\">\n<div class=\"large-accordion__inner\">\n<p class=\"large-accordion__text\">5V \/ 1A<\/p>\n<\/div>\n<\/div>\n<\/li>\n<li class=\"large-accordion__item\"><button class=\"large-accordion__button large-accordion__button--expanded js-large-accordion-button\" type=\"button\"><span class=\"large-accordion__title\">R\u00e9seau<\/span><\/button>\n<div class=\"large-accordion__content\">\n<div class=\"large-accordion__inner\">\n<p class=\"large-accordion__text\">Primary SIM card :<br \/>\n4G FDD LTE : Bands 1 \/ 2 \/ 3 \/ 4 \/ 5 \/ 7 \/ 8 \/ 20 \/ 28<br \/>\n4G TDD LTE : Bands 38 \/ 40 \/ 41 (2535 &#8211; 2655 MHz)<br \/>\n3G WCDMA : Bands 1 \/ 2 \/ 4 \/ 5 \/ 8<br \/>\n2G GSM : Bands 2 \/ 3 \/ 5 \/ 8 (850 \/ 900 \/ 1800 \/ 1900 MHz)<\/p>\n<p>Secondary SIM card :<br \/>\n4G FDD LTE : Bands 1 \/ 2 \/ 3 \/ 4 \/ 5 \/ 7 \/ 8 \/ 20 \/ 28<br \/>\n4G TDD LTE : Bands 38 \/ 40 \/ 41 (2535 &#8211; 2655 MHz)<br \/>\n3G WCDMA : Bands 1 \/ 2 \/ 4 \/ 5 \/ 8<br \/>\n2G GSM : Bands 2 \/ 3 \/ 5 \/ 8 (850 \/ 900 \/ 1800 \/ 1900 MHz)<\/p>\n<\/div>\n<\/div>\n<\/li>\n<li class=\"large-accordion__item\"><button class=\"large-accordion__button large-accordion__button--expanded js-large-accordion-button\" type=\"button\"><span class=\"large-accordion__title\">Connectivit\u00e9<\/span><\/button>\n<div class=\"large-accordion__content\">\n<div class=\"large-accordion__inner\">\n<p class=\"large-accordion__text\">WiFi :<br \/>\n802.11b\/g\/n, 2,4 GHz<\/p>\n<p>Bluetooth :<br \/>\nBluetooth 5.0<\/p>\n<p>USB :<br \/>\nmicroUSB, USB 2.0<\/p>\n<p>Jack :<br \/>\n3,5 mm<\/p>\n<\/div>\n<\/div>\n<\/li>\n<li class=\"large-accordion__item\"><button class=\"large-accordion__button large-accordion__button--expanded js-large-accordion-button\" type=\"button\"><span class=\"large-accordion__title\">Localisation<\/span><\/button>\n<div class=\"large-accordion__content\">\n<div class=\"large-accordion__inner\">\n<p class=\"large-accordion__text\">GPS, AGPS, Glonass, BeiDou<\/p>\n<\/div>\n<\/div>\n<\/li>\n<li class=\"large-accordion__item\"><button class=\"large-accordion__button large-accordion__button--expanded js-large-accordion-button\" type=\"button\"><span class=\"large-accordion__title\">Capteurs<\/span><\/button>\n<div class=\"large-accordion__content\">\n<div class=\"large-accordion__inner\">\n<p class=\"large-accordion__text\">Capteur de proximit\u00e9<br \/>\nCapteur de lumi\u00e8re ambiante<br \/>\nCapteur de gravit\u00e9<\/p>\n<\/div>\n<\/div>\n<\/li>\n<li class=\"large-accordion__item\"><button class=\"large-accordion__button large-accordion__button--expanded js-large-accordion-button\" type=\"button\"><span class=\"large-accordion__title\">Audio<\/span><\/button>\n<div class=\"large-accordion__content\">\n<div class=\"large-accordion__inner\">\n<p class=\"large-accordion__text\">HUAWEI Histen<br \/>\nmp3, mid, amr, awb, 3gp, mp4, m4a, aac, wav, ogg, flac, mkv<\/p>\n<\/div>\n<\/div>\n<\/li>\n<li class=\"large-accordion__item\"><button class=\"large-accordion__button large-accordion__button--expanded js-large-accordion-button\" type=\"button\"><span class=\"large-accordion__title\">Vid\u00e9o<\/span><\/button>\n<div class=\"large-accordion__content\">\n<div class=\"large-accordion__inner\">\n<p class=\"large-accordion__text\">3gp, mp4, webm, mkv<\/p>\n<\/div>\n<\/div>\n<\/li>\n<li class=\"large-accordion__item\"><button class=\"large-accordion__button large-accordion__button--expanded js-large-accordion-button\" type=\"button\"><span class=\"large-accordion__title\">DANS LE COFFRET<\/span><\/button>\n<div class=\"large-accordion__content\">\n<div class=\"large-accordion__inner\">\n<p class=\"large-accordion__text\">HUAWEI Y5p<br \/>\nChargeur<br \/>\nC\u00e2ble USB<br \/>\nKit mains libres<br \/>\nGuide de d\u00e9marrage rapide<br \/>\nOutil d&#8217;\u00e9jection de la carte SIM<br \/>\nCarte de garantie<\/p>\n<\/div>\n<\/div>\n<\/li>\n<\/ul>\n<div style=\"display:flex; gap:10px;justify-content:center\" class=\"wps-pgfw-pdf-generate-icon__wrapper-frontend\">\n\t\t<a  href=\"https:\/\/ikasougou.com\/ziaraelectronique\/wp-json\/wp\/v2\/product\/4878?action=genpdf&amp;id=4878\" class=\"pgfw-single-pdf-download-button\" ><img src=\"https:\/\/ikasougou.com\/ziaraelectronique\/wp-content\/plugins\/pdf-generator-for-wp\/admin\/src\/images\/PDF_Tray.svg\" title=\"G\u00e9n\u00e9rer un PDF\" style=\"width:auto; height:45px;\"><\/a>\n\t\t<\/div>","protected":false},"excerpt":{"rendered":"<p>DIMENSIONS Largeur 70,94 mm Hauteur 146,5 mm Epaisseur 8,35 mm Poids Environ 144 g (batterie incluse) *La taille, le poids, et les sp\u00e9cifications du produit sont des valeurs th\u00e9oriques. Les mesures r\u00e9elles entre chaque produit peuvent varier. Toutes les sp\u00e9cifications sont soumises au produit r\u00e9el. ECRAN Taille de l&#8217;\u00e9cran : 5,45 pouces Technologie : TFT [&#8230;]\n","protected":false},"featured_media":4887,"comment_status":"open","ping_status":"closed","template":"","meta":{"jetpack_post_was_ever_published":false,"jetpack_publicize_message":"","jetpack_publicize_feature_enabled":true,"jetpack_social_post_already_shared":true,"jetpack_social_options":{"image_generator_settings":{"template":"highway","default_image_id":0,"font":"","enabled":false},"version":2}},"product_brand":[],"product_cat":[16],"product_tag":[39,40,90,38,89],"class_list":{"0":"post-4878","1":"product","2":"type-product","3":"status-publish","4":"has-post-thumbnail","6":"product_cat-high-tech","7":"product_tag-bamako","8":"product_tag-huawei","9":"product_tag-huawei-y5p-32gb-large-storage","10":"product_tag-mali","11":"product_tag-t2l2phone","13":"first","14":"instock","15":"shipping-taxable","16":"purchasable","17":"product-type-simple"},"ams_default_variation_id":0,"ams_product_points_reward":[],"ams_product_discount_percentage":0,"ams_price_to_display":60000,"aioseo_notices":[],"ams_acf":[],"jetpack_publicize_connections":[],"jetpack_sharing_enabled":true,"jetpack_likes_enabled":true,"_links":{"self":[{"href":"https:\/\/ikasougou.com\/ziaraelectronique\/wp-json\/wp\/v2\/product\/4878","targetHints":{"allow":["GET"]}}],"collection":[{"href":"https:\/\/ikasougou.com\/ziaraelectronique\/wp-json\/wp\/v2\/product"}],"about":[{"href":"https:\/\/ikasougou.com\/ziaraelectronique\/wp-json\/wp\/v2\/types\/product"}],"replies":[{"embeddable":true,"href":"https:\/\/ikasougou.com\/ziaraelectronique\/wp-json\/wp\/v2\/comments?post=4878"}],"wp:featuredmedia":[{"embeddable":true,"href":"https:\/\/ikasougou.com\/ziaraelectronique\/wp-json\/wp\/v2\/media\/4887"}],"wp:attachment":[{"href":"https:\/\/ikasougou.com\/ziaraelectronique\/wp-json\/wp\/v2\/media?parent=4878"}],"wp:term":[{"taxonomy":"product_brand","embeddable":true,"href":"https:\/\/ikasougou.com\/ziaraelectronique\/wp-json\/wp\/v2\/product_brand?post=4878"},{"taxonomy":"product_cat","embeddable":true,"href":"https:\/\/ikasougou.com\/ziaraelectronique\/wp-json\/wp\/v2\/product_cat?post=4878"},{"taxonomy":"product_tag","embeddable":true,"href":"https:\/\/ikasougou.com\/ziaraelectronique\/wp-json\/wp\/v2\/product_tag?post=4878"}],"curies":[{"name":"wp","href":"https:\/\/api.w.org\/{rel}","templated":true}]}}