{"id":4890,"date":"2021-11-29T12:55:42","date_gmt":"2021-11-29T11:55:42","guid":{"rendered":"https:\/\/ikasougou.com\/ziaraelectronique\/?post_type=product&#038;p=4890"},"modified":"2021-11-29T12:55:42","modified_gmt":"2021-11-29T11:55:42","slug":"huawei-y7-prime","status":"publish","type":"product","link":"https:\/\/ikasougou.com\/ziaraelectronique\/produit\/huawei-y7-prime\/","title":{"rendered":"Huawei Y7 Prime"},"content":{"rendered":"<h3>Huawei Y7 Prime 2018<\/h3>\n<p><strong>13 MP + 2 MP\u00a0<span class=\"notranslate\">double cam\u00e9ra,<\/span>\u00a0<span class=\"notranslate\">\u00e9lever votre photographie<\/span><\/strong><br \/>\nEn utilisant le mode grande ouverture sur notre double cam\u00e9ra, capturez sans effort la beaut\u00e9 et la profondeur vives des photos pour obtenir un\u00a0effet bokeh\u00a0naturel semblable \u00e0 celui d&#8217;un reflex num\u00e9rique\u00a0.<\/p>\n<p><center><img loading=\"lazy\" decoding=\"async\" src=\"http:\/\/www.wiki.tn\/img\/cms\/Huawei%20y7%20prime%202018(1)-min.jpg\" alt=\"HUAWEI Y7 Prime 2018 Appareil photo\" width=\"527\" height=\"501\" \/><\/center><strong>Selfie tonifiant\u00a0clignote, illumine\u00a0le meilleur coup<\/strong><br \/>\nL&#8217;effet d&#8217;\u00e9clairage de qualit\u00e9 studio vous permet d&#8217;afficher votre meilleure image dans des conditions de faible luminosit\u00e9, avec des modes d&#8217;ajustement automatique manuels et intelligents pour faire de chaque portrait une\u00a0photo parfaite.<\/p>\n<p><strong>D\u00e9bloquez votre\u00a0t\u00e9l\u00e9phone avec\u00a0juste un coup d&#8217;oeil<\/strong><br \/>\nUtilisez votre visage comme un mot de passe, r\u00e9veillez le t\u00e9l\u00e9phone pour d\u00e9verrouiller l&#8217;appareil en un coup d&#8217;\u0153il, profitez de la fonction pratique de\u00a0reconnaissance\u00a0faciale\u00a0.<\/p>\n<p><center><img loading=\"lazy\" decoding=\"async\" src=\"http:\/\/www.wiki.tn\/img\/cms\/Huawei%20y7%20prime%202018(2)-min.jpg\" alt=\"HUAWEI Y7 Prime 2018 Face D\u00e9bloquer\" width=\"484\" height=\"583\" \/><\/center><strong>Plus grande vue,\u00a0meilleur affichage<\/strong><br \/>\n<span class=\"notranslate\">L&#8217;\u00e9cran FullView\u00a0<strong>HUAWEI<\/strong>\u00a0HD de 5,99 po avec un rapport \u00e9cran \/ corps ultra-\u00e9lev\u00e9 vous permet d&#8217;acc\u00e9der \u00e0 un monde plus vaste gr\u00e2ce \u00e0 son effet miroir bleu qui arrondit le\u00a0style impeccable de<\/span>\u00a0ce\u00a0<strong>t\u00e9l\u00e9phone\u00a0<\/strong>.<\/p>\n<p><strong>Smarter t\u00e9l\u00e9phone,\u00a0exp\u00e9rience plus douce<\/strong><br \/>\nBas\u00e9 sur l&#8217;<strong>Android \u2122 8.0<\/strong>\u00a0,\u00a0<strong>l&#8217;EMUI 8.0<\/strong>\u00a0permet \u00e0 votre\u00a0<strong>t\u00e9l\u00e9phone<\/strong>\u00a0d&#8217;apprendre et d&#8217;optimiser l&#8217;allocation des ressources de mani\u00e8re proactive, ce qui\u00a0acc\u00e9l\u00e8re\u00a0chaque\u00a0glissement.<\/p>\n<p><strong>\u00c9cran divis\u00e9,\u00a0multi-fun<\/strong><br \/>\nUne seule touche pour g\u00e9rer deux applications c\u00f4te \u00e0 c\u00f4te sur l&#8217;\u00a0\u00e9cran \u00e9poustouflant\u00a0du\u00a0<strong>t\u00e9l\u00e9phone\u00a0<\/strong>.<\/p>\n<p><strong>Capturez facilement\u00a0le moment<\/strong><br \/>\nCapture d&#8217;\u00e9cran \u00e0 trois doigts, un geste pratique qui capture vos\u00a0moments fugaces.<\/p>\n<div style=\"display:flex; gap:10px;justify-content:center\" class=\"wps-pgfw-pdf-generate-icon__wrapper-frontend\">\n\t\t<a  href=\"https:\/\/ikasougou.com\/ziaraelectronique\/wp-json\/wp\/v2\/product\/4890?action=genpdf&amp;id=4890\" class=\"pgfw-single-pdf-download-button\" ><img src=\"https:\/\/ikasougou.com\/ziaraelectronique\/wp-content\/plugins\/pdf-generator-for-wp\/admin\/src\/images\/PDF_Tray.svg\" title=\"G\u00e9n\u00e9rer un PDF\" style=\"width:auto; height:45px;\"><\/a>\n\t\t<\/div>","protected":false},"excerpt":{"rendered":"<p>Huawei Y7 Prime 2018 13 MP + 2 MP\u00a0double cam\u00e9ra,\u00a0\u00e9lever votre photographie En utilisant le mode grande ouverture sur notre double cam\u00e9ra, capturez sans effort la beaut\u00e9 et la profondeur vives des photos pour obtenir un\u00a0effet bokeh\u00a0naturel semblable \u00e0 celui d&#8217;un reflex num\u00e9rique\u00a0. Selfie tonifiant\u00a0clignote, illumine\u00a0le meilleur coup L&#8217;effet d&#8217;\u00e9clairage de qualit\u00e9 studio vous permet [&#8230;]\n","protected":false},"featured_media":4891,"comment_status":"open","ping_status":"closed","template":"","meta":{"jetpack_post_was_ever_published":false,"jetpack_publicize_message":"","jetpack_publicize_feature_enabled":true,"jetpack_social_post_already_shared":true,"jetpack_social_options":{"image_generator_settings":{"template":"highway","default_image_id":0,"font":"","enabled":false},"version":2}},"product_brand":[],"product_cat":[16,17],"product_tag":[39,91,38,47],"class_list":{"0":"post-4890","1":"product","2":"type-product","3":"status-publish","4":"has-post-thumbnail","6":"product_cat-high-tech","7":"product_cat-telephone-tablette","8":"product_tag-bamako","9":"product_tag-huawei-y7-prime","10":"product_tag-mali","11":"product_tag-telephone","13":"first","14":"instock","15":"shipping-taxable","16":"purchasable","17":"product-type-simple"},"ams_default_variation_id":0,"ams_product_points_reward":[],"ams_product_discount_percentage":0,"ams_price_to_display":90000,"aioseo_notices":[],"ams_acf":[],"jetpack_publicize_connections":[],"jetpack_sharing_enabled":true,"jetpack_likes_enabled":true,"_links":{"self":[{"href":"https:\/\/ikasougou.com\/ziaraelectronique\/wp-json\/wp\/v2\/product\/4890","targetHints":{"allow":["GET"]}}],"collection":[{"href":"https:\/\/ikasougou.com\/ziaraelectronique\/wp-json\/wp\/v2\/product"}],"about":[{"href":"https:\/\/ikasougou.com\/ziaraelectronique\/wp-json\/wp\/v2\/types\/product"}],"replies":[{"embeddable":true,"href":"https:\/\/ikasougou.com\/ziaraelectronique\/wp-json\/wp\/v2\/comments?post=4890"}],"wp:featuredmedia":[{"embeddable":true,"href":"https:\/\/ikasougou.com\/ziaraelectronique\/wp-json\/wp\/v2\/media\/4891"}],"wp:attachment":[{"href":"https:\/\/ikasougou.com\/ziaraelectronique\/wp-json\/wp\/v2\/media?parent=4890"}],"wp:term":[{"taxonomy":"product_brand","embeddable":true,"href":"https:\/\/ikasougou.com\/ziaraelectronique\/wp-json\/wp\/v2\/product_brand?post=4890"},{"taxonomy":"product_cat","embeddable":true,"href":"https:\/\/ikasougou.com\/ziaraelectronique\/wp-json\/wp\/v2\/product_cat?post=4890"},{"taxonomy":"product_tag","embeddable":true,"href":"https:\/\/ikasougou.com\/ziaraelectronique\/wp-json\/wp\/v2\/product_tag?post=4890"}],"curies":[{"name":"wp","href":"https:\/\/api.w.org\/{rel}","templated":true}]}}