{"id":4933,"date":"2022-02-24T17:57:05","date_gmt":"2022-02-24T16:57:05","guid":{"rendered":"https:\/\/ikasougou.com\/ziaraelectronique\/?post_type=product&#038;p=4933"},"modified":"2022-02-24T17:59:01","modified_gmt":"2022-02-24T16:59:01","slug":"tecno-tcw-e01d-2-4a-chargez-deux-telephones-en-meme-temps-blanc","status":"publish","type":"product","link":"https:\/\/ikasougou.com\/ziaraelectronique\/produit\/tecno-tcw-e01d-2-4a-chargez-deux-telephones-en-meme-temps-blanc\/","title":{"rendered":"Tecno TCW-E01D 2.4A, chargez deux t\u00e9l\u00e9phones en m\u00eame temps &#8211; Blanc"},"content":{"rendered":"<div class=\"tab-content\">\n<div id=\"tabs-description\" class=\"tab-pane show active\" role=\"tabpanel\">\n<ul>\n<li>Intensit\u00e9 : 2A<\/li>\n<li>Tension d&#8217;entr\u00e9e : CA 100-240 V.<\/li>\n<li>Gamme de fr\u00e9quences : 50Hz-60Hz<\/li>\n<li>Tension de sortie\u00a0: 5\u00a0V \u2013 2,4\u00a0A<\/li>\n<li>Temp\u00e9rature de travail : -10\u00b0C \u2013 50\u00b0C<\/li>\n<li>Couleur blanche<\/li>\n<li>C\u00e2ble de donn\u00e9es\u00a0: 1\u00a0M, 2\u00a0A<\/li>\n<li>1x Micro-USB<\/li>\n<li>2x USB Type-C<\/li>\n<\/ul>\n<\/div>\n<div id=\"tabs-1\" class=\"tab-pane\" role=\"tabpanel\"><\/div>\n<\/div>\n<div style=\"display:flex; gap:10px;justify-content:center\" class=\"wps-pgfw-pdf-generate-icon__wrapper-frontend\">\n\t\t<a  href=\"https:\/\/ikasougou.com\/ziaraelectronique\/wp-json\/wp\/v2\/product\/4933?action=genpdf&amp;id=4933\" class=\"pgfw-single-pdf-download-button\" ><img src=\"https:\/\/ikasougou.com\/ziaraelectronique\/wp-content\/plugins\/pdf-generator-for-wp\/admin\/src\/images\/PDF_Tray.svg\" title=\"G\u00e9n\u00e9rer un PDF\" style=\"width:auto; height:45px;\"><\/a>\n\t\t<\/div>","protected":false},"excerpt":{"rendered":"<ul>\n<li>Intensit\u00e9 : 2A<\/li>\n<li>Tension d&#8217;entr\u00e9e : CA 100-240 V.<\/li>\n<li>Gamme de fr\u00e9quences : 50Hz-60Hz<\/li>\n<li>Tension de sortie\u00a0: 5\u00a0V \u2013 2,4\u00a0A<\/li>\n<li>Temp\u00e9rature de travail : -10\u00b0C \u2013 50\u00b0C<\/li>\n<li>Couleur blanche<\/li>\n<li>C\u00e2ble de donn\u00e9es\u00a0: 1\u00a0M, 2\u00a0A<\/li>\n<li>1x Micro-USB<\/li>\n<li>2x USB Type-C<\/li>\n<\/ul>\n","protected":false},"featured_media":4934,"comment_status":"open","ping_status":"closed","template":"","meta":{"jetpack_post_was_ever_published":false,"jetpack_publicize_message":"","jetpack_publicize_feature_enabled":true,"jetpack_social_post_already_shared":true,"jetpack_social_options":{"image_generator_settings":{"template":"highway","default_image_id":0,"font":"","enabled":false},"version":2}},"product_brand":[],"product_cat":[94,16],"product_tag":[],"class_list":{"0":"post-4933","1":"product","2":"type-product","3":"status-publish","4":"has-post-thumbnail","6":"product_cat-accesoire","7":"product_cat-high-tech","9":"first","10":"instock","11":"shipping-taxable","12":"purchasable","13":"product-type-simple"},"ams_default_variation_id":0,"ams_product_points_reward":[],"ams_product_discount_percentage":0,"ams_price_to_display":10000,"aioseo_notices":[],"ams_acf":[],"jetpack_publicize_connections":[],"jetpack_sharing_enabled":true,"jetpack_likes_enabled":true,"_links":{"self":[{"href":"https:\/\/ikasougou.com\/ziaraelectronique\/wp-json\/wp\/v2\/product\/4933","targetHints":{"allow":["GET"]}}],"collection":[{"href":"https:\/\/ikasougou.com\/ziaraelectronique\/wp-json\/wp\/v2\/product"}],"about":[{"href":"https:\/\/ikasougou.com\/ziaraelectronique\/wp-json\/wp\/v2\/types\/product"}],"replies":[{"embeddable":true,"href":"https:\/\/ikasougou.com\/ziaraelectronique\/wp-json\/wp\/v2\/comments?post=4933"}],"wp:featuredmedia":[{"embeddable":true,"href":"https:\/\/ikasougou.com\/ziaraelectronique\/wp-json\/wp\/v2\/media\/4934"}],"wp:attachment":[{"href":"https:\/\/ikasougou.com\/ziaraelectronique\/wp-json\/wp\/v2\/media?parent=4933"}],"wp:term":[{"taxonomy":"product_brand","embeddable":true,"href":"https:\/\/ikasougou.com\/ziaraelectronique\/wp-json\/wp\/v2\/product_brand?post=4933"},{"taxonomy":"product_cat","embeddable":true,"href":"https:\/\/ikasougou.com\/ziaraelectronique\/wp-json\/wp\/v2\/product_cat?post=4933"},{"taxonomy":"product_tag","embeddable":true,"href":"https:\/\/ikasougou.com\/ziaraelectronique\/wp-json\/wp\/v2\/product_tag?post=4933"}],"curies":[{"name":"wp","href":"https:\/\/api.w.org\/{rel}","templated":true}]}}